{"id":328290,"date":"2023-09-28T09:49:45","date_gmt":"2024-04-08T14:55:17","guid":{"rendered":"https:\/\/www.moskito.cz\/produkt\/pioche-crkt-chogan-2738\/"},"modified":"2025-05-07T11:09:28","modified_gmt":"2025-05-07T10:09:28","slug":"pioche-crkt-chogan-2738","status":"publish","type":"product","link":"https:\/\/www.moskito.cz\/fr\/produkt\/pioche-crkt-chogan-2738\/","title":{"rendered":"Pioche CRKT Chogan 2738"},"content":{"rendered":"<p>Pioche <strong>CRKT<\/strong> Chogan 2738<\/p>\n<p>Cet outil intemporel est pr\u00eat pour de nouvelles aventures.<\/p>\n<p>Des tranch\u00e9es de la Premi\u00e8re Guerre mondiale vient le Chogan\u2122 Mattock, un outil con\u00e7u pour la portabilit\u00e9. Bas\u00e9 sur un outil de creusement commun utilis\u00e9 par l&rsquo;infanterie britannique, la t\u00eate peut \u00eatre retir\u00e9e de la poign\u00e9e pour un rangement compact dans votre v\u00e9hicule, votre sac \u00e0 dos ou votre remise \u00e0 outils. De plus, la m\u00eame poign\u00e9e est compatible avec la t\u00eate tomahawk du Chogan\u2122 T-Hawk, vous donnant la possibilit\u00e9 de contr\u00f4ler deux outils avec une seule poign\u00e9e pour plus de polyvalence ou de redondance.<\/p>\n<p>Robustesse forg\u00e9e&nbsp;: l&rsquo;acier au carbone 1055 offre durabilit\u00e9 et r\u00e9tention des bords<br \/>\nProtection am\u00e9lior\u00e9e&nbsp;: le rev\u00eatement noir am\u00e9liore la r\u00e9sistance \u00e0 la corrosion<\/p>\n<p>D\u00e9tails de la lame&nbsp;:<\/p>\n<p>Lame en acier au carbone 1055<br \/>\nLa lame d&rsquo;une herminette avec une pointe<br \/>\nTraitement de surface de la lame Rev\u00eatement anticorrosion<\/p>\n<p>Longueur de la lame : 5,425 cm<br \/>\n\u00c9paisseur de la lame : 0,214 cm<br \/>\nLongueur totale : 48,26 cm<br \/>\nPoids : 1,05 kg<\/p>\n<p>&nbsp;<\/p>\n","protected":false},"excerpt":{"rendered":"<p><strong>ConcepteurRyan JohnsonChattanooga, Tennessee.<\/strong><\/p>\n<p><strong>Il n\u2019y a jamais de p\u00e9nurie de bois dans le foyer de la maison Johnson. En effet, depuis des ann\u00e9es chez RMJ Tactical, Ryan a construit certains des meilleurs tomahawks personnalis\u00e9s que ce pays ait jamais vu. En appliquant l&rsquo;ing\u00e9nierie moderne \u00e0 des concepts d&rsquo;outils et d&rsquo;armes vieux de plusieurs si\u00e8cles, il a red\u00e9fini le r\u00f4le des tomahawks dans les applications militaires des forces de l&rsquo;ordre et des forces sp\u00e9ciales.<\/strong><\/p>\n<p>&nbsp;<\/p>\n","protected":false},"featured_media":328291,"comment_status":"open","ping_status":"closed","template":"","meta":[],"pwb-brand":[3762],"product_brand":[],"product_cat":[3702],"product_tag":[3754],"class_list":{"0":"post-328290","1":"product","2":"type-product","3":"status-publish","4":"has-post-thumbnail","6":"pwb-brand-crkt-fr","7":"product_cat-haches","8":"product_tag-b2b-fr","10":"first","11":"outofstock","12":"taxable","13":"shipping-taxable","14":"purchasable","15":"product-type-simple"},"brands":[{"id":3762,"name":"CRKT","slug":"crkt-fr"}],"_links":{"self":[{"href":"https:\/\/www.moskito.cz\/fr\/wp-json\/wp\/v2\/product\/328290","targetHints":{"allow":["GET"]}}],"collection":[{"href":"https:\/\/www.moskito.cz\/fr\/wp-json\/wp\/v2\/product"}],"about":[{"href":"https:\/\/www.moskito.cz\/fr\/wp-json\/wp\/v2\/types\/product"}],"replies":[{"embeddable":true,"href":"https:\/\/www.moskito.cz\/fr\/wp-json\/wp\/v2\/comments?post=328290"}],"wp:featuredmedia":[{"embeddable":true,"href":"https:\/\/www.moskito.cz\/fr\/wp-json\/wp\/v2\/media\/328291"}],"wp:attachment":[{"href":"https:\/\/www.moskito.cz\/fr\/wp-json\/wp\/v2\/media?parent=328290"}],"wp:term":[{"taxonomy":"pwb-brand","embeddable":true,"href":"https:\/\/www.moskito.cz\/fr\/wp-json\/wp\/v2\/pwb-brand?post=328290"},{"taxonomy":"product_brand","embeddable":true,"href":"https:\/\/www.moskito.cz\/fr\/wp-json\/wp\/v2\/product_brand?post=328290"},{"taxonomy":"product_cat","embeddable":true,"href":"https:\/\/www.moskito.cz\/fr\/wp-json\/wp\/v2\/product_cat?post=328290"},{"taxonomy":"product_tag","embeddable":true,"href":"https:\/\/www.moskito.cz\/fr\/wp-json\/wp\/v2\/product_tag?post=328290"}],"curies":[{"name":"wp","href":"https:\/\/api.w.org\/{rel}","templated":true}]}}