{"id":328308,"date":"2021-07-29T22:19:39","date_gmt":"2024-04-08T14:59:32","guid":{"rendered":"https:\/\/www.moskito.cz\/produkt\/hache-crkt-woods-kangee-t-hawk\/"},"modified":"2025-05-07T11:09:29","modified_gmt":"2025-05-07T10:09:29","slug":"hache-crkt-woods-kangee-t-hawk","status":"publish","type":"product","link":"https:\/\/www.moskito.cz\/fr\/produkt\/hache-crkt-woods-kangee-t-hawk\/","title":{"rendered":"Hache CRKT WOODS KANGEE \u2122 T-HAWK"},"content":{"rendered":"<p>Hache <strong>CRKT<\/strong> WOODS KANGEE \u2122 T-HAWK.<\/p>\n<p>Con\u00e7u par Ryan Johnson de RMJ Tactical \u00e0 Chattanooga, Tennessee<br \/>\nFaites un bon feu de bois. Bon sang, construis-toi une belle maison en rondins.<\/p>\n<p>Cette hache de camp \u00e0 deux mains avec un manche en hickory, une lame forg\u00e9e et une extr\u00e9mit\u00e9 pointue vous facilitera la vie.<\/p>\n<p>Ryan Johnson de RMJ Tactical \u00e0 Chattanooga, Tennessee a con\u00e7u le Woods Kangee\u2122 T-Hawk. Le sp\u00e9cialiste de l&rsquo;application de l&rsquo;ing\u00e9nierie moderne \u00e0 des concepts d&rsquo;outils et d&rsquo;armes vieux de plusieurs si\u00e8cles monte encore la barre avec une nouvelle gamme de tomahawks pour l&rsquo;ext\u00e9rieur.<br \/>\nAcier au carbone 1055 forg\u00e9 \u00e0 chaud<br \/>\nPoign\u00e9e en hickory du Tennessee<br \/>\nHache avec pointe<\/p>\n<p>CARACT\u00c9RISTIQUES<br \/>\nLongueur de la lame 4,21&Prime; (106,93 mm)<br \/>\nHache \u00e0 lame avec pointe<br \/>\nAcier de lame Acier au carbone 1055<br \/>\nFinition de la lame Vernis transparent<br \/>\n\u00c9paisseur de la lame 0,40 po (10,16 mm)<br \/>\nLongueur totale 19,13&nbsp;po (485,90&nbsp;mm)<br \/>\nPoids 0,90kg<br \/>\nManche en Hickory du Tennessee<br \/>\nStyle Tomahawk<\/p>\n<p><strong>CRKT\u00ae<\/strong> (Columbia River Knife and Tool\u00ae) a \u00e9t\u00e9 fond\u00e9e en 1994. D\u00e8s le premier jour, l\u2019innovation et l\u2019int\u00e9grit\u00e9 ont \u00e9t\u00e9 privil\u00e9gi\u00e9es. Il s&rsquo;engage \u00e0 fabriquer des couteaux et des outils qui inspirent et durent. Il travaille avec les meilleurs designers du monde et travaille sur un principe simple : la meilleure chose qu&rsquo;il puisse donner \u00e0 ses clients est la confiance entre ses mains.<\/p>\n<p><iframe title=\"CRKT Woods T-Hawks Overview | Designer Ryan Johnson of RMJ Tactical\" width=\"800\" height=\"450\" src=\"https:\/\/www.youtube.com\/embed\/ppyvBc0y1ZQ?feature=oembed\" frameborder=\"0\" allow=\"accelerometer; autoplay; clipboard-write; encrypted-media; gyroscope; picture-in-picture; web-share\" referrerpolicy=\"strict-origin-when-cross-origin\" allowfullscreen><\/iframe><\/p>\n<p>&nbsp;<\/p>\n","protected":false},"excerpt":{"rendered":"<p>Hache de camp \u00e0 deux mains.<\/p>\n<h1 class=\"page-title\"><\/h1>\n","protected":false},"featured_media":328309,"comment_status":"open","ping_status":"closed","template":"","meta":[],"pwb-brand":[3762],"product_brand":[],"product_cat":[3702],"product_tag":[3754],"class_list":{"0":"post-328308","1":"product","2":"type-product","3":"status-publish","4":"has-post-thumbnail","6":"pwb-brand-crkt-fr","7":"product_cat-haches","8":"product_tag-b2b-fr","10":"first","11":"instock","12":"taxable","13":"shipping-taxable","14":"purchasable","15":"product-type-simple"},"brands":[{"id":3762,"name":"CRKT","slug":"crkt-fr"}],"_links":{"self":[{"href":"https:\/\/www.moskito.cz\/fr\/wp-json\/wp\/v2\/product\/328308","targetHints":{"allow":["GET"]}}],"collection":[{"href":"https:\/\/www.moskito.cz\/fr\/wp-json\/wp\/v2\/product"}],"about":[{"href":"https:\/\/www.moskito.cz\/fr\/wp-json\/wp\/v2\/types\/product"}],"replies":[{"embeddable":true,"href":"https:\/\/www.moskito.cz\/fr\/wp-json\/wp\/v2\/comments?post=328308"}],"wp:featuredmedia":[{"embeddable":true,"href":"https:\/\/www.moskito.cz\/fr\/wp-json\/wp\/v2\/media\/328309"}],"wp:attachment":[{"href":"https:\/\/www.moskito.cz\/fr\/wp-json\/wp\/v2\/media?parent=328308"}],"wp:term":[{"taxonomy":"pwb-brand","embeddable":true,"href":"https:\/\/www.moskito.cz\/fr\/wp-json\/wp\/v2\/pwb-brand?post=328308"},{"taxonomy":"product_brand","embeddable":true,"href":"https:\/\/www.moskito.cz\/fr\/wp-json\/wp\/v2\/product_brand?post=328308"},{"taxonomy":"product_cat","embeddable":true,"href":"https:\/\/www.moskito.cz\/fr\/wp-json\/wp\/v2\/product_cat?post=328308"},{"taxonomy":"product_tag","embeddable":true,"href":"https:\/\/www.moskito.cz\/fr\/wp-json\/wp\/v2\/product_tag?post=328308"}],"curies":[{"name":"wp","href":"https:\/\/api.w.org\/{rel}","templated":true}]}}