{"id":328335,"date":"2022-04-24T20:19:11","date_gmt":"2024-04-09T08:41:42","guid":{"rendered":"https:\/\/www.moskito.cz\/produkt\/couteau-de-tir-sog-tac-au-compact-tanto\/"},"modified":"2025-05-07T11:09:30","modified_gmt":"2025-05-07T10:09:30","slug":"couteau-de-tir-sog-tac-au-compact-tanto","status":"publish","type":"product","link":"https:\/\/www.moskito.cz\/fr\/produkt\/couteau-de-tir-sog-tac-au-compact-tanto\/","title":{"rendered":"Couteau de tir SOG TAC AU COMPACT TANTO"},"content":{"rendered":"<p>Couteau de tir <strong>SOG<\/strong> TAC AU COMPACT TANTO.<\/p>\n<p>Dot\u00e9 d&rsquo;un manche en aluminium textur\u00e9 et d&rsquo;une lame CRYO D2, le SOG-TAC AU est un couteau pliant \u00e0 ouverture rapide qui passe en action avec l&rsquo;une ou l&rsquo;autre main et reste ouvert avec une puissance de verrouillage exceptionnelle gr\u00e2ce au verrou AU-XR avanc\u00e9 de SOG. Lame de tir de fabrication am\u00e9ricaine, c&rsquo;est une aide musculaire et un outil de secours pour les militaires, les premiers intervenants et les utilisateurs de transporteurs d\u00e9fensifs qui appr\u00e9cieront la fonction fiable de s\u00e9curit\u00e9 \u00e0 double action.<\/p>\n<p>POUR LA S\u00c9CURIT\u00c9 D&rsquo;UNE SEULE TIRATION<br \/>\nVerrouillage de lame innovant qui vous permet de passer du coffre-fort \u00e0 l&rsquo;ouverture en une seule traction, avec SOG Double-action Safety.<\/p>\n<p>ACIER CRYO D2<br \/>\nUn acier \u00e0 outils polyvalent \u00e0 haute teneur en carbone trait\u00e9 thermiquement par cryog\u00e9nie selon les sp\u00e9cifications de performance uniques de SOG. D2 offre la combinaison id\u00e9ale de r\u00e9tention des bords et de durabilit\u00e9 pour une utilisation \u00e0 long terme avec un entretien facile.<\/p>\n<p>POIGN\u00c9ES MICROTEXTUR\u00c9ES<br \/>\nLa poign\u00e9e en aluminium SOG-TAC AU poss\u00e8de une surface usin\u00e9e micro-textur\u00e9e qui offre le bon niveau d&rsquo;adh\u00e9rence \u2013 aux bons endroits \u2013 sans usure de la main ou de la poche.<\/p>\n<p>S\u00c9CURIT\u00c9 \u00c0 DOUBLE ACTION<br \/>\nInt\u00e9gr\u00e9e dans une interface unique, la s\u00e9curit\u00e9 \u00e0 double action emp\u00eache le d\u00e9ploiement accidentel de la lame tout en offrant une ouverture s\u00fbre et coh\u00e9rente \u00e0 la demande.<\/p>\n<p>CONCEPTION AMBIDEXTRE<br \/>\nLe clip de ceinture et le verrou interchangeables de l&rsquo;AU-XR conviennent aussi bien aux gauchers qu&rsquo;aux droitiers.<\/p>\n<p>PARAM\u00c8TRES DU PRODUIT&nbsp;:<\/p>\n<p>La couleur noire<br \/>\nACIER&nbsp;: CRYO D2<br \/>\nPOIDS&nbsp;: 8,8&nbsp;g<br \/>\nLONGUEUR DE LA LAME : 7,5 cm<br \/>\n\u00c9PAISSEUR DE LA LAME&nbsp;: 2,8&nbsp;mm<br \/>\nTAILLE TOTALE : 17,8 cm<br \/>\nMAT\u00c9RIEL DE LA POIGN\u00c9E . AL6061T6<br \/>\nLONGUEUR DE LA POIGN\u00c9E: 10,3 CM<\/p>\n<p><iframe title=\"SOG-TAC AU Automatic Folding Knife\" width=\"800\" height=\"450\" src=\"https:\/\/www.youtube.com\/embed\/QbInOoD89k0?feature=oembed\" frameborder=\"0\" allow=\"accelerometer; autoplay; clipboard-write; encrypted-media; gyroscope; picture-in-picture; web-share\" referrerpolicy=\"strict-origin-when-cross-origin\" allowfullscreen><\/iframe><\/p>\n<p>&nbsp;<\/p>\n","protected":false},"excerpt":{"rendered":"<p>Que vous prot\u00e9giez les autres ou meniez une exp\u00e9dition de chasse \u00e9pique, releviez l&rsquo;un des d\u00e9fis quotidiens de la vie ou affrontiez les conditions les plus extr\u00eames \u00e0 ce jour, faites votre chemin avec <strong>SOG<\/strong> .<\/p>\n<p><strong>Nous offrons une garantie \u00e0 vie sur tous les couteaux SOG&nbsp;!<\/strong><\/p>\n","protected":false},"featured_media":328348,"comment_status":"open","ping_status":"closed","template":"","meta":[],"pwb-brand":[3849],"product_brand":[],"product_cat":[3699,3696],"product_tag":[3754],"class_list":{"0":"post-328335","1":"product","2":"type-product","3":"status-publish","4":"has-post-thumbnail","6":"pwb-brand-sog-fr","7":"product_cat-couteaux-de-tir","8":"product_cat-des-couteaux","9":"product_tag-b2b-fr","11":"first","12":"instock","13":"taxable","14":"shipping-taxable","15":"purchasable","16":"product-type-simple"},"brands":[{"id":3849,"name":"SOG","slug":"sog-fr"}],"_links":{"self":[{"href":"https:\/\/www.moskito.cz\/fr\/wp-json\/wp\/v2\/product\/328335","targetHints":{"allow":["GET"]}}],"collection":[{"href":"https:\/\/www.moskito.cz\/fr\/wp-json\/wp\/v2\/product"}],"about":[{"href":"https:\/\/www.moskito.cz\/fr\/wp-json\/wp\/v2\/types\/product"}],"replies":[{"embeddable":true,"href":"https:\/\/www.moskito.cz\/fr\/wp-json\/wp\/v2\/comments?post=328335"}],"wp:featuredmedia":[{"embeddable":true,"href":"https:\/\/www.moskito.cz\/fr\/wp-json\/wp\/v2\/media\/328348"}],"wp:attachment":[{"href":"https:\/\/www.moskito.cz\/fr\/wp-json\/wp\/v2\/media?parent=328335"}],"wp:term":[{"taxonomy":"pwb-brand","embeddable":true,"href":"https:\/\/www.moskito.cz\/fr\/wp-json\/wp\/v2\/pwb-brand?post=328335"},{"taxonomy":"product_brand","embeddable":true,"href":"https:\/\/www.moskito.cz\/fr\/wp-json\/wp\/v2\/product_brand?post=328335"},{"taxonomy":"product_cat","embeddable":true,"href":"https:\/\/www.moskito.cz\/fr\/wp-json\/wp\/v2\/product_cat?post=328335"},{"taxonomy":"product_tag","embeddable":true,"href":"https:\/\/www.moskito.cz\/fr\/wp-json\/wp\/v2\/product_tag?post=328335"}],"curies":[{"name":"wp","href":"https:\/\/api.w.org\/{rel}","templated":true}]}}