{"id":328410,"date":"2022-04-11T21:36:52","date_gmt":"2024-04-09T13:00:30","guid":{"rendered":"https:\/\/www.moskito.cz\/produkt\/boker-magnum-petit-couteau-pliant-classique-italien-01ll110\/"},"modified":"2025-05-07T11:09:31","modified_gmt":"2025-05-07T10:09:31","slug":"boker-magnum-petit-couteau-pliant-classique-italien-01ll110","status":"publish","type":"product","link":"https:\/\/www.moskito.cz\/fr\/produkt\/boker-magnum-petit-couteau-pliant-classique-italien-01ll110\/","title":{"rendered":"B\u00f6ker Magnum Petit couteau pliant classique italien 01LL110"},"content":{"rendered":"<p><strong>B\u00f6ker<\/strong> Magnum Petit couteau pliant classique italien 01LL110<\/p>\n<p>L&rsquo;inspiration pour le Magnum Italian Classic Small \u00e9tait \u00e9videmment le style italien classique. On dit que les premiers couteaux automatiques de l&rsquo;histoire \u00e9taient particuli\u00e8rement populaires aupr\u00e8s des femmes, car les autres couteaux de poche \u00e9taient difficiles \u00e0 ouvrir avec des ongles bien entretenus. La version plus petite du mod\u00e8le \u00e0 succ\u00e8s est dot\u00e9e d&rsquo;une lame en acier inoxydable 440A poli avec un \u00e9l\u00e9gant ricasso. Il s&rsquo;ouvre avec un flipper \u00e0 ressort et se verrouille de mani\u00e8re fiable avec un linerlock stable. Les m\u00e2choires en acier inoxydable et le manche en palissandre soulignent le caract\u00e8re traditionnel du couteau. Avec clip (pliable\/r).<\/p>\n<p>Type d&rsquo;article : couteau de poche<br \/>\nLongueur totale : 19,30 cm<br \/>\nLongueur de la lame : 8,40 cm<br \/>\n\u00c9paisseur de la lame : 2,90 mm<br \/>\nPoids : 119,00 g<br \/>\nMat\u00e9riau de la lame : 440A<br \/>\nMat\u00e9riau du manche : acier inoxydable, bois de rose<\/p>\n<p>L&rsquo;inspiration pour le Magnum Italian Classic Small \u00e9tait sans aucun doute le stilletto italien classique. On dit que les premiers couteaux automatiques de l&rsquo;histoire \u00e9taient extr\u00eamement populaires, en particulier aupr\u00e8s des femmes, car les autres couteaux de poche aux ongles bien entretenus \u00e9taient difficiles \u00e0 ouvrir. La version plus petite du mod\u00e8le \u00e0 succ\u00e8s est \u00e9quip\u00e9e d&rsquo;une lame polie en acier inoxydable 440A avec un \u00e9l\u00e9gant ricasso. Il est assist\u00e9 par un ressort et verrouill\u00e9 de mani\u00e8re fiable par un linerlock stable. Les mitres en acier inoxydable et les plaquettes de manche en palissandre soulignent le caract\u00e8re traditionnel du couteau. Avec clip (tip-up\/r)<\/p>\n<p>Taper:<br \/>\nCouteau de poche<br \/>\nLongueur totale:<br \/>\n19,30 cm<br \/>\nLongueur de la lame&nbsp;:<br \/>\n8,40cm<br \/>\n\u00c9paisseur de la lame&nbsp;:<br \/>\n2,90 mm<br \/>\nPoids:<br \/>\n119,00g<br \/>\nMat\u00e9riau de la lame&nbsp;:<br \/>\n440A<br \/>\nMat\u00e9riau du manche&nbsp;:<br \/>\nPalissandre, Acier inoxydable<br \/>\nouvreur:<br \/>\nFlipper<br \/>\nOuverture:<br \/>\nRessort assist\u00e9<br \/>\nType de verrouillage:<br \/>\nVerrouillage de ligne<br \/>\nFabriqu\u00e9 en:<br \/>\nAsie<br \/>\nCouleur:<br \/>\nBrun<br \/>\nCouleur de la lame&nbsp;:<br \/>\nNon couch\u00e9<br \/>\nNum\u00e9ro d&rsquo;article:<br \/>\n01LL110<\/p>\n<p>&nbsp;<\/p>\n","protected":false},"excerpt":{"rendered":"<p>Au fil du temps, la fabrique de couteaux <strong>B\u00f6ker<\/strong> est devenue un leader mondial de l&rsquo;innovation et le plus grand fabricant de couteaux de sport, de couteaux tactiques et de couteaux de collection en Europe.<\/p>\n","protected":false},"featured_media":328411,"comment_status":"open","ping_status":"closed","template":"","meta":[],"pwb-brand":[3799],"product_brand":[],"product_cat":[3700,3696],"product_tag":[3754],"class_list":{"0":"post-328410","1":"product","2":"type-product","3":"status-publish","4":"has-post-thumbnail","6":"pwb-brand-boker-fr","7":"product_cat-couteaux-de-fermeture","8":"product_cat-des-couteaux","9":"product_tag-b2b-fr","11":"first","12":"outofstock","13":"taxable","14":"shipping-taxable","15":"purchasable","16":"product-type-simple"},"brands":[{"id":3799,"name":"Boker","slug":"boker-fr"}],"_links":{"self":[{"href":"https:\/\/www.moskito.cz\/fr\/wp-json\/wp\/v2\/product\/328410","targetHints":{"allow":["GET"]}}],"collection":[{"href":"https:\/\/www.moskito.cz\/fr\/wp-json\/wp\/v2\/product"}],"about":[{"href":"https:\/\/www.moskito.cz\/fr\/wp-json\/wp\/v2\/types\/product"}],"replies":[{"embeddable":true,"href":"https:\/\/www.moskito.cz\/fr\/wp-json\/wp\/v2\/comments?post=328410"}],"wp:featuredmedia":[{"embeddable":true,"href":"https:\/\/www.moskito.cz\/fr\/wp-json\/wp\/v2\/media\/328411"}],"wp:attachment":[{"href":"https:\/\/www.moskito.cz\/fr\/wp-json\/wp\/v2\/media?parent=328410"}],"wp:term":[{"taxonomy":"pwb-brand","embeddable":true,"href":"https:\/\/www.moskito.cz\/fr\/wp-json\/wp\/v2\/pwb-brand?post=328410"},{"taxonomy":"product_brand","embeddable":true,"href":"https:\/\/www.moskito.cz\/fr\/wp-json\/wp\/v2\/product_brand?post=328410"},{"taxonomy":"product_cat","embeddable":true,"href":"https:\/\/www.moskito.cz\/fr\/wp-json\/wp\/v2\/product_cat?post=328410"},{"taxonomy":"product_tag","embeddable":true,"href":"https:\/\/www.moskito.cz\/fr\/wp-json\/wp\/v2\/product_tag?post=328410"}],"curies":[{"name":"wp","href":"https:\/\/api.w.org\/{rel}","templated":true}]}}