{"id":328473,"date":"2022-10-04T22:38:24","date_gmt":"2024-04-10T07:32:30","guid":{"rendered":"https:\/\/www.moskito.cz\/produkt\/microtech-petit-etui-tactique\/"},"modified":"2025-05-29T15:31:45","modified_gmt":"2025-05-29T14:31:45","slug":"microtech-petit-etui-tactique","status":"publish","type":"product","link":"https:\/\/www.moskito.cz\/fr\/produkt\/microtech-petit-etui-tactique\/","title":{"rendered":"Microtech PETIT \u00c9TUI TACTIQUE"},"content":{"rendered":"<p>Microtech PETIT \u00c9TUI TACTIQUE.<\/p>\n<p>Dimensions : 11 x 5 cm (mesur\u00e9 avec les sangles non modifi\u00e9es)<\/p>\n<p>Ces \u00e9tuis tactiques l\u00e9gers et portables comportent un logo Microtech brod\u00e9 avec une boucle de ceinture Velcro et une fermeture \u00e0 boucle. Ils sont fabriqu\u00e9s en nylon Cordura durable \u00e0 deux couches avec des coutures doubles renforc\u00e9es tout autour. Ces poches peuvent accueillir diff\u00e9rentes tailles de mat\u00e9riel et peuvent \u00eatre ajust\u00e9es vers le haut ou vers le bas d&rsquo;environ un pouce, tandis que les c\u00f4t\u00e9s s&rsquo;agrandissent pour s&rsquo;adapter \u00e0 diff\u00e9rentes largeurs de couteaux. Ils s&rsquo;attachent \u00e0 une ceinture ou \u00e0 une ceinture \u00e0 l&rsquo;aide d&rsquo;une triple fermeture auto-agrippante r\u00e9glable afin de pouvoir \u00eatre ajout\u00e9s ou retir\u00e9s sans d\u00e9faire la ceinture. De plus, cette boucle peut \u00eatre ouverte et attach\u00e9e \u00e0 d&rsquo;autres \u00e9quipements tactiques avec une large fermeture auto-agrippante.<\/p>\n<p>L&rsquo;\u00e9tui convient aux couteaux Microtech suivants : UTX-70 et Troodon Mini<\/p>\n<p><iframe title=\"Microtech Combat Troodon Torture Test\" width=\"800\" height=\"450\" src=\"https:\/\/www.youtube.com\/embed\/xE9TeOFYEjg?feature=oembed\" frameborder=\"0\" allow=\"accelerometer; autoplay; clipboard-write; encrypted-media; gyroscope; picture-in-picture; web-share\" referrerpolicy=\"strict-origin-when-cross-origin\" allowfullscreen><\/iframe><\/p>\n<p>&nbsp;<\/p>\n<p>&nbsp;<\/p>\n<p>&nbsp;<\/p>\n","protected":false},"excerpt":{"rendered":"<p>Microtech PETIT \u00c9TUI TACTIQUE. Dimensions : 11 x 5 cm (mesur\u00e9 avec les sangles non modifi\u00e9es) Ces \u00e9tuis tactiques l\u00e9gers et portables comportent un logo Microtech brod\u00e9 avec une boucle de ceinture Velcro et une fermeture \u00e0 boucle. Ils sont fabriqu\u00e9s en nylon Cordura durable \u00e0 deux couches avec des coutures doubles renforc\u00e9es tout autour. [&hellip;]<\/p>\n","protected":false},"featured_media":328478,"comment_status":"open","ping_status":"closed","template":"","meta":[],"pwb-brand":[3751],"product_brand":[],"product_cat":[3699,3696],"product_tag":[3754],"class_list":{"0":"post-328473","1":"product","2":"type-product","3":"status-publish","4":"has-post-thumbnail","6":"pwb-brand-microtechnologie","7":"product_cat-couteaux-de-tir","8":"product_cat-des-couteaux","9":"product_tag-b2b-fr","11":"first","12":"instock","13":"taxable","14":"shipping-taxable","15":"purchasable","16":"product-type-simple"},"brands":[{"id":3751,"name":"Microtechnologie","slug":"microtechnologie"}],"_links":{"self":[{"href":"https:\/\/www.moskito.cz\/fr\/wp-json\/wp\/v2\/product\/328473","targetHints":{"allow":["GET"]}}],"collection":[{"href":"https:\/\/www.moskito.cz\/fr\/wp-json\/wp\/v2\/product"}],"about":[{"href":"https:\/\/www.moskito.cz\/fr\/wp-json\/wp\/v2\/types\/product"}],"replies":[{"embeddable":true,"href":"https:\/\/www.moskito.cz\/fr\/wp-json\/wp\/v2\/comments?post=328473"}],"wp:featuredmedia":[{"embeddable":true,"href":"https:\/\/www.moskito.cz\/fr\/wp-json\/wp\/v2\/media\/328478"}],"wp:attachment":[{"href":"https:\/\/www.moskito.cz\/fr\/wp-json\/wp\/v2\/media?parent=328473"}],"wp:term":[{"taxonomy":"pwb-brand","embeddable":true,"href":"https:\/\/www.moskito.cz\/fr\/wp-json\/wp\/v2\/pwb-brand?post=328473"},{"taxonomy":"product_brand","embeddable":true,"href":"https:\/\/www.moskito.cz\/fr\/wp-json\/wp\/v2\/product_brand?post=328473"},{"taxonomy":"product_cat","embeddable":true,"href":"https:\/\/www.moskito.cz\/fr\/wp-json\/wp\/v2\/product_cat?post=328473"},{"taxonomy":"product_tag","embeddable":true,"href":"https:\/\/www.moskito.cz\/fr\/wp-json\/wp\/v2\/product_tag?post=328473"}],"curies":[{"name":"wp","href":"https:\/\/api.w.org\/{rel}","templated":true}]}}