{"id":328542,"date":"2023-04-20T21:42:02","date_gmt":"2024-04-11T14:42:17","guid":{"rendered":"https:\/\/www.moskito.cz\/?post_type=product&#038;p=328542"},"modified":"2025-05-07T11:09:34","modified_gmt":"2025-05-07T10:09:34","slug":"couteau-fixe-crkt-minimalist-spear-point-2396","status":"publish","type":"product","link":"https:\/\/www.moskito.cz\/fr\/produkt\/couteau-fixe-crkt-minimalist-spear-point-2396\/","title":{"rendered":"Couteau Fixe CRKT MINIMALIST SPEAR POINT 2396"},"content":{"rendered":"<p>Couteau Fixe <strong>CRKT<\/strong> MINIMALIST SPEAR POINT 2396<\/p>\n<p>Sp\u00e9cialement con\u00e7u pour tout ce qui doit \u00eatre coup\u00e9.<\/p>\n<p>Ce couteau compact \u00e0 lame fixe est dot\u00e9 d&rsquo;une lance en pierre polyvalente. Mesurant seulement 5,2 pouces au total et pesant 2,1 onces, ce couteau reste fid\u00e8le \u00e0 son nom, vous offrant un couteau minimaliste \u00e0 emporter partout et pr\u00eat \u00e0 tout.<br \/>\nDeux fois plus r\u00e9sistant&nbsp;: bas\u00e9 sur la propre version de X2, le mat\u00e9riau de la lame est deux fois plus r\u00e9sistant<br \/>\nTr\u00e8s durable&nbsp;: la finition Stonewash est durable et vieillit bien<br \/>\nSolide et visuel : Le manche en r\u00e9sine allie solidit\u00e9 et attrait visuel<br \/>\nCompatible avec la transmission&nbsp;: coque thermoplastique durable avec option de montage<br \/>\nOutil compact : l\u00e9ger et facile \u00e0 transporter<\/p>\n<p>CARACT\u00c9RISTIQUES<br \/>\nLongueur de la lame : 5,45 cm<br \/>\nBord de lame uni<br \/>\nLame en acier 8Cr13MoV<br \/>\nFinition de la lame Stonewash<br \/>\n\u00c9paisseur de la lame : 0,36 cm<br \/>\nLongueur totale : 13,17 cm<br \/>\nPoids : 59,53 g<br \/>\nManche en fibre impr\u00e9gn\u00e9e de r\u00e9sine<br \/>\nCouteau \u00e0 lame fixe \u00e9l\u00e9gant avec \u00e9tui<br \/>\nMat\u00e9riau de la coque Thermoplastique<br \/>\nPoids du bo\u00eetier 1,10 oz. (31,18g)<\/p>\n","protected":false},"excerpt":{"rendered":"<p><strong>Con\u00e7u par Alan Folts \u00e0 Melbourne, Floride<\/strong><\/p>\n","protected":false},"featured_media":328543,"comment_status":"open","ping_status":"closed","template":"","meta":[],"pwb-brand":[3762],"product_brand":[],"product_cat":[3697,3696],"product_tag":[3754],"class_list":{"0":"post-328542","1":"product","2":"type-product","3":"status-publish","4":"has-post-thumbnail","6":"pwb-brand-crkt-fr","7":"product_cat-couteaux-solides","8":"product_cat-des-couteaux","9":"product_tag-b2b-fr","11":"first","12":"outofstock","13":"taxable","14":"shipping-taxable","15":"purchasable","16":"product-type-simple"},"brands":[{"id":3762,"name":"CRKT","slug":"crkt-fr"}],"_links":{"self":[{"href":"https:\/\/www.moskito.cz\/fr\/wp-json\/wp\/v2\/product\/328542","targetHints":{"allow":["GET"]}}],"collection":[{"href":"https:\/\/www.moskito.cz\/fr\/wp-json\/wp\/v2\/product"}],"about":[{"href":"https:\/\/www.moskito.cz\/fr\/wp-json\/wp\/v2\/types\/product"}],"replies":[{"embeddable":true,"href":"https:\/\/www.moskito.cz\/fr\/wp-json\/wp\/v2\/comments?post=328542"}],"wp:featuredmedia":[{"embeddable":true,"href":"https:\/\/www.moskito.cz\/fr\/wp-json\/wp\/v2\/media\/328543"}],"wp:attachment":[{"href":"https:\/\/www.moskito.cz\/fr\/wp-json\/wp\/v2\/media?parent=328542"}],"wp:term":[{"taxonomy":"pwb-brand","embeddable":true,"href":"https:\/\/www.moskito.cz\/fr\/wp-json\/wp\/v2\/pwb-brand?post=328542"},{"taxonomy":"product_brand","embeddable":true,"href":"https:\/\/www.moskito.cz\/fr\/wp-json\/wp\/v2\/product_brand?post=328542"},{"taxonomy":"product_cat","embeddable":true,"href":"https:\/\/www.moskito.cz\/fr\/wp-json\/wp\/v2\/product_cat?post=328542"},{"taxonomy":"product_tag","embeddable":true,"href":"https:\/\/www.moskito.cz\/fr\/wp-json\/wp\/v2\/product_tag?post=328542"}],"curies":[{"name":"wp","href":"https:\/\/api.w.org\/{rel}","templated":true}]}}