{"id":328665,"date":"2022-09-07T20:30:14","date_gmt":"2024-04-11T14:49:08","guid":{"rendered":"https:\/\/www.moskito.cz\/produkt\/couteau-de-fermeture-crkt-crossbones-7530\/"},"modified":"2025-05-07T11:09:36","modified_gmt":"2025-05-07T10:09:36","slug":"couteau-de-fermeture-crkt-crossbones-7530","status":"publish","type":"product","link":"https:\/\/www.moskito.cz\/fr\/produkt\/couteau-de-fermeture-crkt-crossbones-7530\/","title":{"rendered":"Couteau de fermeture CRKT CROSSBONES 7530"},"content":{"rendered":"<p>Couteau de fermeture <strong>CRKT<\/strong> CROSSBONES 7530.<\/p>\n<p>Plus fin, plus l\u00e9ger, polyvalent.<\/p>\n<p>Crossbones est un couteau de tous les jours extr\u00eamement polyvalent pour couper la viande, ouvrir les enveloppes et tout le reste. Con\u00e7u sous la direction du ma\u00eetre designer Ken Onion, il r\u00e9pond \u00e0 des normes \u00e9lev\u00e9es tout en refl\u00e9tant un design et une fonctionnalit\u00e9 nouveaux et nouveaux. Les os crois\u00e9s disparaissent pratiquement lorsque vous les mettez dans votre poche, mais ils seront pr\u00eats \u00e0 affronter n&rsquo;importe quelle t\u00e2che.<\/p>\n<p>Crossbones est calqu\u00e9 sur la premi\u00e8re version personnalis\u00e9e du designer Jeff Park de Mililani, Hawa\u00ef. Jeff est le bras droit de Ken Onion depuis plus d&rsquo;une d\u00e9cennie et, apr\u00e8s de nombreuses sollicitations, il a finalement publi\u00e9 son propre design.<\/p>\n<p>La lame fine pr\u00e9sente une \u00e9mouture enti\u00e8rement plate et se d\u00e9ploie rapidement et en douceur gr\u00e2ce au syst\u00e8me de pivotement \u00e0 roulement \u00e0 billes IKBS\u2122. La poign\u00e9e en aluminium bross\u00e9 bicolore, lorsqu&rsquo;elle est ferm\u00e9e, ressemble \u00e0 la forme d&rsquo;un os de chien et donne son nom au Crossbone.<\/p>\n<p>Sans volants, mais fiable et polyvalent, le Crossbone est le meilleur ami de l&rsquo;homme.<\/p>\n<p>CARACT\u00c9RISTIQUES<br \/>\nLongueur de la lame 3,54&nbsp;po (89,81&nbsp;mm)<br \/>\nLame lame Plaine<br \/>\nLame en acier AUS 8<br \/>\nTraitement de surface de la lame Satin<br \/>\n\u00c9paisseur de la lame 0,12 po (3,15 mm)<br \/>\nLongueur totale 8,06&Prime; (204,80 mm)<br \/>\nLongueur ferm\u00e9e 4,50&Prime; (114,38 mm)<br \/>\nPoids 2,40 onces (68,04 g)<br \/>\nManche en aluminium<br \/>\nCouteau pliant de style avec Liner Lock<\/p>\n<p><iframe title=\"CRKT Crossbones Knife | Designer Vision From Jeff Park\" width=\"800\" height=\"450\" src=\"https:\/\/www.youtube.com\/embed\/OED9M2VELFw?feature=oembed\" frameborder=\"0\" allow=\"accelerometer; autoplay; clipboard-write; encrypted-media; gyroscope; picture-in-picture; web-share\" referrerpolicy=\"strict-origin-when-cross-origin\" allowfullscreen><\/iframe><\/p>\n<p>&nbsp;<\/p>\n","protected":false},"excerpt":{"rendered":"<p>Con\u00e7u par Jeff Park \u00e0 Mililani, Hawa\u00ef.<\/p>\n","protected":false},"featured_media":328666,"comment_status":"open","ping_status":"closed","template":"","meta":[],"pwb-brand":[3762],"product_brand":[],"product_cat":[3700,3696],"product_tag":[3754],"class_list":{"0":"post-328665","1":"product","2":"type-product","3":"status-publish","4":"has-post-thumbnail","6":"pwb-brand-crkt-fr","7":"product_cat-couteaux-de-fermeture","8":"product_cat-des-couteaux","9":"product_tag-b2b-fr","11":"first","12":"outofstock","13":"sale","14":"taxable","15":"shipping-taxable","16":"purchasable","17":"product-type-simple"},"brands":[{"id":3762,"name":"CRKT","slug":"crkt-fr"}],"_links":{"self":[{"href":"https:\/\/www.moskito.cz\/fr\/wp-json\/wp\/v2\/product\/328665","targetHints":{"allow":["GET"]}}],"collection":[{"href":"https:\/\/www.moskito.cz\/fr\/wp-json\/wp\/v2\/product"}],"about":[{"href":"https:\/\/www.moskito.cz\/fr\/wp-json\/wp\/v2\/types\/product"}],"replies":[{"embeddable":true,"href":"https:\/\/www.moskito.cz\/fr\/wp-json\/wp\/v2\/comments?post=328665"}],"wp:featuredmedia":[{"embeddable":true,"href":"https:\/\/www.moskito.cz\/fr\/wp-json\/wp\/v2\/media\/328666"}],"wp:attachment":[{"href":"https:\/\/www.moskito.cz\/fr\/wp-json\/wp\/v2\/media?parent=328665"}],"wp:term":[{"taxonomy":"pwb-brand","embeddable":true,"href":"https:\/\/www.moskito.cz\/fr\/wp-json\/wp\/v2\/pwb-brand?post=328665"},{"taxonomy":"product_brand","embeddable":true,"href":"https:\/\/www.moskito.cz\/fr\/wp-json\/wp\/v2\/product_brand?post=328665"},{"taxonomy":"product_cat","embeddable":true,"href":"https:\/\/www.moskito.cz\/fr\/wp-json\/wp\/v2\/product_cat?post=328665"},{"taxonomy":"product_tag","embeddable":true,"href":"https:\/\/www.moskito.cz\/fr\/wp-json\/wp\/v2\/product_tag?post=328665"}],"curies":[{"name":"wp","href":"https:\/\/api.w.org\/{rel}","templated":true}]}}