{"id":328754,"date":"2022-11-19T15:11:25","date_gmt":"2024-04-11T14:59:02","guid":{"rendered":"https:\/\/www.moskito.cz\/produkt\/couteau-de-fermeture-crkt-septimo\/"},"modified":"2025-05-07T11:09:39","modified_gmt":"2025-05-07T10:09:39","slug":"couteau-de-fermeture-crkt-septimo","status":"publish","type":"product","link":"https:\/\/www.moskito.cz\/fr\/produkt\/couteau-de-fermeture-crkt-septimo\/","title":{"rendered":"Couteau de fermeture CRKT SEPTIMO"},"content":{"rendered":"<p>Couteau de fermeture <strong>CRKT<\/strong> SEPTIMO.<\/p>\n<p>Le couteau tactique Septimo\u2122 a \u00e9t\u00e9 con\u00e7u par un b\u00e9ret vert v\u00e9t\u00e9ran pour \u00eatre plus qu&rsquo;un simple couteau : il l&rsquo;a construit sur la base de son exp\u00e9rience et l&rsquo;a construit pour servir de bou\u00e9e de sauvetage. Un Veff Serration\u2122 unique s&rsquo;associe \u00e0 une conception puissante pour fonctionner comme un coupe-sangle, un couteau et un outil de d\u00e9fense personnelle. Servir 14 ans en tant que h\u00e9ros am\u00e9ricain a culmin\u00e9 avec cette grande puissance pr\u00eate \u00e0 se d\u00e9ployer.<br \/>\nExtr\u00eamement tranchant&nbsp;: Veff Serration\u2122 offre d&rsquo;excellentes performances de coupe pour les cordes et les sangles<br \/>\nOuverture rapide : Le flipper \u00e9tend rapidement la lame<br \/>\nProtection am\u00e9lior\u00e9e : le traitement de surface noircissant am\u00e9liore la r\u00e9sistance \u00e0 la corrosion.<\/p>\n<p>CARACT\u00c9RISTIQUES<br \/>\nLongueur de la lame 3,62&Prime; (92,00 mm)<br \/>\nBord de lame Veff Serrations\u2122<br \/>\nLame en acier 8Cr13MoV<br \/>\nTraitement de surface de la lame Kysli\u010dn\u00edk<br \/>\n\u00c9paisseur de la lame 0,13&Prime; (3,23 mm)<br \/>\nLongueur totale 8,19&Prime; (207,98 mm)<br \/>\nLongueur ferm\u00e9e 4,55&Prime; (115,65 mm)<br \/>\nPoids 4,70 onces (133,24 g)<br \/>\nPoign\u00e9e en aluminium avec insert en nylon renforc\u00e9 de verre<br \/>\nCouteau pliant de style avec Liner Lock<\/p>\n<p><iframe title=\"Forged By War: Septimo Knife by Jeremy Valdez\" width=\"800\" height=\"450\" src=\"https:\/\/www.youtube.com\/embed\/azLUGBojVfA?feature=oembed\" frameborder=\"0\" allow=\"accelerometer; autoplay; clipboard-write; encrypted-media; gyroscope; picture-in-picture; web-share\" referrerpolicy=\"strict-origin-when-cross-origin\" allowfullscreen><\/iframe><\/p>\n<p>&nbsp;<\/p>\n<p>&nbsp;<\/p>\n<p>&nbsp;<\/p>\n","protected":false},"excerpt":{"rendered":"<p>Con\u00e7u par Jeremy Valdez \u00e0 Olalla, Washington.<\/p>\n","protected":false},"featured_media":328755,"comment_status":"open","ping_status":"closed","template":"","meta":[],"pwb-brand":[3762],"product_brand":[],"product_cat":[3700,3696],"product_tag":[3754],"class_list":{"0":"post-328754","1":"product","2":"type-product","3":"status-publish","4":"has-post-thumbnail","6":"pwb-brand-crkt-fr","7":"product_cat-couteaux-de-fermeture","8":"product_cat-des-couteaux","9":"product_tag-b2b-fr","11":"first","12":"instock","13":"taxable","14":"shipping-taxable","15":"purchasable","16":"product-type-simple"},"brands":[{"id":3762,"name":"CRKT","slug":"crkt-fr"}],"_links":{"self":[{"href":"https:\/\/www.moskito.cz\/fr\/wp-json\/wp\/v2\/product\/328754","targetHints":{"allow":["GET"]}}],"collection":[{"href":"https:\/\/www.moskito.cz\/fr\/wp-json\/wp\/v2\/product"}],"about":[{"href":"https:\/\/www.moskito.cz\/fr\/wp-json\/wp\/v2\/types\/product"}],"replies":[{"embeddable":true,"href":"https:\/\/www.moskito.cz\/fr\/wp-json\/wp\/v2\/comments?post=328754"}],"wp:featuredmedia":[{"embeddable":true,"href":"https:\/\/www.moskito.cz\/fr\/wp-json\/wp\/v2\/media\/328755"}],"wp:attachment":[{"href":"https:\/\/www.moskito.cz\/fr\/wp-json\/wp\/v2\/media?parent=328754"}],"wp:term":[{"taxonomy":"pwb-brand","embeddable":true,"href":"https:\/\/www.moskito.cz\/fr\/wp-json\/wp\/v2\/pwb-brand?post=328754"},{"taxonomy":"product_brand","embeddable":true,"href":"https:\/\/www.moskito.cz\/fr\/wp-json\/wp\/v2\/product_brand?post=328754"},{"taxonomy":"product_cat","embeddable":true,"href":"https:\/\/www.moskito.cz\/fr\/wp-json\/wp\/v2\/product_cat?post=328754"},{"taxonomy":"product_tag","embeddable":true,"href":"https:\/\/www.moskito.cz\/fr\/wp-json\/wp\/v2\/product_tag?post=328754"}],"curies":[{"name":"wp","href":"https:\/\/api.w.org\/{rel}","templated":true}]}}