{"id":328829,"date":"2023-10-03T14:30:13","date_gmt":"2024-04-11T15:08:15","guid":{"rendered":"https:\/\/www.moskito.cz\/produkt\/couteau-de-fermeture-crkt-dextro-6295\/"},"modified":"2025-05-07T11:09:40","modified_gmt":"2025-05-07T10:09:40","slug":"couteau-de-fermeture-crkt-dextro-6295","status":"publish","type":"product","link":"https:\/\/www.moskito.cz\/fr\/produkt\/couteau-de-fermeture-crkt-dextro-6295\/","title":{"rendered":"Couteau de fermeture CRKT Dextro 6295"},"content":{"rendered":"<p>Couteau de fermeture <strong>CRKT<\/strong> Dextro 6295<\/p>\n<p>Le Dextro presque enti\u00e8rement noir est un v\u00eatement de tous les jours con\u00e7u pour passer inaper\u00e7u, mais un petit accent vert sur le pivot fait allusion \u00e0 quelque chose de sp\u00e9cial sous le capot. Appuyez sur l&rsquo;aileron et la lame \u00e0 pointe inclinable \u00e0 angle agressif glisse en douceur sur les roulements IKBS\u2122, pr\u00eate \u00e0 percer, couper ou trancher tout ce que la journ\u00e9e lui r\u00e9serve.<\/p>\n<p>Performance sup\u00e9rieure&nbsp;: lame en acier D2 pour une r\u00e9tention sup\u00e9rieure de la lame<br \/>\nOuverture en douceur : L&rsquo;axe \u00e0 roulement \u00e0 billes IKBS\u2122 d\u00e9ploie la lame en douceur<br \/>\nOuverture rapide : Flipper d\u00e9plie rapidement la lame<br \/>\nProtection am\u00e9lior\u00e9e&nbsp;: le rev\u00eatement noir am\u00e9liore la r\u00e9sistance \u00e0 la corrosion<br \/>\nSolide et l\u00e9ger : la poign\u00e9e en aluminium allie r\u00e9sistance et poids minimal<br \/>\nFermeture facile : le verrou d&rsquo;insertion peut \u00eatre facilement ferm\u00e9 d&rsquo;une seule main<\/p>\n<p>Lame en acier D2<br \/>\nBord de lame uni<br \/>\nTraitement de surface de la lame en nitrure de titane<\/p>\n<p>Longueur de la lame : 80,85 cm)<\/p>\n<p>\u00c9paisseur de la lame : 0,37 cm<br \/>\nLongueur totale : 19,82 cm<br \/>\nLongueur ferm\u00e9 : 11,70 cm<br \/>\nPoids : 136,08 g<\/p>\n<p>Mat\u00e9riau du manche en aluminium<br \/>\nCouteau pliant \u00e9l\u00e9gant avec Liner Lock<\/p>\n<p>&nbsp;<\/p>\n","protected":false},"excerpt":{"rendered":"<p><strong>ConcepteurT.J. Schwarzboise, Idaho<\/strong><\/p>\n<p><strong>TJ \u00e9tait destin\u00e9 \u00e0 devenir designer automobile. Au lyc\u00e9e, il a d\u00e9couvert son \u00e9trange capacit\u00e9 \u00e0 dessiner des voitures. En fait, il \u00e9tait si dou\u00e9 dans ce domaine qu&rsquo;au moment o\u00f9 il \u00e9tait \u00e0 l&rsquo;universit\u00e9, il acceptait des commandes de propri\u00e9taires de voitures classiques. Alors que sa carri\u00e8re commen\u00e7ait dans le secteur automobile, son bon ami Bill Koenig de Koenig Knives est intervenu et tout a chang\u00e9. Une fois qu\u2019il a eu un avant-go\u00fbt du design des couteaux, il n\u2019a plus jamais regard\u00e9 en arri\u00e8re. Alors quand ils disent \u00ab con\u00e7u pour la performance \u00bb, ils le pensent vraiment.<\/strong><\/p>\n<p>&nbsp;<\/p>\n","protected":false},"featured_media":328830,"comment_status":"open","ping_status":"closed","template":"","meta":[],"pwb-brand":[3762],"product_brand":[],"product_cat":[3700,3696],"product_tag":[3754],"class_list":{"0":"post-328829","1":"product","2":"type-product","3":"status-publish","4":"has-post-thumbnail","6":"pwb-brand-crkt-fr","7":"product_cat-couteaux-de-fermeture","8":"product_cat-des-couteaux","9":"product_tag-b2b-fr","11":"first","12":"instock","13":"sale","14":"taxable","15":"shipping-taxable","16":"purchasable","17":"product-type-simple"},"brands":[{"id":3762,"name":"CRKT","slug":"crkt-fr"}],"_links":{"self":[{"href":"https:\/\/www.moskito.cz\/fr\/wp-json\/wp\/v2\/product\/328829","targetHints":{"allow":["GET"]}}],"collection":[{"href":"https:\/\/www.moskito.cz\/fr\/wp-json\/wp\/v2\/product"}],"about":[{"href":"https:\/\/www.moskito.cz\/fr\/wp-json\/wp\/v2\/types\/product"}],"replies":[{"embeddable":true,"href":"https:\/\/www.moskito.cz\/fr\/wp-json\/wp\/v2\/comments?post=328829"}],"wp:featuredmedia":[{"embeddable":true,"href":"https:\/\/www.moskito.cz\/fr\/wp-json\/wp\/v2\/media\/328830"}],"wp:attachment":[{"href":"https:\/\/www.moskito.cz\/fr\/wp-json\/wp\/v2\/media?parent=328829"}],"wp:term":[{"taxonomy":"pwb-brand","embeddable":true,"href":"https:\/\/www.moskito.cz\/fr\/wp-json\/wp\/v2\/pwb-brand?post=328829"},{"taxonomy":"product_brand","embeddable":true,"href":"https:\/\/www.moskito.cz\/fr\/wp-json\/wp\/v2\/product_brand?post=328829"},{"taxonomy":"product_cat","embeddable":true,"href":"https:\/\/www.moskito.cz\/fr\/wp-json\/wp\/v2\/product_cat?post=328829"},{"taxonomy":"product_tag","embeddable":true,"href":"https:\/\/www.moskito.cz\/fr\/wp-json\/wp\/v2\/product_tag?post=328829"}],"curies":[{"name":"wp","href":"https:\/\/api.w.org\/{rel}","templated":true}]}}