{"id":328908,"date":"2024-04-11T17:52:37","date_gmt":"2024-04-11T16:56:05","guid":{"rendered":"https:\/\/www.moskito.cz\/produkt\/couteau-de-fermeture-crkt-provoke-grivory-4041b\/"},"modified":"2025-05-07T11:09:41","modified_gmt":"2025-05-07T10:09:41","slug":"couteau-de-fermeture-crkt-provoke-grivory-4041b","status":"publish","type":"product","link":"https:\/\/www.moskito.cz\/fr\/produkt\/couteau-de-fermeture-crkt-provoke-grivory-4041b\/","title":{"rendered":"Couteau de fermeture CRKT Provoke Grivory 4041B"},"content":{"rendered":"<p>Couteau de fermeture <strong>CRKT<\/strong> Provoke Grivory 4041B.<\/p>\n<p>Servir. et prot\u00e9ger. Le couteau karambit morphing Provoke\u00ae Blue Metallic s&rsquo;inspire d&rsquo;un design ancien mais cache un secret futuriste. Tout premier couteau dot\u00e9 de la technologie Kinematic\u00ae, il reste soigneusement rang\u00e9 pendant le transport et prend vie en cas de probl\u00e8me. D\u00e9sormais fabriqu\u00e9 \u00e0 partir de Grivory\u00ae \u2013 un thermoplastique technique solide et l\u00e9ger \u2013 il est plus l\u00e9ger et plus agile.<\/p>\n<p>Chez CRKT, ils consid\u00e8rent le designer Joe Caswell comme un savant fou. Lorsqu&rsquo;ils ont vu les croquis de ce qui allait devenir le Provok, con\u00e7u \u00e0 Newbury Park, en Californie, ils ont su qu&rsquo;il \u00e9tait destin\u00e9 \u00e0 devenir l&rsquo;un des designers les plus innovants que le monde du couteau ait jamais connu. Inspir\u00e9e d&rsquo;un karambit traditionnel, la lame noire de style faucon est fabriqu\u00e9e en acier inoxydable de qualit\u00e9 pierre.<\/p>\n<p>Le m\u00e9canisme d&rsquo;ouverture tire le dossier vers le futur, pr\u00eat ou non. La pression du pouce sur la barre sup\u00e9rieure d\u00e9clenche une r\u00e9action en cha\u00eene, provoquant le d\u00e9clenchement de la lame pendant que vous gardez une prise ferme sur la poign\u00e9e. Il est fabriqu\u00e9 en Grivory bleu m\u00e9tallis\u00e9, un thermoplastique ultra-durable et l\u00e9ger pour un transport facile et une transition en douceur vers un usage quotidien. Dans le plus pur style Joe, le clip de poche est \u00e9galement une premi\u00e8re mondiale, \u00e9tant presque enti\u00e8rement align\u00e9 avec la poign\u00e9e et \u00e9galement activ\u00e9 par une l\u00e9g\u00e8re pression du pouce.<\/p>\n<p>Provoke est puissant lorsqu\u2019il est mis en service.<\/p>\n<p>Comment fonctionne la cin\u00e9matique<\/p>\n<p>Poussez votre pouce dans la barre transversale sup\u00e9rieure \u2013 pendant que vos autres doigts saisissent fermement la poign\u00e9e \u2013 et la lame prend vie et s\u2019enclenche. Faites glisser le levier discret \u00e0 la base de la boucle du doigt et la lame se r\u00e9tracte dans sa position ferm\u00e9e.<\/p>\n<p>Une innovation unique : Kinematic\u00ae d\u00e9plie la lame d&rsquo;une simple pression du pouce<br \/>\nAff\u00fbtage facile : La lame en acier inoxydable \u00e0 haute teneur en carbone maintient bien le tranchant<br \/>\nProtection am\u00e9lior\u00e9e : Le stonewash noir est durable et vieillit bien<br \/>\nSimple et durable&nbsp;: la poign\u00e9e moul\u00e9e par injection est r\u00e9sistante aux chocs<br \/>\nProfil bas&nbsp;: le clip de poche assure un transport s\u00e9curis\u00e9<\/p>\n<p>Caract\u00e9ristiques:<br \/>\nLongueur de la lame : 6,2 cm<br \/>\nLongueur ferm\u00e9 : 12,58 cm<br \/>\nLongueur totale : 18,25 cm<br \/>\nMat\u00e9riau de la lame : acier inoxydable 1.4116<br \/>\n\u00c9paisseur de la lame : 0,538 cm<br \/>\nStyle de lame&nbsp;: Hawkbill<br \/>\nAff\u00fbtage de la lame&nbsp;: ciseau<br \/>\nFinition de la lame&nbsp;: Black Stonewash<br \/>\nMat\u00e9riau du manche : Grivory<br \/>\nM\u00e9canisme de verrouillage : cin\u00e9matique<br \/>\nClip de poche&nbsp;: rabattable, \u00e0 porter \u00e0 droite<br \/>\nPoids : 4,70 onces. (133,24g)<br \/>\nConcepteur : Joe Caswell<\/p>\n<p><iframe title=\"CRKT Kinematic | How It Works\" width=\"800\" height=\"450\" src=\"https:\/\/www.youtube.com\/embed\/birKtIe7HRY?feature=oembed\" frameborder=\"0\" allow=\"accelerometer; autoplay; clipboard-write; encrypted-media; gyroscope; picture-in-picture; web-share\" referrerpolicy=\"strict-origin-when-cross-origin\" allowfullscreen><\/iframe><\/p>\n<p>&nbsp;<\/p>\n<p>&nbsp;<\/p>\n","protected":false},"excerpt":{"rendered":"<p><strong>Joe Caswell<\/strong><br \/>\nParc Newbury, Californie<br \/>\nJournaliste moto. Soudeur de mod\u00e8les d&rsquo;\u00e9p\u00e9e Viking. Inventeur. Cr\u00e9ateur de couteaux sur mesure. On peut dire sans se tromper que Joe est taill\u00e9 dans un tissu sp\u00e9cial. Et maintenant, il peut ajouter \u00ab perturbateur de l\u2019industrie \u00bb \u00e0 son CV. Avec la sortie du Kinematic, il continue de consolider sa position parmi les plus grands couteaux du monde. Depuis ses modestes d\u00e9buts dans sa forge artisanale dans le garage de son appartement de location, il s&rsquo;est b\u00e2ti un nom en travaillant dur tard dans la nuit, et nous avons h\u00e2te de voir ce que donnera ensuite sa cr\u00e9ativit\u00e9 inspir\u00e9e.<\/p>\n","protected":false},"featured_media":328855,"comment_status":"open","ping_status":"closed","template":"","meta":[],"pwb-brand":[3762],"product_brand":[],"product_cat":[3700,3696],"product_tag":[3754],"class_list":{"0":"post-328908","1":"product","2":"type-product","3":"status-publish","4":"has-post-thumbnail","6":"pwb-brand-crkt-fr","7":"product_cat-couteaux-de-fermeture","8":"product_cat-des-couteaux","9":"product_tag-b2b-fr","11":"first","12":"instock","13":"sale","14":"taxable","15":"shipping-taxable","16":"purchasable","17":"product-type-simple"},"brands":[{"id":3762,"name":"CRKT","slug":"crkt-fr"}],"_links":{"self":[{"href":"https:\/\/www.moskito.cz\/fr\/wp-json\/wp\/v2\/product\/328908","targetHints":{"allow":["GET"]}}],"collection":[{"href":"https:\/\/www.moskito.cz\/fr\/wp-json\/wp\/v2\/product"}],"about":[{"href":"https:\/\/www.moskito.cz\/fr\/wp-json\/wp\/v2\/types\/product"}],"replies":[{"embeddable":true,"href":"https:\/\/www.moskito.cz\/fr\/wp-json\/wp\/v2\/comments?post=328908"}],"wp:featuredmedia":[{"embeddable":true,"href":"https:\/\/www.moskito.cz\/fr\/wp-json\/wp\/v2\/media\/328855"}],"wp:attachment":[{"href":"https:\/\/www.moskito.cz\/fr\/wp-json\/wp\/v2\/media?parent=328908"}],"wp:term":[{"taxonomy":"pwb-brand","embeddable":true,"href":"https:\/\/www.moskito.cz\/fr\/wp-json\/wp\/v2\/pwb-brand?post=328908"},{"taxonomy":"product_brand","embeddable":true,"href":"https:\/\/www.moskito.cz\/fr\/wp-json\/wp\/v2\/product_brand?post=328908"},{"taxonomy":"product_cat","embeddable":true,"href":"https:\/\/www.moskito.cz\/fr\/wp-json\/wp\/v2\/product_cat?post=328908"},{"taxonomy":"product_tag","embeddable":true,"href":"https:\/\/www.moskito.cz\/fr\/wp-json\/wp\/v2\/product_tag?post=328908"}],"curies":[{"name":"wp","href":"https:\/\/api.w.org\/{rel}","templated":true}]}}