{"id":329028,"date":"2024-04-11T18:57:05","date_gmt":"2024-04-11T18:00:47","guid":{"rendered":"https:\/\/www.moskito.cz\/produkt\/couteau-de-fermeture-crkt-squid-stonewashed-2486\/"},"modified":"2025-05-07T11:09:44","modified_gmt":"2025-05-07T10:09:44","slug":"couteau-de-fermeture-crkt-squid-stonewashed-2486","status":"publish","type":"product","link":"https:\/\/www.moskito.cz\/fr\/produkt\/couteau-de-fermeture-crkt-squid-stonewashed-2486\/","title":{"rendered":"Couteau de fermeture CRKT Squid Stonewashed 2486"},"content":{"rendered":"<p>Couteau de fermeture <strong>CRKT<\/strong> Squid Stonewashed 2486<\/p>\n<p>Con\u00e7u par Lucas Burnley, ce couteau de transport quotidien est de taille compacte mais a du punch dans le d\u00e9partement fonctionnel. Livr\u00e9 avec un verrou de cadre pour plus de s\u00e9curit\u00e9 et une ouverture assist\u00e9e pour un d\u00e9ploiement ultra rapide. Faites attention o\u00f9 vous le pointez.<\/p>\n<p>Le Squid Compact est un couteau pliant \u00e0 transporter au quotidien du designer Lucas Burnley de Bend, Oregon. Bas\u00e9 sur le concept d&rsquo;un pistolet compact, il pr\u00e9sente de petites dimensions et de grandes capacit\u00e9s. Ne vous laissez pas tromper par la lame de 1,75&nbsp;po&nbsp;; il s\u2019agit d\u2019un couteau complet d\u2019inspiration tactique, pr\u00eat \u00e0 relever vos plus grands d\u00e9fis de coupe. Con\u00e7u dans un style \u00e0 point de chute, le Burnley a r\u00e9ussi \u00e0 donner \u00e0 la lame un bon \u00e9quilibre entre la r\u00e9sistance de la pointe et la g\u00e9om\u00e9trie de la pointe pour les t\u00e2ches utilitaires, combinant toutes les caract\u00e9ristiques d&rsquo;une lame tactique pleine grandeur dans un design compact et facile \u00e0 transporter. .<\/p>\n<p>Comme toute bonne arme, vous voulez quelque chose qui assurera votre s\u00e9curit\u00e9. C&rsquo;est pourquoi le Squid Compact est construit avec l&rsquo;innovation d&rsquo;ouverture assist\u00e9e. Faites glisser la lame partiellement ouverte pour activer l&rsquo;ouverture assist\u00e9e, ouvrez-la \u00e0 tr\u00e8s grande vitesse et le verrou du cadre la maintient fermement en place.<\/p>\n<p>Alors n\u2019h\u00e9sitez plus et emportez cette arme avec vous partout o\u00f9 vous allez. N&rsquo;oubliez pas qu&rsquo;il est charg\u00e9.<\/p>\n<p>Comment fonctionne l&rsquo;ouverture assist\u00e9e<\/p>\n<p>Il est maintenu solidement ferm\u00e9 dans la poche, mais lancez le d\u00e9ploiement et la lame s&rsquo;ouvre \u00e0 une vitesse impressionnante pour une ouverture simple et puissante d&rsquo;une seule main dans la partie rotation.<\/p>\n<p>Le Flipper \u00e0 ouverture assist\u00e9e d\u00e9plie rapidement la lame<br \/>\nLa lame en acier inoxydable \u00e0 haute teneur en carbone maintient bien le tranchant<br \/>\nRainures de friction sur la lame pour la pr\u00e9hension<br \/>\nLa poign\u00e9e en G10 et en acier inoxydable r\u00e9sistera \u00e0 une utilisation intensive<br \/>\nLe clip de poche assure un transport s\u00e9curis\u00e9<br \/>\nTrou pour cordon pour porte-cl\u00e9s ou pendentif<\/p>\n<p>Caract\u00e9ristiques:<br \/>\nLongueur de la lame : 4,44 cm<br \/>\nLongueur du manche : 7,44 cm<br \/>\nLongueur totale : 11,8 cm<br \/>\nMat\u00e9riau de la lame : Acier \u00e0 outils D2<br \/>\n\u00c9paisseur de la lame&nbsp;: 0,11&nbsp;po (2,69&nbsp;mm)<br \/>\nStyle de lame&nbsp;:&nbsp;pointe de chute<br \/>\nFinition de la lame&nbsp;: Black Stonewash<br \/>\nMat\u00e9riau du manche : Orange G10 et acier inoxydable<br \/>\nM\u00e9canisme de verrouillage&nbsp;:&nbsp;Frame Lock<br \/>\nClip de poche&nbsp;: rabattable, \u00e0 porter \u00e0 droite<br \/>\nPoids : 2,20 onces. (62,37g)<br \/>\nConcepteur : Lucas Burnley<br \/>\nAssistance Pivot IKBS<\/p>\n<p><iframe title=\"CRKT Squid\u2122 Compact | Lucas Burnley Design\" width=\"800\" height=\"450\" src=\"https:\/\/www.youtube.com\/embed\/vNJRbbbCrik?feature=oembed\" frameborder=\"0\" allow=\"accelerometer; autoplay; clipboard-write; encrypted-media; gyroscope; picture-in-picture; web-share\" referrerpolicy=\"strict-origin-when-cross-origin\" allowfullscreen><\/iframe><\/p>\n<p>&nbsp;<\/p>\n","protected":false},"excerpt":{"rendered":"<p>Lucas Burnley<br \/>\nBend, Oregon<br \/>\nQuand vous demandez \u00e0 Lucas ce qui l&rsquo;a amen\u00e9 dans le monde des couteaux lorsqu&rsquo;il \u00e9tait adolescent, il vous r\u00e9pond que ce sont des histoires de survie, des aventures tout-terrain avec son p\u00e8re et une bonne dose de films d&rsquo;action. Au fil des ann\u00e9es, il a exp\u00e9riment\u00e9 un large \u00e9ventail de styles pour combiner astucieusement des exemples classiques avec des mat\u00e9riaux et des techniques modernes tels que le couteau Obake\u2122. Lucas estime que les couteaux sont une expression personnelle de l&rsquo;ind\u00e9pendance. Nous ne pourrions \u00eatre plus d\u2019accord.<\/p>\n","protected":false},"featured_media":328974,"comment_status":"open","ping_status":"closed","template":"","meta":[],"pwb-brand":[3762],"product_brand":[],"product_cat":[3700,3696],"product_tag":[3754],"class_list":{"0":"post-329028","1":"product","2":"type-product","3":"status-publish","4":"has-post-thumbnail","6":"pwb-brand-crkt-fr","7":"product_cat-couteaux-de-fermeture","8":"product_cat-des-couteaux","9":"product_tag-b2b-fr","11":"first","12":"instock","13":"sale","14":"taxable","15":"shipping-taxable","16":"purchasable","17":"product-type-simple"},"brands":[{"id":3762,"name":"CRKT","slug":"crkt-fr"}],"_links":{"self":[{"href":"https:\/\/www.moskito.cz\/fr\/wp-json\/wp\/v2\/product\/329028","targetHints":{"allow":["GET"]}}],"collection":[{"href":"https:\/\/www.moskito.cz\/fr\/wp-json\/wp\/v2\/product"}],"about":[{"href":"https:\/\/www.moskito.cz\/fr\/wp-json\/wp\/v2\/types\/product"}],"replies":[{"embeddable":true,"href":"https:\/\/www.moskito.cz\/fr\/wp-json\/wp\/v2\/comments?post=329028"}],"wp:featuredmedia":[{"embeddable":true,"href":"https:\/\/www.moskito.cz\/fr\/wp-json\/wp\/v2\/media\/328974"}],"wp:attachment":[{"href":"https:\/\/www.moskito.cz\/fr\/wp-json\/wp\/v2\/media?parent=329028"}],"wp:term":[{"taxonomy":"pwb-brand","embeddable":true,"href":"https:\/\/www.moskito.cz\/fr\/wp-json\/wp\/v2\/pwb-brand?post=329028"},{"taxonomy":"product_brand","embeddable":true,"href":"https:\/\/www.moskito.cz\/fr\/wp-json\/wp\/v2\/product_brand?post=329028"},{"taxonomy":"product_cat","embeddable":true,"href":"https:\/\/www.moskito.cz\/fr\/wp-json\/wp\/v2\/product_cat?post=329028"},{"taxonomy":"product_tag","embeddable":true,"href":"https:\/\/www.moskito.cz\/fr\/wp-json\/wp\/v2\/product_tag?post=329028"}],"curies":[{"name":"wp","href":"https:\/\/api.w.org\/{rel}","templated":true}]}}