{"id":329086,"date":"2024-04-11T19:27:23","date_gmt":"2024-04-11T18:29:32","guid":{"rendered":"https:\/\/www.moskito.cz\/produkt\/couteau-de-fermeture-crkt-squid-compact-stonewashed-2485k\/"},"modified":"2025-05-07T11:09:45","modified_gmt":"2025-05-07T10:09:45","slug":"couteau-de-fermeture-crkt-squid-compact-stonewashed-2485k","status":"publish","type":"product","link":"https:\/\/www.moskito.cz\/fr\/produkt\/couteau-de-fermeture-crkt-squid-compact-stonewashed-2485k\/","title":{"rendered":"Couteau de fermeture CRKT Squid Compact Stonewashed 2485K"},"content":{"rendered":"<h3 class=\"\" data-start=\"130\" data-end=\"189\">\ud83d\udd2a Couteau pliant compact CRKT Squid\u2122 Stonewashed 2485K<\/h3>\n<p class=\"\" data-start=\"190\" data-end=\"360\">Compact, robuste et pr\u00eat \u00e0 tout. Le CRKT Squid Compact est le petit fr\u00e8re du l\u00e9gendaire mod\u00e8le Squid, mais ne vous laissez pas tromper par sa taille : la puissance et la fiabilit\u00e9 restent les m\u00eames. <\/p>\n<hr class=\"\" data-start=\"362\" data-end=\"365\">\n<h3 class=\"\" data-start=\"367\" data-end=\"386\">\u2699\ufe0f Sp\u00e9cifications :<\/h3>\n<ul data-start=\"387\" data-end=\"779\">\n<li class=\"\" data-start=\"387\" data-end=\"416\">\n<p class=\"\" data-start=\"389\" data-end=\"416\"><strong data-start=\"389\" data-end=\"407\">Longueur totale :<\/strong> 11,81 cm<\/p>\n<\/li>\n<li class=\"\" data-start=\"417\" data-end=\"444\">\n<p class=\"\" data-start=\"419\" data-end=\"444\"><strong data-start=\"419\" data-end=\"436\">Longueur de la lame :<\/strong> 4,44 cm<\/p>\n<\/li>\n<li class=\"\" data-start=\"445\" data-end=\"476\">\n<p class=\"\" data-start=\"447\" data-end=\"476\"><strong data-start=\"447\" data-end=\"467\">\u00c9paisseur de la lame :<\/strong> 2,7 mm<\/p>\n<\/li>\n<li class=\"\" data-start=\"477\" data-end=\"499\">\n<p class=\"\" data-start=\"479\" data-end=\"499\"><strong data-start=\"479\" data-end=\"492\">Poids :<\/strong> 82 g<\/p>\n<\/li>\n<li class=\"\" data-start=\"500\" data-end=\"533\">\n<p class=\"\" data-start=\"502\" data-end=\"533\"><strong data-start=\"502\" data-end=\"522\">Mat\u00e9riau de la lame :<\/strong> 8Cr13MoV<\/p>\n<\/li>\n<li class=\"\" data-start=\"534\" data-end=\"566\">\n<p class=\"\" data-start=\"536\" data-end=\"566\"><strong data-start=\"536\" data-end=\"554\">Duret\u00e9 de l&rsquo;acier :<\/strong> 58\u201360 HRC<\/p>\n<\/li>\n<li class=\"\" data-start=\"567\" data-end=\"607\">\n<p class=\"\" data-start=\"569\" data-end=\"607\"><strong data-start=\"569\" data-end=\"591\">Mat\u00e9riau du manche :<\/strong> Acier inoxydable<\/p>\n<\/li>\n<li class=\"\" data-start=\"608\" data-end=\"652\">\n<p class=\"\" data-start=\"610\" data-end=\"652\"><strong data-start=\"610\" data-end=\"638\">Traitement de surface de la lame :<\/strong> Stonewashed<\/p>\n<\/li>\n<li class=\"\" data-start=\"653\" data-end=\"684\">\n<p class=\"\" data-start=\"655\" data-end=\"684\"><strong data-start=\"655\" data-end=\"671\">Forme de la lame :<\/strong> Drop Point<\/p>\n<\/li>\n<li class=\"\" data-start=\"685\" data-end=\"714\">\n<p class=\"\" data-start=\"687\" data-end=\"714\"><strong data-start=\"687\" data-end=\"701\">Ouverture :<\/strong> Bouton de pouce<\/p>\n<\/li>\n<li class=\"\" data-start=\"715\" data-end=\"740\">\n<p class=\"\" data-start=\"717\" data-end=\"740\"><strong data-start=\"717\" data-end=\"727\">Verrouillage :<\/strong> verrouillage du cadre<\/p>\n<\/li>\n<li class=\"\" data-start=\"741\" data-end=\"779\">\n<p class=\"\" data-start=\"743\" data-end=\"779\"><strong data-start=\"743\" data-end=\"752\">Clip :<\/strong> Portage profond, c\u00f4t\u00e9 droit<\/p>\n<\/li>\n<\/ul>\n<hr class=\"\" data-start=\"781\" data-end=\"784\">\n<h3 class=\"\" data-start=\"786\" data-end=\"800\">\ud83d\udc8e Avantages :<\/h3>\n<ul data-start=\"801\" data-end=\"1123\">\n<li class=\"\" data-start=\"801\" data-end=\"838\">\n<p class=\"\" data-start=\"803\" data-end=\"838\">Dimensions compactes id\u00e9ales pour EDC<\/p>\n<\/li>\n<li class=\"\" data-start=\"839\" data-end=\"902\">\n<p class=\"\" data-start=\"841\" data-end=\"902\">Acier 8Cr13MoV de haute qualit\u00e9 \u2013 maintient bien le tranchant, est facile \u00e0 aff\u00fbter<\/p>\n<\/li>\n<li class=\"\" data-start=\"903\" data-end=\"950\">\n<p class=\"\" data-start=\"905\" data-end=\"950\">La surface d\u00e9lav\u00e9e masque les rayures mineures<\/p>\n<\/li>\n<li class=\"\" data-start=\"951\" data-end=\"983\">\n<p class=\"\" data-start=\"953\" data-end=\"983\">Construction enti\u00e8rement m\u00e9tallique durable<\/p>\n<\/li>\n<li class=\"\" data-start=\"984\" data-end=\"1022\">\n<p class=\"\" data-start=\"986\" data-end=\"1022\">Design minimaliste mais fonctionnel<\/p>\n<\/li>\n<li class=\"\" data-start=\"1023\" data-end=\"1074\">\n<p class=\"\" data-start=\"1025\" data-end=\"1074\">Fiable Frame Lock \u2013 verrouillage s\u00e9curis\u00e9 de la lame<\/p>\n<\/li>\n<li class=\"\" data-start=\"1075\" data-end=\"1123\">\n<p class=\"\" data-start=\"1077\" data-end=\"1123\">Clip de transport profond \u2013 le couteau se place discr\u00e8tement dans votre poche<\/p>\n<\/li>\n<\/ul>\n<hr class=\"\" data-start=\"1125\" data-end=\"1128\">\n<h3 class=\"\" data-start=\"1130\" data-end=\"1155\">\ud83e\uddfc Broyage et entretien :<\/h3>\n<ul data-start=\"1156\" data-end=\"1386\">\n<li class=\"\" data-start=\"1156\" data-end=\"1257\">\n<p class=\"\" data-start=\"1158\" data-end=\"1257\"><strong data-start=\"1158\" data-end=\"1171\">Aff\u00fbtage :<\/strong> Il est recommand\u00e9 d&rsquo;aff\u00fbter \u00e0 un angle de 20\u00b0\u201322\u00b0, id\u00e9alement avec un taille-crayon diamant\u00e9 ou c\u00e9ramique.<\/p>\n<\/li>\n<li class=\"\" data-start=\"1258\" data-end=\"1386\">\n<p class=\"\" data-start=\"1260\" data-end=\"1386\"><strong data-start=\"1260\" data-end=\"1271\">Entretien :<\/strong> Nettoyer r\u00e9guli\u00e8rement les pi\u00e8ces d&rsquo;articulation, appliquer une goutte de lubrifiant (ex : Nanoprotech ou Ballistol), stocker dans un endroit sec.<\/p>\n<\/li>\n<\/ul>\n<hr class=\"\" data-start=\"1388\" data-end=\"1391\">\n<h3 data-pm-slice=\"1 1 []\">\u2696\ufe0f Comparaison avec les concurrents :<\/h3>\n<table>\n<tbody>\n<tr>\n<th>Mod\u00e8le<\/th>\n<th>Longueur de la lame<\/th>\n<th>Acier<\/th>\n<th>Ouverture<\/th>\n<th>Verrouillage<\/th>\n<th>Poids<\/th>\n<\/tr>\n<tr>\n<td><strong>CRKT Squid Compact<\/strong><\/td>\n<td>60 mm<\/td>\n<td>8Cr13MoV<\/td>\n<td>Bouton de pouce<\/td>\n<td>Verrouillage du cadre<\/td>\n<td>82 g<\/td>\n<\/tr>\n<tr>\n<td>Ciboulette Kershaw<\/td>\n<td>44 mm<\/td>\n<td>420HC<\/td>\n<td>Flipper<\/td>\n<td>Verrouillage du cadre<\/td>\n<td>50g<\/td>\n<\/tr>\n<tr>\n<td>Boker Plus Subcom<\/td>\n<td>53 mm<\/td>\n<td>AUS-8<\/td>\n<td>Bouton de pouce<\/td>\n<td>Verrouillage du cadre<\/td>\n<td>70g<\/td>\n<\/tr>\n<\/tbody>\n<\/table>\n<p>Le Squid Compact se distingue par sa robustesse dans un format de poche. Il a un design simple mais efficace sans fioritures inutiles \u2013 exactement ce que la plupart des utilisateurs d&rsquo;EDC appr\u00e9cieront. <\/p>\n<div>\n<hr>\n<\/div>\n<h3>\ud83c\udf81 Contenu du colis :<\/h3>\n<ul data-spread=\"false\">\n<li>Couteau CRKT Squid Compact 2485K<\/li>\n<li>Bo\u00eete d&rsquo;origine avec logo CRKT<\/li>\n<li>Instructions d&rsquo;utilisation et d&rsquo;entretien<\/li>\n<\/ul>\n<div>\n<hr>\n<\/div>\n<h3>\u2764\ufe0f Conclusion :<\/h3>\n<p><strong>Parfois, moins c&rsquo;est plus.<\/strong>  Et le CRKT Squid Compact le confirme jusque dans les moindres d\u00e9tails. Lorsque vous avez besoin de quelque chose de petit qui fonctionne comme un grand couteau, optez pour celui-ci. Id\u00e9al pour votre poche, votre sac \u00e0 dos ou comme pi\u00e8ce de secours. Et pourtant, cela ne ressemblera jamais \u00e0 une \u00ab sauvegarde \u00bb.   <\/p>\n<p>\ud83c\udfaf  <strong>Squid Compact \u2013 une pi\u00e8ce indispensable pour votre arsenal EDC. \u00c9tonnamment petit. \u00c9tonnamment capable. Exactement ce dont vous avez besoin.   <\/strong><\/p>\n<div class=\"group pointer-events-none relative flex justify-center *:pointer-events-auto\"><\/div>\n<p>&nbsp;<\/p>\n<p>&nbsp;<\/p>\n<p><iframe title=\"CRKT Squid\u2122 Compact | Lucas Burnley Design\" width=\"800\" height=\"450\" src=\"https:\/\/www.youtube.com\/embed\/jdqlNS6PE4A?feature=oembed\" frameborder=\"0\" allow=\"accelerometer; autoplay; clipboard-write; encrypted-media; gyroscope; picture-in-picture; web-share\" referrerpolicy=\"strict-origin-when-cross-origin\" allowfullscreen><\/iframe><\/p>\n<p>&nbsp;<\/p>\n","protected":false},"excerpt":{"rendered":"<p>\ud83c\udfaf  <strong>Squid Compact \u2013 une pi\u00e8ce indispensable pour votre arsenal EDC. \u00c9tonnamment petit. \u00c9tonnamment capable. Exactement ce dont vous avez besoin.   <\/strong><\/p>\n","protected":false},"featured_media":329033,"comment_status":"open","ping_status":"closed","template":"","meta":[],"pwb-brand":[3762],"product_brand":[],"product_cat":[3700,3696],"product_tag":[3754],"class_list":{"0":"post-329086","1":"product","2":"type-product","3":"status-publish","4":"has-post-thumbnail","6":"pwb-brand-crkt-fr","7":"product_cat-couteaux-de-fermeture","8":"product_cat-des-couteaux","9":"product_tag-b2b-fr","11":"first","12":"instock","13":"sale","14":"taxable","15":"shipping-taxable","16":"purchasable","17":"product-type-simple"},"brands":[{"id":3762,"name":"CRKT","slug":"crkt-fr"}],"_links":{"self":[{"href":"https:\/\/www.moskito.cz\/fr\/wp-json\/wp\/v2\/product\/329086","targetHints":{"allow":["GET"]}}],"collection":[{"href":"https:\/\/www.moskito.cz\/fr\/wp-json\/wp\/v2\/product"}],"about":[{"href":"https:\/\/www.moskito.cz\/fr\/wp-json\/wp\/v2\/types\/product"}],"replies":[{"embeddable":true,"href":"https:\/\/www.moskito.cz\/fr\/wp-json\/wp\/v2\/comments?post=329086"}],"wp:featuredmedia":[{"embeddable":true,"href":"https:\/\/www.moskito.cz\/fr\/wp-json\/wp\/v2\/media\/329033"}],"wp:attachment":[{"href":"https:\/\/www.moskito.cz\/fr\/wp-json\/wp\/v2\/media?parent=329086"}],"wp:term":[{"taxonomy":"pwb-brand","embeddable":true,"href":"https:\/\/www.moskito.cz\/fr\/wp-json\/wp\/v2\/pwb-brand?post=329086"},{"taxonomy":"product_brand","embeddable":true,"href":"https:\/\/www.moskito.cz\/fr\/wp-json\/wp\/v2\/product_brand?post=329086"},{"taxonomy":"product_cat","embeddable":true,"href":"https:\/\/www.moskito.cz\/fr\/wp-json\/wp\/v2\/product_cat?post=329086"},{"taxonomy":"product_tag","embeddable":true,"href":"https:\/\/www.moskito.cz\/fr\/wp-json\/wp\/v2\/product_tag?post=329086"}],"curies":[{"name":"wp","href":"https:\/\/api.w.org\/{rel}","templated":true}]}}