{"id":329140,"date":"2024-04-11T19:44:57","date_gmt":"2024-04-11T18:46:38","guid":{"rendered":"https:\/\/www.moskito.cz\/produkt\/couteau-de-fermeture-crkt-ceo-microflipper-7083\/"},"modified":"2025-05-07T11:09:46","modified_gmt":"2025-05-07T10:09:46","slug":"couteau-de-fermeture-crkt-ceo-microflipper-7083","status":"publish","type":"product","link":"https:\/\/www.moskito.cz\/fr\/produkt\/couteau-de-fermeture-crkt-ceo-microflipper-7083\/","title":{"rendered":"Couteau de fermeture CRKT CEO Microflipper 7083"},"content":{"rendered":"<p>Couteau de fermeture <strong>CRKT<\/strong> CEO Microflipper 7083.<\/p>\n<p><strong>Le CEO<\/strong> Microflipper est un couteau taill\u00e9 pour le succ\u00e8s. \u00c0 premi\u00e8re vue, on pourrait le confondre avec un stylo cach\u00e9 dans une poche de chemise. Et c\u2019est exactement ainsi qu\u2019a \u00e9t\u00e9 con\u00e7u le couteau pliant CEO Microflipper. Avec un profil extr\u00eamement bas et sans coins au d\u00e9triment de la convivialit\u00e9 et de l&rsquo;ergonomie, il incarne l&rsquo;esprit de travail du quotidien. La couleur est fantastique \u2013 le bleu profond fait vraiment ressortir le couteau.<\/p>\n<p>Connu pour ses cr\u00e9ations \u00e9pur\u00e9es, simples et hautement utilisables, Richard Rogers sort un autre couteau impressionnant de son magasin situ\u00e9 dans les collines broussailleuses de Magdalena, au Nouveau-Mexique. Con\u00e7u avec des poches de chemise et un col en V, le CEO Microflipper, mince et discret, est un stylo jusqu&rsquo;\u00e0 ce qu&rsquo;une lettre scell\u00e9e doive \u00eatre ouverte ou qu&rsquo;un costume ait besoin de finitions. Avec des roulements \u00e0 billes graiss\u00e9s dans le pivot pour r\u00e9duire la friction, l&rsquo;IKBS met en mouvement la fine goupille du pouce et \u00e9jecte rapidement la lame en acier inoxydable satin\u00e9e. Un insert de verrouillage le maintient solidement en place entre une poign\u00e9e en aluminium bleu \u00e9l\u00e9gante et l\u00e9g\u00e8re avec des inserts en acier inoxydable et un clip.<\/p>\n<p>CEO Microflipper : mieux associ\u00e9 \u00e0 des p\u00e2tisseries extra fonc\u00e9es et une longue liste de choses \u00e0 faire.<\/p>\n<p>Caract\u00e9ristiques<br \/>\nLongueur de la lame : 5,52 cm<br \/>\nLongueur ferm\u00e9 : 8,12 cm<br \/>\nLongueur totale : 13,7 cm<br \/>\nMat\u00e9riau de la lame : Acier inoxydable Sandvik 12C27<br \/>\nStyle de lame&nbsp;: Pied de mouton<br \/>\nTraitement de surface de la lame : satin\u00e9<br \/>\nMat\u00e9riau de la poign\u00e9e&nbsp;: aluminium bleu textur\u00e9 avec inserts en acier inoxydable<br \/>\nM\u00e9canisme de verrouillage : Liner Lock<br \/>\nClip de poche&nbsp;: transport profond, rabattable vers le bas, transport droite\/gauche<br \/>\nPoids : 1,7 onces.<br \/>\nCr\u00e9ateur : Richard Rogers<\/p>\n<p><iframe title=\"CRKT CEO Microflipper | Richard Rogers Design\" width=\"800\" height=\"450\" src=\"https:\/\/www.youtube.com\/embed\/foLCcQjXDCM?feature=oembed\" frameborder=\"0\" allow=\"accelerometer; autoplay; clipboard-write; encrypted-media; gyroscope; picture-in-picture; web-share\" referrerpolicy=\"strict-origin-when-cross-origin\" allowfullscreen><\/iframe><\/p>\n<p>&nbsp;<\/p>\n","protected":false},"excerpt":{"rendered":"<p>DESIGNER<br \/>\nRichard Rogers<br \/>\nMagdalena, Nouveau Mexique<br \/>\nLes composants simples et pratiques \u00e0 porter au quotidien sont ma passion. Avec chaque design, je me concentre sur ce qu\u2019il peut faire pour faciliter la vie de la personne qui le tient.<\/p>\n","protected":false},"featured_media":329092,"comment_status":"open","ping_status":"closed","template":"","meta":[],"pwb-brand":[3762],"product_brand":[],"product_cat":[3700,3696],"product_tag":[3754],"class_list":{"0":"post-329140","1":"product","2":"type-product","3":"status-publish","4":"has-post-thumbnail","6":"pwb-brand-crkt-fr","7":"product_cat-couteaux-de-fermeture","8":"product_cat-des-couteaux","9":"product_tag-b2b-fr","11":"first","12":"outofstock","13":"taxable","14":"shipping-taxable","15":"purchasable","16":"product-type-simple"},"brands":[{"id":3762,"name":"CRKT","slug":"crkt-fr"}],"_links":{"self":[{"href":"https:\/\/www.moskito.cz\/fr\/wp-json\/wp\/v2\/product\/329140","targetHints":{"allow":["GET"]}}],"collection":[{"href":"https:\/\/www.moskito.cz\/fr\/wp-json\/wp\/v2\/product"}],"about":[{"href":"https:\/\/www.moskito.cz\/fr\/wp-json\/wp\/v2\/types\/product"}],"replies":[{"embeddable":true,"href":"https:\/\/www.moskito.cz\/fr\/wp-json\/wp\/v2\/comments?post=329140"}],"wp:featuredmedia":[{"embeddable":true,"href":"https:\/\/www.moskito.cz\/fr\/wp-json\/wp\/v2\/media\/329092"}],"wp:attachment":[{"href":"https:\/\/www.moskito.cz\/fr\/wp-json\/wp\/v2\/media?parent=329140"}],"wp:term":[{"taxonomy":"pwb-brand","embeddable":true,"href":"https:\/\/www.moskito.cz\/fr\/wp-json\/wp\/v2\/pwb-brand?post=329140"},{"taxonomy":"product_brand","embeddable":true,"href":"https:\/\/www.moskito.cz\/fr\/wp-json\/wp\/v2\/product_brand?post=329140"},{"taxonomy":"product_cat","embeddable":true,"href":"https:\/\/www.moskito.cz\/fr\/wp-json\/wp\/v2\/product_cat?post=329140"},{"taxonomy":"product_tag","embeddable":true,"href":"https:\/\/www.moskito.cz\/fr\/wp-json\/wp\/v2\/product_tag?post=329140"}],"curies":[{"name":"wp","href":"https:\/\/api.w.org\/{rel}","templated":true}]}}