{"id":329199,"date":"2024-04-11T20:00:51","date_gmt":"2024-04-11T19:33:34","guid":{"rendered":"https:\/\/www.moskito.cz\/produkt\/couteau-de-fermeture-crkt-ceo-microflipper-7081\/"},"modified":"2025-05-07T11:09:47","modified_gmt":"2025-05-07T10:09:47","slug":"couteau-de-fermeture-crkt-ceo-microflipper-7081","status":"publish","type":"product","link":"https:\/\/www.moskito.cz\/fr\/produkt\/couteau-de-fermeture-crkt-ceo-microflipper-7081\/","title":{"rendered":"Couteau de fermeture CRKT CEO Microflipper 7081"},"content":{"rendered":"<p>Couteau de fermeture <strong>CRKT<\/strong> CEO Microflipper 7081<\/p>\n<p>La plus petite version de la c\u00e9l\u00e8bre famille de couteaux pliants CEO, le Microflipper, allie style raffin\u00e9 et confort maximal. Il est peut-\u00eatre petit, mais avec un manche en aluminium l\u00e9ger et une lame en acier D2 robuste, c&rsquo;est un concurrent s\u00e9rieux pour n&rsquo;importe quel travail.<\/p>\n<p>Ce petit couteau de poche \u00e9l\u00e9gant est dot\u00e9 d&rsquo;une lame pointue et d&rsquo;un manche en aluminium enti\u00e8rement noir, con\u00e7u pour impressionner au bureau et \u00e0 l&rsquo;ext\u00e9rieur.<\/p>\n<p>Caract\u00e9ristiques:<br \/>\nLongueur de la lame : 6 cm<br \/>\nLongueur ferm\u00e9 : 8,55 cm<br \/>\nLongueur totale : 14,28 cm<br \/>\nMat\u00e9riau de la lame : Acier \u00e0 outils D2<br \/>\nEpaisseur de la lame : 021 cm<br \/>\nStyle de lame&nbsp;:&nbsp;pointe de chute<br \/>\nTraitement de surface de la lame : nitrure de titane noir<br \/>\nMat\u00e9riau de la poign\u00e9e&nbsp;: aluminium textur\u00e9 noir<br \/>\nM\u00e9canisme de verrouillage : Liner Lock<br \/>\nClip de poche&nbsp;: transport profond, rabattable vers le bas, transport droite\/gauche<br \/>\nPoids : 1,70 onces. (48,19g)<br \/>\nCr\u00e9ateur : Richard Rogers<\/p>\n<p><iframe title=\"CRKT CEO Microflipper | Richard Rogers Design\" width=\"800\" height=\"450\" src=\"https:\/\/www.youtube.com\/embed\/pZ2QIeUSL-Q?feature=oembed\" frameborder=\"0\" allow=\"accelerometer; autoplay; clipboard-write; encrypted-media; gyroscope; picture-in-picture; web-share\" referrerpolicy=\"strict-origin-when-cross-origin\" allowfullscreen><\/iframe><\/p>\n<p>&nbsp;<\/p>\n","protected":false},"excerpt":{"rendered":"<p>Richard Rogers<br \/>\nMagdalena, Nouveau Mexique<br \/>\nLes composants simples et pratiques \u00e0 porter au quotidien sont ma passion. Avec chaque design, je me concentre sur ce qu\u2019il peut faire pour faciliter la vie de la personne qui le tient.<\/p>\n","protected":false},"featured_media":333533,"comment_status":"open","ping_status":"closed","template":"","meta":[],"pwb-brand":[3762],"product_brand":[],"product_cat":[3700,3696],"product_tag":[3754],"class_list":{"0":"post-329199","1":"product","2":"type-product","3":"status-publish","4":"has-post-thumbnail","6":"pwb-brand-crkt-fr","7":"product_cat-couteaux-de-fermeture","8":"product_cat-des-couteaux","9":"product_tag-b2b-fr","11":"first","12":"outofstock","13":"taxable","14":"shipping-taxable","15":"purchasable","16":"product-type-simple"},"brands":[{"id":3762,"name":"CRKT","slug":"crkt-fr"}],"_links":{"self":[{"href":"https:\/\/www.moskito.cz\/fr\/wp-json\/wp\/v2\/product\/329199","targetHints":{"allow":["GET"]}}],"collection":[{"href":"https:\/\/www.moskito.cz\/fr\/wp-json\/wp\/v2\/product"}],"about":[{"href":"https:\/\/www.moskito.cz\/fr\/wp-json\/wp\/v2\/types\/product"}],"replies":[{"embeddable":true,"href":"https:\/\/www.moskito.cz\/fr\/wp-json\/wp\/v2\/comments?post=329199"}],"wp:featuredmedia":[{"embeddable":true,"href":"https:\/\/www.moskito.cz\/fr\/wp-json\/wp\/v2\/media\/333533"}],"wp:attachment":[{"href":"https:\/\/www.moskito.cz\/fr\/wp-json\/wp\/v2\/media?parent=329199"}],"wp:term":[{"taxonomy":"pwb-brand","embeddable":true,"href":"https:\/\/www.moskito.cz\/fr\/wp-json\/wp\/v2\/pwb-brand?post=329199"},{"taxonomy":"product_brand","embeddable":true,"href":"https:\/\/www.moskito.cz\/fr\/wp-json\/wp\/v2\/product_brand?post=329199"},{"taxonomy":"product_cat","embeddable":true,"href":"https:\/\/www.moskito.cz\/fr\/wp-json\/wp\/v2\/product_cat?post=329199"},{"taxonomy":"product_tag","embeddable":true,"href":"https:\/\/www.moskito.cz\/fr\/wp-json\/wp\/v2\/product_tag?post=329199"}],"curies":[{"name":"wp","href":"https:\/\/api.w.org\/{rel}","templated":true}]}}