{"id":329341,"date":"2023-03-22T22:11:26","date_gmt":"2023-03-22T21:11:26","guid":{"rendered":"https:\/\/www.moskito.cz\/produkt\/couteau-de-fermeture-crkt-butte-2471-2\/"},"modified":"2025-05-07T11:09:51","modified_gmt":"2025-05-07T10:09:51","slug":"couteau-de-fermeture-crkt-butte-2471-2","status":"publish","type":"product","link":"https:\/\/www.moskito.cz\/fr\/produkt\/couteau-de-fermeture-crkt-butte-2471-2\/","title":{"rendered":"Couteau de fermeture CRKT BUTTE 2471"},"content":{"rendered":"<p>Couteau de fermeture <strong>CRKT<\/strong> BUTTE 2471<\/p>\n<p><strong>Un classique moderne d&rsquo;un designer l\u00e9gendaire.<\/strong><\/p>\n<p>Nomm\u00e9 d&rsquo;apr\u00e8s les collines qui entourent la ville natale du designer Lucas Burnley, Bend, Oregon, le Butte est un couteau pliant qui s&rsquo;inspire du style des couteaux de chasse standards. Burnley le qualifie de \u00ab&nbsp;classique moderne&nbsp;\u00bb et combine un look traditionnel avec les mat\u00e9riaux et caract\u00e9ristiques les plus r\u00e9cents, notamment le Deadbolt\u00ae, le premier couteau de Burnley.<br \/>\nSolide et simple&nbsp;: la serrure Deadbolt\u00ae offre une r\u00e9sistance incroyable et est facile \u00e0 utiliser<br \/>\nOuverture assist\u00e9e : Flipper d\u00e9plie rapidement la lame<br \/>\nOuverture en douceur : L&rsquo;axe \u00e0 roulement \u00e0 billes IKBS\u2122 d\u00e9ploie la lame en douceur<br \/>\nPerformance sup\u00e9rieure&nbsp;: lame en acier D2 pour une r\u00e9tention sup\u00e9rieure de la lame<br \/>\nAdh\u00e9rence exceptionnelle : Le grip G10 offre une adh\u00e9rence dans toutes les conditions<br \/>\nProfil bas&nbsp;: le clip de transport profond se glisse bas dans votre poche<\/p>\n<p>CARACT\u00c9RISTIQUES<br \/>\nLongueur de la lame 8,52 cm<br \/>\nBord de lame uni<br \/>\nLame en acier D2<br \/>\nFinition de la lame Stonewash<br \/>\n\u00c9paisseur de la lame 0,29 cm<br \/>\nLongueur totale 20,16 cm<br \/>\nLongueur ferm\u00e9 11,60 cm<br \/>\nPoids 141,75 g<br \/>\nPoign\u00e9e G10<br \/>\nCouteau pliant \u00e9l\u00e9gant avec serrure Deadbolt\u00ae<\/p>\n<p><iframe title=\"Meet Knifemaker and Designer Lucas Burnley\" width=\"800\" height=\"450\" src=\"https:\/\/www.youtube.com\/embed\/GC8WctypoNo?feature=oembed\" frameborder=\"0\" allow=\"accelerometer; autoplay; clipboard-write; encrypted-media; gyroscope; picture-in-picture; web-share\" referrerpolicy=\"strict-origin-when-cross-origin\" allowfullscreen><\/iframe><\/p>\n<p>&nbsp;<\/p>\n","protected":false},"excerpt":{"rendered":"<pre id=\"tw-target-text\" class=\"tw-data-text tw-text-large tw-ta\" dir=\"ltr\" data-placeholder=\"P\u0159eklad\"><strong><span class=\"Y2IQFc\" lang=\"cs\">Navrhl Lucas Burnley v Bend, Oregon<\/span><\/strong><\/pre>\n","protected":false},"featured_media":329343,"comment_status":"open","ping_status":"closed","template":"","meta":[],"pwb-brand":[3762],"product_brand":[],"product_cat":[3700,3696],"product_tag":[3754],"class_list":{"0":"post-329341","1":"product","2":"type-product","3":"status-publish","4":"has-post-thumbnail","6":"pwb-brand-crkt-fr","7":"product_cat-couteaux-de-fermeture","8":"product_cat-des-couteaux","9":"product_tag-b2b-fr","11":"first","12":"instock","13":"taxable","14":"shipping-taxable","15":"purchasable","16":"product-type-simple"},"brands":[{"id":3762,"name":"CRKT","slug":"crkt-fr"}],"_links":{"self":[{"href":"https:\/\/www.moskito.cz\/fr\/wp-json\/wp\/v2\/product\/329341","targetHints":{"allow":["GET"]}}],"collection":[{"href":"https:\/\/www.moskito.cz\/fr\/wp-json\/wp\/v2\/product"}],"about":[{"href":"https:\/\/www.moskito.cz\/fr\/wp-json\/wp\/v2\/types\/product"}],"replies":[{"embeddable":true,"href":"https:\/\/www.moskito.cz\/fr\/wp-json\/wp\/v2\/comments?post=329341"}],"wp:featuredmedia":[{"embeddable":true,"href":"https:\/\/www.moskito.cz\/fr\/wp-json\/wp\/v2\/media\/329343"}],"wp:attachment":[{"href":"https:\/\/www.moskito.cz\/fr\/wp-json\/wp\/v2\/media?parent=329341"}],"wp:term":[{"taxonomy":"pwb-brand","embeddable":true,"href":"https:\/\/www.moskito.cz\/fr\/wp-json\/wp\/v2\/pwb-brand?post=329341"},{"taxonomy":"product_brand","embeddable":true,"href":"https:\/\/www.moskito.cz\/fr\/wp-json\/wp\/v2\/product_brand?post=329341"},{"taxonomy":"product_cat","embeddable":true,"href":"https:\/\/www.moskito.cz\/fr\/wp-json\/wp\/v2\/product_cat?post=329341"},{"taxonomy":"product_tag","embeddable":true,"href":"https:\/\/www.moskito.cz\/fr\/wp-json\/wp\/v2\/product_tag?post=329341"}],"curies":[{"name":"wp","href":"https:\/\/api.w.org\/{rel}","templated":true}]}}