{"id":329444,"date":"2022-11-19T11:59:46","date_gmt":"2024-04-12T07:25:14","guid":{"rendered":"https:\/\/www.moskito.cz\/produkt\/couteau-de-fermeture-crkt-m16-13zlek\/"},"modified":"2025-05-07T11:09:53","modified_gmt":"2025-05-07T10:09:53","slug":"couteau-de-fermeture-crkt-m16-13zlek","status":"publish","type":"product","link":"https:\/\/www.moskito.cz\/fr\/produkt\/couteau-de-fermeture-crkt-m16-13zlek\/","title":{"rendered":"Couteau de fermeture CRKT M16-13ZLEK"},"content":{"rendered":"<p>Couteau de fermeture <strong>CRKT<\/strong> M16-13ZLEK.<\/p>\n<p>Au cours de la derni\u00e8re d\u00e9cennie, nous avons produit la populaire s\u00e9rie M16\u00ae de Kit Carson dans de nombreuses variantes. Notre version en nylon renforc\u00e9 de verre a constitu\u00e9 la plus grande base d&rsquo;utilisateurs de toutes. Ces couteaux sont con\u00e7us pour la fonction, pas pour la mode, et repr\u00e9sentent des valeurs exceptionnelles.<br \/>\nS\u00e9curit\u00e9 d&rsquo;insertion automatique<br \/>\nEngrenage Triple Point\u2122<br \/>\nCoupe-ceinture de s\u00e9curit\u00e9 en carbure et brise-vitre.<\/p>\n<p>CARACT\u00c9RISTIQUES<br \/>\nLongueur de la lame 3,38&nbsp;po (85,73&nbsp;mm)<br \/>\nBord de lame Triple Point Serrations\u2122<br \/>\nLame en acier AUS 8<br \/>\nTraitement de surface de la lame Nitrure de titane<br \/>\n\u00c9paisseur de la lame 0,12 po (3,00 mm)<br \/>\nLongueur totale 8,25&Prime; (209,55 mm)<br \/>\nLongueur ferm\u00e9e 4,88&Prime; (123,83 mm)<br \/>\nPoids 3,70 onces. (104,89g)<br \/>\nPoign\u00e9e en nylon renforc\u00e9 de verre<br \/>\nCouteau pliant de style avec Liner Lock<\/p>\n<p><iframe title=\"CRKT M16-14ZLEK Knife Designed by Kit Carson\" width=\"800\" height=\"450\" src=\"https:\/\/www.youtube.com\/embed\/fG33eU9Egpc?feature=oembed\" frameborder=\"0\" allow=\"accelerometer; autoplay; clipboard-write; encrypted-media; gyroscope; picture-in-picture; web-share\" referrerpolicy=\"strict-origin-when-cross-origin\" allowfullscreen><\/iframe><\/p>\n<p>&nbsp;<\/p>\n<p>&nbsp;<\/p>\n","protected":false},"excerpt":{"rendered":"<p>Con\u00e7u par Kit Carson \u00e0 Vine Grove, Kentucky.<\/p>\n","protected":false},"featured_media":329445,"comment_status":"open","ping_status":"closed","template":"","meta":[],"pwb-brand":[3762],"product_brand":[],"product_cat":[3700,3696],"product_tag":[3754],"class_list":{"0":"post-329444","1":"product","2":"type-product","3":"status-publish","4":"has-post-thumbnail","6":"pwb-brand-crkt-fr","7":"product_cat-couteaux-de-fermeture","8":"product_cat-des-couteaux","9":"product_tag-b2b-fr","11":"first","12":"outofstock","13":"taxable","14":"shipping-taxable","15":"purchasable","16":"product-type-simple"},"brands":[{"id":3762,"name":"CRKT","slug":"crkt-fr"}],"_links":{"self":[{"href":"https:\/\/www.moskito.cz\/fr\/wp-json\/wp\/v2\/product\/329444","targetHints":{"allow":["GET"]}}],"collection":[{"href":"https:\/\/www.moskito.cz\/fr\/wp-json\/wp\/v2\/product"}],"about":[{"href":"https:\/\/www.moskito.cz\/fr\/wp-json\/wp\/v2\/types\/product"}],"replies":[{"embeddable":true,"href":"https:\/\/www.moskito.cz\/fr\/wp-json\/wp\/v2\/comments?post=329444"}],"wp:featuredmedia":[{"embeddable":true,"href":"https:\/\/www.moskito.cz\/fr\/wp-json\/wp\/v2\/media\/329445"}],"wp:attachment":[{"href":"https:\/\/www.moskito.cz\/fr\/wp-json\/wp\/v2\/media?parent=329444"}],"wp:term":[{"taxonomy":"pwb-brand","embeddable":true,"href":"https:\/\/www.moskito.cz\/fr\/wp-json\/wp\/v2\/pwb-brand?post=329444"},{"taxonomy":"product_brand","embeddable":true,"href":"https:\/\/www.moskito.cz\/fr\/wp-json\/wp\/v2\/product_brand?post=329444"},{"taxonomy":"product_cat","embeddable":true,"href":"https:\/\/www.moskito.cz\/fr\/wp-json\/wp\/v2\/product_cat?post=329444"},{"taxonomy":"product_tag","embeddable":true,"href":"https:\/\/www.moskito.cz\/fr\/wp-json\/wp\/v2\/product_tag?post=329444"}],"curies":[{"name":"wp","href":"https:\/\/api.w.org\/{rel}","templated":true}]}}