{"id":329464,"date":"2023-12-12T22:00:01","date_gmt":"2024-04-12T07:29:05","guid":{"rendered":"https:\/\/www.moskito.cz\/produkt\/couteau-pliant-columbia-river-crkt-mj-lerch-definitive-stonewashed-3820\/"},"modified":"2025-05-07T11:09:56","modified_gmt":"2025-05-07T10:09:56","slug":"couteau-pliant-columbia-river-crkt-mj-lerch-definitive-stonewashed-3820","status":"publish","type":"product","link":"https:\/\/www.moskito.cz\/fr\/produkt\/couteau-pliant-columbia-river-crkt-mj-lerch-definitive-stonewashed-3820\/","title":{"rendered":"Couteau pliant Columbia River CRKT MJ Lerch Definitive Stonewashed 3820"},"content":{"rendered":"<p>Couteau pliant Columbia River <strong>CRKT<\/strong> MJ Lerch Definitive Stonewashed 3820<\/p>\n<p>D\u00e9finitive pour un usage quotidien. Fabriqu\u00e9 aux \u00c9tats-Unis par le designer MJ Lerch, ce couteau pliant est l&rsquo;un des premiers couteaux <strong>CRKT<\/strong> \u00e0 disposer d&rsquo;un Crossbar Lock. Rapide, fluide et enti\u00e8rement ambidextre, la Crossbar est facile \u00e0 utiliser et tr\u00e8s conviviale. Mais ce n\u2019est pas la seule caract\u00e9ristique remarquable de ce couteau de poche haut de gamme.<\/p>\n<p>Le Definitive adopte une approche moins c&rsquo;est plus, distill\u00e9e jusqu&rsquo;\u00e0 l&rsquo;essentiel pour une exp\u00e9rience sans fioritures. Fabriqu\u00e9 \u00e0 partir de mat\u00e9riaux haut de gamme, il \u00e9quilibre son apparence \u00e9l\u00e9gante et sobre avec une durabilit\u00e9 extr\u00eame. La lame \u00e0 pointe tombante utilise de l&rsquo;acier de 154 cm pour offrir une r\u00e9sistance et une r\u00e9tention des bords exceptionnelles. Et la poign\u00e9e noire G10 offre une prise solide par tous les temps.<\/p>\n<p>Avec un clip de poche profond et un poids total de seulement 3 onces, le Definitive reposera confortablement et discr\u00e8tement dans votre poche. Non pas que vous vouliez le laisser l\u00e0 longtemps.<\/p>\n<p>Fonction<br \/>\nLame en acier de 154CM pour une excellente tenue de la lame<br \/>\nLa goupille de pouce permet une ouverture rapide d&rsquo;une seule main<br \/>\nLa poign\u00e9e G10 offre une adh\u00e9rence exceptionnelle dans toutes les conditions<br \/>\nLe verrou \u00e0 barre transversale peut \u00eatre facilement ferm\u00e9 avec la main droite ou gauche<br \/>\nUn clip de transport profond se glisse profond\u00e9ment dans votre poche<br \/>\nFabriqu\u00e9 aux \u00c9tats-Unis<br \/>\nCaract\u00e9ristiques<br \/>\nLongueur de la lame : 9,39 cm<br \/>\nLongueur du manche : 12,48 cm<br \/>\nLongueur totale : 21,90 cm<br \/>\nMat\u00e9riau de la lame : acier inoxydable 154 cm.<br \/>\n\u00c9paisseur de la lame&nbsp;: 0,125&nbsp;po (3,18&nbsp;mm)<br \/>\nStyle de lame&nbsp;:&nbsp;pointe de chute<br \/>\nTraitement de surface de la lame : Stonewash<br \/>\nMat\u00e9riau du manche : G10 noir<br \/>\nMat\u00e9riau de l&rsquo;insert&nbsp;: Acier inoxydable<br \/>\nM\u00e9canisme de verrouillage&nbsp;: Verrouillage crois\u00e9<br \/>\nClip de poche&nbsp;: rabattable, \u00e0 porter \u00e0 droite<br \/>\nPoids : 3,00 onces. (85,05g)<br \/>\nConcepteur : MJ Lerch<br \/>\nFabriqu\u00e9 aux \u00c9tats-Unis par Hogue Knives<\/p>\n","protected":false},"excerpt":{"rendered":"<p><strong>CONCEPTEUR : MJ Lerch<\/strong><br \/>\n<strong>Sussex, Wisconsin<\/strong><br \/>\n<strong>Alors qu&rsquo;elle travaillait aux c\u00f4t\u00e9s de son mari, tailleur, l&rsquo;amour du design ne pouvait pas emp\u00eacher MJ. Heureusement, elle re\u00e7oit de nombreux encouragements pour poursuivre ses int\u00e9r\u00eats de la part de nombreuses personnes de la communaut\u00e9 des couteaux. Apr\u00e8s avoir dirig\u00e9 sa propre entreprise, elle conna\u00eet bien l&rsquo;atelier d&rsquo;usinage et utilise d\u00e9sormais des outils pour ses propres cr\u00e9ations, comme le couteau CRKT\u00ae Synergist\u2122.  <\/strong><\/p>\n<p><strong>Transports gratuits.<\/strong><\/p>\n","protected":false},"featured_media":329465,"comment_status":"open","ping_status":"closed","template":"","meta":[],"pwb-brand":[3762],"product_brand":[],"product_cat":[3700,3696],"product_tag":[3754],"class_list":{"0":"post-329464","1":"product","2":"type-product","3":"status-publish","4":"has-post-thumbnail","6":"pwb-brand-crkt-fr","7":"product_cat-couteaux-de-fermeture","8":"product_cat-des-couteaux","9":"product_tag-b2b-fr","11":"first","12":"instock","13":"taxable","14":"shipping-taxable","15":"purchasable","16":"product-type-simple"},"brands":[{"id":3762,"name":"CRKT","slug":"crkt-fr"}],"_links":{"self":[{"href":"https:\/\/www.moskito.cz\/fr\/wp-json\/wp\/v2\/product\/329464","targetHints":{"allow":["GET"]}}],"collection":[{"href":"https:\/\/www.moskito.cz\/fr\/wp-json\/wp\/v2\/product"}],"about":[{"href":"https:\/\/www.moskito.cz\/fr\/wp-json\/wp\/v2\/types\/product"}],"replies":[{"embeddable":true,"href":"https:\/\/www.moskito.cz\/fr\/wp-json\/wp\/v2\/comments?post=329464"}],"wp:featuredmedia":[{"embeddable":true,"href":"https:\/\/www.moskito.cz\/fr\/wp-json\/wp\/v2\/media\/329465"}],"wp:attachment":[{"href":"https:\/\/www.moskito.cz\/fr\/wp-json\/wp\/v2\/media?parent=329464"}],"wp:term":[{"taxonomy":"pwb-brand","embeddable":true,"href":"https:\/\/www.moskito.cz\/fr\/wp-json\/wp\/v2\/pwb-brand?post=329464"},{"taxonomy":"product_brand","embeddable":true,"href":"https:\/\/www.moskito.cz\/fr\/wp-json\/wp\/v2\/product_brand?post=329464"},{"taxonomy":"product_cat","embeddable":true,"href":"https:\/\/www.moskito.cz\/fr\/wp-json\/wp\/v2\/product_cat?post=329464"},{"taxonomy":"product_tag","embeddable":true,"href":"https:\/\/www.moskito.cz\/fr\/wp-json\/wp\/v2\/product_tag?post=329464"}],"curies":[{"name":"wp","href":"https:\/\/api.w.org\/{rel}","templated":true}]}}