{"id":329587,"date":"2021-07-29T20:03:41","date_gmt":"2024-04-12T07:45:20","guid":{"rendered":"https:\/\/www.moskito.cz\/produkt\/couteau-de-fermeture-crkt-m16-03bk\/"},"modified":"2025-05-07T11:09:59","modified_gmt":"2025-05-07T10:09:59","slug":"couteau-de-fermeture-crkt-m16-03bk","status":"publish","type":"product","link":"https:\/\/www.moskito.cz\/fr\/produkt\/couteau-de-fermeture-crkt-m16-03bk\/","title":{"rendered":"Couteau de fermeture CRKT M16-03BK"},"content":{"rendered":"<p>Couteau de fermeture <strong>CRKT<\/strong> M16-03BK.<\/p>\n<p>Con\u00e7u par Kit Carson \u00e0 Vine Grove, Kentucky<br \/>\nLe M16\u00ae est la s\u00e9rie la plus populaire jamais produite par CRKT\u00ae. Au fil des ann\u00e9es, nous avons rendu hommage au regrett\u00e9 et v\u00e9n\u00e9r\u00e9 Kit Carson en pr\u00e9servant son h\u00e9ritage avec de nouvelles it\u00e9rations. En pr\u00e9sentant le M16\u00ae garni de nitrure de bronze et de titane, nous poussons le couteau pliant tactique dans le domaine du transport quotidien.<br \/>\nOuverture rapide : l&rsquo;aileron d\u00e9ploie la pale rapidement<br \/>\nPerformance sup\u00e9rieure&nbsp;: lame en acier Sandvik 12C27 \u2122 pour une excellente r\u00e9tention des bords<br \/>\nDurabilit\u00e9 maximale : La poign\u00e9e en acier inoxydable r\u00e9siste \u00e0 un usage intensif<br \/>\nForce brute&nbsp;: le verrou du cadre utilise une barre de verrouillage solide pour s\u00e9curiser la lame<br \/>\nProfil bas&nbsp;: l&rsquo;option de clip r\u00e9versible assure un transport s\u00e9curis\u00e9<\/p>\n<p>CARACT\u00c9RISTIQUES<br \/>\nLongueur de la lame 3,55&nbsp;po (90,22&nbsp;mm)<br \/>\nBord de lame simple<br \/>\nLame acier 12C27 Sandvik<br \/>\nCompl\u00e9ter la lame Oxyg\u00e8ne<br \/>\n\u00c9paisseur de la lame 3,00 mm<br \/>\nLongueur totale 8,25&Prime; (209,55 mm)<br \/>\nLongueur ferm\u00e9e 4,66 po (118,31 mm)<br \/>\nPoids 3,80 onces. (107,73g)<br \/>\nPoign\u00e9e 2Cr13 SS<br \/>\nCouteau pliant Style avec verrouillage du cadre<\/p>\n<p><strong>CRKT\u00ae<\/strong> (Columbia River Knife and Tool\u00ae) a \u00e9t\u00e9 fond\u00e9e en 1994. D\u00e8s le premier jour, l\u2019innovation et l\u2019int\u00e9grit\u00e9 ont \u00e9t\u00e9 privil\u00e9gi\u00e9es. Il s&rsquo;engage \u00e0 fabriquer des couteaux et des outils qui inspirent et durent. Il travaille avec les meilleurs designers du monde et travaille sur un principe simple : la meilleure chose qu&rsquo;il puisse donner \u00e0 ses clients est la confiance entre ses mains.<\/p>\n","protected":false},"excerpt":{"rendered":"<p>Con\u00e7u par Kit Carson \u00e0 Vine Grove, Kentucky.<\/p>\n","protected":false},"featured_media":329588,"comment_status":"open","ping_status":"closed","template":"","meta":[],"pwb-brand":[3762],"product_brand":[],"product_cat":[3700,3696],"product_tag":[3754],"class_list":{"0":"post-329587","1":"product","2":"type-product","3":"status-publish","4":"has-post-thumbnail","6":"pwb-brand-crkt-fr","7":"product_cat-couteaux-de-fermeture","8":"product_cat-des-couteaux","9":"product_tag-b2b-fr","11":"first","12":"outofstock","13":"taxable","14":"shipping-taxable","15":"purchasable","16":"product-type-simple"},"brands":[{"id":3762,"name":"CRKT","slug":"crkt-fr"}],"_links":{"self":[{"href":"https:\/\/www.moskito.cz\/fr\/wp-json\/wp\/v2\/product\/329587","targetHints":{"allow":["GET"]}}],"collection":[{"href":"https:\/\/www.moskito.cz\/fr\/wp-json\/wp\/v2\/product"}],"about":[{"href":"https:\/\/www.moskito.cz\/fr\/wp-json\/wp\/v2\/types\/product"}],"replies":[{"embeddable":true,"href":"https:\/\/www.moskito.cz\/fr\/wp-json\/wp\/v2\/comments?post=329587"}],"wp:featuredmedia":[{"embeddable":true,"href":"https:\/\/www.moskito.cz\/fr\/wp-json\/wp\/v2\/media\/329588"}],"wp:attachment":[{"href":"https:\/\/www.moskito.cz\/fr\/wp-json\/wp\/v2\/media?parent=329587"}],"wp:term":[{"taxonomy":"pwb-brand","embeddable":true,"href":"https:\/\/www.moskito.cz\/fr\/wp-json\/wp\/v2\/pwb-brand?post=329587"},{"taxonomy":"product_brand","embeddable":true,"href":"https:\/\/www.moskito.cz\/fr\/wp-json\/wp\/v2\/product_brand?post=329587"},{"taxonomy":"product_cat","embeddable":true,"href":"https:\/\/www.moskito.cz\/fr\/wp-json\/wp\/v2\/product_cat?post=329587"},{"taxonomy":"product_tag","embeddable":true,"href":"https:\/\/www.moskito.cz\/fr\/wp-json\/wp\/v2\/product_tag?post=329587"}],"curies":[{"name":"wp","href":"https:\/\/api.w.org\/{rel}","templated":true}]}}