{"id":329656,"date":"2022-09-08T22:28:26","date_gmt":"2024-04-12T07:51:49","guid":{"rendered":"https:\/\/www.moskito.cz\/produkt\/couteau-de-fermeture-crkt-ripsnort-ii-7271\/"},"modified":"2025-05-07T11:10:01","modified_gmt":"2025-05-07T10:10:01","slug":"couteau-de-fermeture-crkt-ripsnort-ii-7271","status":"publish","type":"product","link":"https:\/\/www.moskito.cz\/fr\/produkt\/couteau-de-fermeture-crkt-ripsnort-ii-7271\/","title":{"rendered":"Couteau de fermeture CRKT RIPSNORT II 7271"},"content":{"rendered":"<p>Couteau de fermeture <strong>CRKT<\/strong> RIPSNORT II 7271.<\/p>\n<p>Ripsnort\u2122 est de retour.<\/p>\n<p>Suivant les traces du Ripsnort\u2122 original, le designer Philip Booth pr\u00e9sente le prochain chapitre avec le Ripsnort\u2122 II. La lame de type couperet est l\u00e9g\u00e8rement plus grande que l&rsquo;originale, mais reste fine comme un rasoir et pr\u00eate \u00e0 une utilisation intensive. Rivalisant avec les performances de l&rsquo;original, le Ripsnort\u2122 II continue d&rsquo;\u00eatre un favori des fans avec plus de puissance dans un design de couteau pliant. Il ne sera pas difficile de faire bonne impression avec le Ripsnort\u2122 II : ce couteau pliant \u00e0 profil bas excelle par son style et sa fonctionnalit\u00e9.<br \/>\nOuverture en douceur : L&rsquo;axe \u00e0 roulement \u00e0 billes IKBS\u2122 d\u00e9ploie la lame en douceur<br \/>\nAff\u00fbtage facile : la lame en acier inoxydable \u00e0 haute teneur en carbone s&rsquo;aff\u00fbte bien<br \/>\nOuverture facile : le pouce permet une ouverture rapide d&rsquo;une seule main<br \/>\nSolide et l\u00e9ger : la poign\u00e9e en nylon renforc\u00e9 de verre est durable et l\u00e9g\u00e8re<br \/>\nFermeture facile : le Liner Lock se ferme facilement d&rsquo;une seule main<br \/>\nProfil bas : le clip de transport profond se glisse profond\u00e9ment dans votre poche.<\/p>\n<p>CARACT\u00c9RISTIQUES<br \/>\nLongueur de la lame 3,48&Prime; (88,49 mm)<br \/>\nLame lame Plaine<br \/>\nLame en acier 8Cr13MoV<br \/>\nTraitement de surface de la lame Satin<br \/>\n\u00c9paisseur de la lame 0,13&Prime; (3,23 mm)<br \/>\nLongueur totale 8,28&Prime; (210,34 mm)<br \/>\nLongueur ferm\u00e9e 4,81&Prime; (122,22 mm)<br \/>\nPoids 6,20 onces (175,77 g)<br \/>\nManche en nylon renforc\u00e9 de verre avec insert en acier inoxydable<br \/>\nCouteau pliant de style avec Liner Lock<\/p>\n","protected":false},"excerpt":{"rendered":"<p>Con\u00e7u par Philip Booth \u00e0 Ithaca, Michigan.<\/p>\n","protected":false},"featured_media":329657,"comment_status":"open","ping_status":"closed","template":"","meta":[],"pwb-brand":[3762],"product_brand":[],"product_cat":[3700,3696],"product_tag":[3754],"class_list":{"0":"post-329656","1":"product","2":"type-product","3":"status-publish","4":"has-post-thumbnail","6":"pwb-brand-crkt-fr","7":"product_cat-couteaux-de-fermeture","8":"product_cat-des-couteaux","9":"product_tag-b2b-fr","11":"first","12":"outofstock","13":"taxable","14":"shipping-taxable","15":"purchasable","16":"product-type-simple"},"brands":[{"id":3762,"name":"CRKT","slug":"crkt-fr"}],"_links":{"self":[{"href":"https:\/\/www.moskito.cz\/fr\/wp-json\/wp\/v2\/product\/329656","targetHints":{"allow":["GET"]}}],"collection":[{"href":"https:\/\/www.moskito.cz\/fr\/wp-json\/wp\/v2\/product"}],"about":[{"href":"https:\/\/www.moskito.cz\/fr\/wp-json\/wp\/v2\/types\/product"}],"replies":[{"embeddable":true,"href":"https:\/\/www.moskito.cz\/fr\/wp-json\/wp\/v2\/comments?post=329656"}],"wp:featuredmedia":[{"embeddable":true,"href":"https:\/\/www.moskito.cz\/fr\/wp-json\/wp\/v2\/media\/329657"}],"wp:attachment":[{"href":"https:\/\/www.moskito.cz\/fr\/wp-json\/wp\/v2\/media?parent=329656"}],"wp:term":[{"taxonomy":"pwb-brand","embeddable":true,"href":"https:\/\/www.moskito.cz\/fr\/wp-json\/wp\/v2\/pwb-brand?post=329656"},{"taxonomy":"product_brand","embeddable":true,"href":"https:\/\/www.moskito.cz\/fr\/wp-json\/wp\/v2\/product_brand?post=329656"},{"taxonomy":"product_cat","embeddable":true,"href":"https:\/\/www.moskito.cz\/fr\/wp-json\/wp\/v2\/product_cat?post=329656"},{"taxonomy":"product_tag","embeddable":true,"href":"https:\/\/www.moskito.cz\/fr\/wp-json\/wp\/v2\/product_tag?post=329656"}],"curies":[{"name":"wp","href":"https:\/\/api.w.org\/{rel}","templated":true}]}}