{"id":329796,"date":"2023-04-20T18:40:38","date_gmt":"2024-04-12T07:59:03","guid":{"rendered":"https:\/\/www.moskito.cz\/produkt\/hache-crkt-skeggox-2917\/"},"modified":"2025-05-07T11:10:03","modified_gmt":"2025-05-07T10:10:03","slug":"hache-crkt-skeggox-2917","status":"publish","type":"product","link":"https:\/\/www.moskito.cz\/fr\/produkt\/hache-crkt-skeggox-2917\/","title":{"rendered":"Hache CRKT SKEGGOX 2917"},"content":{"rendered":"<p>Hache <strong>CRKT<\/strong> SKEGGOX 2917<\/p>\n<p>Ma\u00eetrisez le plein air avec cette hache passe-partout et faites tout.<\/p>\n<p>Skeggox, du nom de son anc\u00eatre nordique du 1er si\u00e8cle. si\u00e8cle, est une hache barbue compacte con\u00e7ue pour r\u00e9sister \u00e0 l\u2019\u00e9preuve du temps. Con\u00e7ue par James Williams, cette incarnation moderne utilise une soie pleine pour une r\u00e9sistance exceptionnelle et de l&rsquo;acier au carbone SK-5 pour une r\u00e9tention sup\u00e9rieure des bords. Allez-y, rendez les Vikings jaloux.<br \/>\nAcier haute performance : l&rsquo;acier au carbone SK-5 maintient bien la lame<br \/>\nProtection am\u00e9lior\u00e9e&nbsp;: le rev\u00eatement en poudre am\u00e9liore la r\u00e9sistance \u00e0 la corrosion<br \/>\nSolide et l\u00e9ger&nbsp;: la poign\u00e9e en nylon renforc\u00e9 de verre est durable et l\u00e9g\u00e8re<br \/>\nPrise en main s\u00e9curis\u00e9e&nbsp;: poign\u00e9e profil\u00e9e pour un contr\u00f4le exceptionnel<br \/>\nCompatible avec les \u00e9quipements&nbsp;: coque thermoplastique durable avec options de montage de clip Molle compatibles<\/p>\n<p>CARACT\u00c9RISTIQUES<br \/>\nLongueur de la lame : 12,26 cm<br \/>\nLame en acier SK-5<br \/>\nTraitement de surface du rev\u00eatement en poudre de la lame<br \/>\n\u00c9paisseur de la lame : 0,63 cm<br \/>\nLongueur totale : 32,8 cm<br \/>\nPoids : 0,74kg<br \/>\nPoign\u00e9e en nylon renforc\u00e9 de verre<br \/>\nStyle hache<br \/>\nMat\u00e9riau de la coque Thermoplastique<br \/>\nPoids du bo\u00eetier : 155,92 g<\/p>\n","protected":false},"excerpt":{"rendered":"<p><strong>Con\u00e7u par James Williams \u00e0 Vass, Caroline du Nord.<\/strong><\/p>\n","protected":false},"featured_media":329797,"comment_status":"open","ping_status":"closed","template":"","meta":[],"pwb-brand":[3762],"product_brand":[],"product_cat":[3702],"product_tag":[3754],"class_list":{"0":"post-329796","1":"product","2":"type-product","3":"status-publish","4":"has-post-thumbnail","6":"pwb-brand-crkt-fr","7":"product_cat-haches","8":"product_tag-b2b-fr","10":"first","11":"outofstock","12":"sale","13":"taxable","14":"shipping-taxable","15":"purchasable","16":"product-type-simple"},"brands":[{"id":3762,"name":"CRKT","slug":"crkt-fr"}],"_links":{"self":[{"href":"https:\/\/www.moskito.cz\/fr\/wp-json\/wp\/v2\/product\/329796","targetHints":{"allow":["GET"]}}],"collection":[{"href":"https:\/\/www.moskito.cz\/fr\/wp-json\/wp\/v2\/product"}],"about":[{"href":"https:\/\/www.moskito.cz\/fr\/wp-json\/wp\/v2\/types\/product"}],"replies":[{"embeddable":true,"href":"https:\/\/www.moskito.cz\/fr\/wp-json\/wp\/v2\/comments?post=329796"}],"wp:featuredmedia":[{"embeddable":true,"href":"https:\/\/www.moskito.cz\/fr\/wp-json\/wp\/v2\/media\/329797"}],"wp:attachment":[{"href":"https:\/\/www.moskito.cz\/fr\/wp-json\/wp\/v2\/media?parent=329796"}],"wp:term":[{"taxonomy":"pwb-brand","embeddable":true,"href":"https:\/\/www.moskito.cz\/fr\/wp-json\/wp\/v2\/pwb-brand?post=329796"},{"taxonomy":"product_brand","embeddable":true,"href":"https:\/\/www.moskito.cz\/fr\/wp-json\/wp\/v2\/product_brand?post=329796"},{"taxonomy":"product_cat","embeddable":true,"href":"https:\/\/www.moskito.cz\/fr\/wp-json\/wp\/v2\/product_cat?post=329796"},{"taxonomy":"product_tag","embeddable":true,"href":"https:\/\/www.moskito.cz\/fr\/wp-json\/wp\/v2\/product_tag?post=329796"}],"curies":[{"name":"wp","href":"https:\/\/api.w.org\/{rel}","templated":true}]}}