{"id":329854,"date":"2023-04-20T22:21:14","date_gmt":"2023-04-20T21:21:14","guid":{"rendered":"https:\/\/www.moskito.cz\/produkt\/couteau-fixe-crkt-du-hoc-2630\/"},"modified":"2025-05-07T11:10:04","modified_gmt":"2025-05-07T10:10:04","slug":"couteau-fixe-crkt-du-hoc-2630","status":"publish","type":"product","link":"https:\/\/www.moskito.cz\/fr\/produkt\/couteau-fixe-crkt-du-hoc-2630\/","title":{"rendered":"Couteau Fixe CRKT DU HOC 2630"},"content":{"rendered":"<p>Couteau Fixe <strong>CRKT<\/strong> DU HOC 2630<\/p>\n<p>Construit sur l&rsquo;h\u00e9ritage d&rsquo;un h\u00e9ros am\u00e9ricain.<\/p>\n<p>Ce n&rsquo;est qu&rsquo;un demi-si\u00e8cle apr\u00e8s son service que le designer de Forged by War\u00ae, Austin McGlaun, a appris que son d\u00e9funt oncle avait remport\u00e9 la Silver Star \u00e0 Point Du Hoc. Pour honorer son service, il a con\u00e7u ce colossal couteau karambit \u00e0 lame fixe. Avec l&rsquo;aide de Ryan Johnson de RMJ Tactical, il a \u00e9t\u00e9 perfectionn\u00e9 pour devenir un accroche-regard inspir\u00e9 de la mission, depuis la pointe de la lame incurv\u00e9e jusqu&rsquo;\u00e0 l&rsquo;anneau pour le pouce au bout du manche.<br \/>\nAcier haute performance : l&rsquo;acier au carbone SK5 maintient bien la lame<br \/>\nAdh\u00e9rence exceptionnelle : La poign\u00e9e G10 offre une adh\u00e9rence exceptionnelle dans toutes les conditions<br \/>\nCompatible avec la transmission : bo\u00eetier thermoplastique durable avec options de montage<\/p>\n<p>CARACT\u00c9RISTIQUES<br \/>\nLongueur de la lame : 12,94 cm<br \/>\nBord de lame uni<br \/>\nLame en acier SK-5<br \/>\nTraitement de surface du rev\u00eatement en poudre de la lame<br \/>\n\u00c9paisseur de la lame : 0,51 cm<br \/>\nLongueur totale : 24,44 cm<br \/>\nPoids : 263,65 g<br \/>\nPoign\u00e9e G10<br \/>\nCouteau \u00e0 lame fixe \u00e9l\u00e9gant avec \u00e9tui<br \/>\nMat\u00e9riau de la coque Thermoplastique<br \/>\nPoids du bo\u00eetier : 53,86 g<\/p>\n","protected":false},"excerpt":{"rendered":"<p><strong>Con\u00e7u par Austin McGlaun \u00e0 Columbus, G\u00e9orgie<\/strong><\/p>\n","protected":false},"featured_media":329855,"comment_status":"open","ping_status":"closed","template":"","meta":[],"pwb-brand":[3762],"product_brand":[],"product_cat":[3697,3696],"product_tag":[3754],"class_list":{"0":"post-329854","1":"product","2":"type-product","3":"status-publish","4":"has-post-thumbnail","6":"pwb-brand-crkt-fr","7":"product_cat-couteaux-solides","8":"product_cat-des-couteaux","9":"product_tag-b2b-fr","11":"first","12":"instock","13":"taxable","14":"shipping-taxable","15":"purchasable","16":"product-type-simple"},"brands":[{"id":3762,"name":"CRKT","slug":"crkt-fr"}],"_links":{"self":[{"href":"https:\/\/www.moskito.cz\/fr\/wp-json\/wp\/v2\/product\/329854","targetHints":{"allow":["GET"]}}],"collection":[{"href":"https:\/\/www.moskito.cz\/fr\/wp-json\/wp\/v2\/product"}],"about":[{"href":"https:\/\/www.moskito.cz\/fr\/wp-json\/wp\/v2\/types\/product"}],"replies":[{"embeddable":true,"href":"https:\/\/www.moskito.cz\/fr\/wp-json\/wp\/v2\/comments?post=329854"}],"wp:featuredmedia":[{"embeddable":true,"href":"https:\/\/www.moskito.cz\/fr\/wp-json\/wp\/v2\/media\/329855"}],"wp:attachment":[{"href":"https:\/\/www.moskito.cz\/fr\/wp-json\/wp\/v2\/media?parent=329854"}],"wp:term":[{"taxonomy":"pwb-brand","embeddable":true,"href":"https:\/\/www.moskito.cz\/fr\/wp-json\/wp\/v2\/pwb-brand?post=329854"},{"taxonomy":"product_brand","embeddable":true,"href":"https:\/\/www.moskito.cz\/fr\/wp-json\/wp\/v2\/product_brand?post=329854"},{"taxonomy":"product_cat","embeddable":true,"href":"https:\/\/www.moskito.cz\/fr\/wp-json\/wp\/v2\/product_cat?post=329854"},{"taxonomy":"product_tag","embeddable":true,"href":"https:\/\/www.moskito.cz\/fr\/wp-json\/wp\/v2\/product_tag?post=329854"}],"curies":[{"name":"wp","href":"https:\/\/api.w.org\/{rel}","templated":true}]}}