{"id":329911,"date":"2022-08-21T11:22:38","date_gmt":"2024-04-12T08:18:01","guid":{"rendered":"https:\/\/www.moskito.cz\/produkt\/couteau-de-fermeture-crkt-m16-14d\/"},"modified":"2025-05-07T11:10:05","modified_gmt":"2025-05-07T10:10:05","slug":"couteau-de-fermeture-crkt-m16-14d","status":"publish","type":"product","link":"https:\/\/www.moskito.cz\/fr\/produkt\/couteau-de-fermeture-crkt-m16-14d\/","title":{"rendered":"Couteau de fermeture CRKT M16-14D"},"content":{"rendered":"<div class=\"flex-1 overflow-hidden @container\/thread\">\n<div class=\"h-full\">\n<div class=\"react-scroll-to-bottom--css-vxybp-79elbk h-full\">\n<div class=\"react-scroll-to-bottom--css-vxybp-1n7m0yu\">\n<div class=\"flex flex-col text-sm md:pb-9\">\n<article class=\"w-full scroll-mb-[var(--thread-trailing-height,150px)] text-token-text-primary focus-visible:outline-2 focus-visible:outline-offset-[-4px]\" dir=\"auto\" data-testid=\"conversation-turn-273\" data-scroll-anchor=\"true\">\n<div class=\"m-auto text-base py-[18px] px-3 md:px-4 w-full md:px-5 lg:px-4 xl:px-5\">\n<div class=\"mx-auto flex flex-1 gap-4 text-base md:gap-5 lg:gap-6 md:max-w-3xl\">\n<div class=\"group\/conversation-turn relative flex w-full min-w-0 flex-col agent-turn\">\n<div class=\"flex-col gap-1 md:gap-3\">\n<div class=\"flex max-w-full flex-col flex-grow\">\n<div class=\"min-h-8 text-message flex w-full flex-col items-end gap-2 whitespace-normal break-words text-start [.text-message+&amp;]:mt-5\" dir=\"auto\" data-message-author-role=\"assistant\" data-message-id=\"ff6a6718-2244-42f4-a97c-2d920d9114b0\" data-message-model-slug=\"gpt-4o-mini\">\n<div class=\"flex w-full flex-col gap-1 empty:hidden first:pt-[3px]\">\n<div class=\"markdown prose w-full break-words dark:prose-invert light\">\n<p><strong>Couteau de fermeture CRKT M16-14D<\/strong><\/p>\n<p><strong>Le CRKT M16-14D<\/strong> est un couteau pliant robuste et fiable con\u00e7u sp\u00e9cifiquement pour une utilisation militaire et tactique dans des conditions extr\u00eames telles que les r\u00e9gions d\u00e9sertiques du Moyen-Orient et de l&rsquo;Afghanistan. Ce mod\u00e8le de la s\u00e9rie Carson Desert Tactical est adapt\u00e9 aux environnements exigeants o\u00f9 des outils r\u00e9sistants aux conditions difficiles et \u00e0 une utilisation intensive sont requis. <\/p>\n<h3><strong>Principales caract\u00e9ristiques et sp\u00e9cifications :<\/strong><\/h3>\n<ol>\n<li><strong>Longueur de la lame<\/strong> : 3,99&Prime; (101,35 mm)\n<ul>\n<li>Cette longueur de lame offre l&rsquo;\u00e9quilibre id\u00e9al entre puissance et compacit\u00e9, ce qui la rend id\u00e9ale pour toute t\u00e2che n\u00e9cessitant un couteau solide mais facile \u00e0 manipuler.<\/li>\n<\/ul>\n<\/li>\n<li><strong>Bord de la lame<\/strong> : <strong>Triple Point\u2122 Serrations\u2122<\/strong>\n<ul>\n<li>Triple Point\u2122 est une dentelure innovante qui offre d&rsquo;excellentes capacit\u00e9s de coupe pour une vari\u00e9t\u00e9 de mat\u00e9riaux tels que les cordes, les tissus, la toile et d&rsquo;autres mat\u00e9riaux fibreux. Cette conception garantit que le couteau peut facilement g\u00e9rer des t\u00e2ches de coupe exigeantes. <\/li>\n<\/ul>\n<\/li>\n<li><strong>Mat\u00e9riau de la lame<\/strong> : <strong>acier AUS 8<\/strong>\n<ul>\n<li>L&rsquo;acier AUS 8 est un acier inoxydable de qualit\u00e9 qui offre un excellent \u00e9quilibre entre durabilit\u00e9, aff\u00fbtage facile et long\u00e9vit\u00e9. La teneur \u00e9lev\u00e9e en carbone garantit que la lame conserve son tranchant m\u00eame en cas d&rsquo;utilisation intensive. <\/li>\n<\/ul>\n<\/li>\n<li><strong>Traitement de surface de la lame<\/strong> : <strong>Nitrure de titane<\/strong>\n<ul>\n<li>La finition en nitrure de titane conf\u00e8re \u00e0 la lame une excellente r\u00e9sistance \u00e0 la corrosion et \u00e0 l&rsquo;usure, ce qui la rend id\u00e9ale pour une utilisation dans des environnements difficiles tels que des conditions sablonneuses et humides o\u00f9 la protection contre la corrosion est essentielle.<\/li>\n<\/ul>\n<\/li>\n<li><strong>\u00c9paisseur de la lame<\/strong> : 0,14&Prime; (3,56 mm)\n<ul>\n<li>L&rsquo;\u00e9paisseur de la lame offre r\u00e9sistance et stabilit\u00e9 pendant le travail, permettant une manipulation ais\u00e9e de divers mat\u00e9riaux, mais en m\u00eame temps n&rsquo;augmente pas trop le poids du couteau.<\/li>\n<\/ul>\n<\/li>\n<li><strong>Longueur totale<\/strong> : 9,25&Prime; (234,95 mm)\n<ul>\n<li>Avec une longueur totale de 9,25 pouces, ce couteau est suffisamment grand pour toutes les t\u00e2ches, mais toujours suffisamment compact pour \u00eatre transport\u00e9 et utilis\u00e9 au quotidien.<\/li>\n<\/ul>\n<\/li>\n<li><strong>Longueur ferm\u00e9e<\/strong> : 5,38&Prime; (136,53 mm)\n<ul>\n<li>La longueur compacte ferm\u00e9e garantit que le couteau est facilement transportable et se glisse confortablement dans une poche ou sur une ceinture.<\/li>\n<\/ul>\n<\/li>\n<li><strong>Poids<\/strong> : 5,30 oz (150,25 g)\n<ul>\n<li>Pesant 5,3 onces, le couteau est suffisamment robuste pour les t\u00e2ches difficiles, mais suffisamment l\u00e9ger pour un transport confortable et une manipulation facile.<\/li>\n<\/ul>\n<\/li>\n<li><strong>Manche<\/strong> : <strong>Aluminium<\/strong>\n<ul>\n<li>La poign\u00e9e en aluminium est durable et l\u00e9g\u00e8re, assurant une prise ferme et confortable m\u00eame lors d&rsquo;une utilisation prolong\u00e9e. La construction en aluminium offre une excellente r\u00e9sistance sans ajouter de poids excessif. <\/li>\n<\/ul>\n<\/li>\n<li><strong>Style de couteau<\/strong> : <strong>Couteau pliant avec Liner lock<\/strong>\n<ul>\n<li>Le couteau est \u00e9quip\u00e9 d&rsquo;un m\u00e9canisme de verrouillage de ligne, qui est un verrou s\u00e9curis\u00e9 qui s\u00e9curise la lame en position ouverte et emp\u00eache la fermeture accidentelle pendant l&rsquo;utilisation.<\/li>\n<\/ul>\n<\/li>\n<\/ol>\n<h3><strong>Caract\u00e9ristiques et avantages sp\u00e9ciaux :<\/strong><\/h3>\n<ol>\n<li><strong>Insertion de s\u00e9curit\u00e9 automatique<\/strong> :\n<ul>\n<li>Le couteau est \u00e9quip\u00e9 d&rsquo;un insert de s\u00e9curit\u00e9 automatique qui offre un niveau de protection suppl\u00e9mentaire contre la fermeture accidentelle de la lame pendant l&rsquo;utilisation. Ce m\u00e9canisme de s\u00e9curit\u00e9 est particuli\u00e8rement utile dans les situations exigeantes et critiques o\u00f9 la stabilit\u00e9 et la fiabilit\u00e9 maximales du couteau sont importantes. <\/li>\n<\/ul>\n<\/li>\n<li><strong>Carson Flipper pour une ouverture rapide<\/strong> :\n<ul>\n<li>Le flipper sur le manche vous permet d&rsquo;ouvrir rapidement le couteau d&rsquo;une seule main, ce qui est pratique dans les situations d&rsquo;urgence ou lorsque vous travaillez lorsque vous avez des options limit\u00e9es pour manipuler le couteau.<\/li>\n<\/ul>\n<\/li>\n<li><strong>Engrenage Triple Point\u2122<\/strong> :\n<ul>\n<li>Les dentelures Triple Point\u2122 offrent une plus grande puissance de coupe dans des conditions exigeantes et permettent une coupe efficace de mat\u00e9riaux fibreux tels que des cordes, des tissus ou des toiles, ce qui est courant dans les t\u00e2ches tactiques et de sauvetage.<\/li>\n<\/ul>\n<\/li>\n<li><strong>Finition tactique<\/strong> :\n<ul>\n<li>Le rev\u00eatement en nitrure de titane sur la lame garantit que la lame est r\u00e9sistante \u00e0 la corrosion et \u00e0 l&rsquo;usure m\u00eame lorsqu&rsquo;elle est utilis\u00e9e dans des conditions extr\u00eames, ce qui la rend id\u00e9ale pour une utilisation dans des environnements d\u00e9sertiques o\u00f9 les conditions sablonneuses et poussi\u00e9reuses sont courantes.<\/li>\n<\/ul>\n<\/li>\n<li><strong>Haute durabilit\u00e9 et fiabilit\u00e9<\/strong> :\n<ul>\n<li>Ce mod\u00e8le est con\u00e7u pour une utilisation intensive et une r\u00e9sistance aux conditions difficiles. Il est id\u00e9al pour les professionnels du terrain tels que les soldats, les sauveteurs et autres qui ont besoin d&rsquo;un couteau dot\u00e9 d&rsquo;une grande durabilit\u00e9 et polyvalence. <\/li>\n<\/ul>\n<\/li>\n<\/ol>\n<h3><strong>Utiliser:<\/strong><\/h3>\n<ul>\n<li><strong>Utilisation tactique et militaire<\/strong> : Le couteau est id\u00e9al pour les utilisations militaires, polici\u00e8res et autres utilisations tactiques o\u00f9 la fiabilit\u00e9, la rapidit\u00e9 d&rsquo;ouverture et la r\u00e9sistance aux conditions difficiles sont importantes.<\/li>\n<li><strong>Sauvetage et situations d&rsquo;urgence<\/strong> : L&rsquo;insert de s\u00e9curit\u00e9 et les excellentes propri\u00e9t\u00e9s de coupe du Carson Flipper en font un excellent outil pour les sauveteurs qui ont besoin d&rsquo;un acc\u00e8s rapide \u00e0 un couteau dans des situations d&rsquo;urgence.<\/li>\n<li><strong>Transport quotidien (EDC)<\/strong> : Ce couteau est suffisamment compact pour \u00eatre transport\u00e9 au quotidien, tout en offrant des fonctionnalit\u00e9s robustes et polyvalentes pour un large \u00e9ventail de t\u00e2ches.<\/li>\n<\/ul>\n<h3><strong>Conclusion:<\/strong><\/h3>\n<p><strong>Le CRKT M16-14D<\/strong> est un couteau solide, fiable et hautement fonctionnel, con\u00e7u pour \u00eatre utilis\u00e9 dans des conditions difficiles telles que les zones d\u00e9sertiques. Avec des mat\u00e9riaux de qualit\u00e9, d&rsquo;excellentes propri\u00e9t\u00e9s de coupe et des caract\u00e9ristiques sp\u00e9cifiques pour le personnel tactique et de sauvetage, ce mod\u00e8le est le choix id\u00e9al pour les professionnels qui ont besoin d&rsquo;un outil durable, efficace et facile \u00e0 utiliser dans des situations critiques. <\/p>\n<\/div>\n<\/div>\n<\/div>\n<\/div>\n<div class=\"mb-2 flex gap-3 empty:hidden -ml-2\">\n<div class=\"items-center justify-start rounded-xl p-1 flex\">\n<div class=\"flex items-center\"><\/div>\n<\/div>\n<\/div>\n<div class=\"pr-2 lg:pr-0\"><\/div>\n<div class=\"mt-3 w-full empty:hidden\">\n<div class=\"text-center\"><\/div>\n<\/div>\n<\/div>\n<div class=\"absolute\">\n<div class=\"flex items-center justify-center\"><\/div>\n<\/div>\n<\/div>\n<\/div>\n<\/div>\n<\/article>\n<\/div>\n<\/div>\n<\/div>\n<\/div>\n<\/div>\n<div class=\"md:pt-0 dark:border-white\/20 md:border-transparent md:dark:border-transparent w-full\">\n<div>\n<div class=\"m-auto text-base px-3 md:px-4 w-full md:px-5 lg:px-4 xl:px-5\">\n<div class=\"mx-auto flex flex-1 gap-4 text-base md:gap-5 lg:gap-6 md:max-w-3xl\">\n<div class=\"flex justify-center\"><\/div>\n<\/div>\n<\/div>\n<\/div>\n<\/div>\n","protected":false},"excerpt":{"rendered":"<div class=\"flex max-w-full flex-col flex-grow\">\n<div class=\"min-h-8 text-message flex w-full flex-col items-end gap-2 whitespace-normal break-words text-start [.text-message+&amp;]:mt-5\" dir=\"auto\" data-message-author-role=\"assistant\" data-message-id=\"ff6a6718-2244-42f4-a97c-2d920d9114b0\" data-message-model-slug=\"gpt-4o-mini\">\n<div class=\"flex w-full flex-col gap-1 empty:hidden first:pt-[3px]\">\n<div class=\"markdown prose w-full break-words dark:prose-invert light\">\n<p><strong>Le CRKT M16-14D est un couteau solide, fiable et hautement fonctionnel, con\u00e7u pour \u00eatre utilis\u00e9 dans des conditions difficiles telles que les zones d\u00e9sertiques. Avec des mat\u00e9riaux de qualit\u00e9, d&rsquo;excellentes propri\u00e9t\u00e9s de coupe et des caract\u00e9ristiques sp\u00e9cifiques pour le personnel tactique et de sauvetage, ce mod\u00e8le est le choix id\u00e9al pour les professionnels qui ont besoin d&rsquo;un outil durable, efficace et facile \u00e0 utiliser dans des situations critiques. <\/strong><\/p>\n<\/div>\n<\/div>\n<\/div>\n<\/div>\n<div class=\"mb-2 flex gap-3 empty:hidden -ml-2\">\n<div class=\"items-center justify-start rounded-xl p-1 flex\">\n<div class=\"flex items-center\"><\/div>\n<\/div>\n<\/div>\n","protected":false},"featured_media":329912,"comment_status":"open","ping_status":"closed","template":"","meta":[],"pwb-brand":[3762],"product_brand":[],"product_cat":[3700,3696],"product_tag":[3754],"class_list":{"0":"post-329911","1":"product","2":"type-product","3":"status-publish","4":"has-post-thumbnail","6":"pwb-brand-crkt-fr","7":"product_cat-couteaux-de-fermeture","8":"product_cat-des-couteaux","9":"product_tag-b2b-fr","11":"first","12":"instock","13":"sale","14":"taxable","15":"shipping-taxable","16":"purchasable","17":"product-type-simple"},"brands":[{"id":3762,"name":"CRKT","slug":"crkt-fr"}],"_links":{"self":[{"href":"https:\/\/www.moskito.cz\/fr\/wp-json\/wp\/v2\/product\/329911","targetHints":{"allow":["GET"]}}],"collection":[{"href":"https:\/\/www.moskito.cz\/fr\/wp-json\/wp\/v2\/product"}],"about":[{"href":"https:\/\/www.moskito.cz\/fr\/wp-json\/wp\/v2\/types\/product"}],"replies":[{"embeddable":true,"href":"https:\/\/www.moskito.cz\/fr\/wp-json\/wp\/v2\/comments?post=329911"}],"wp:featuredmedia":[{"embeddable":true,"href":"https:\/\/www.moskito.cz\/fr\/wp-json\/wp\/v2\/media\/329912"}],"wp:attachment":[{"href":"https:\/\/www.moskito.cz\/fr\/wp-json\/wp\/v2\/media?parent=329911"}],"wp:term":[{"taxonomy":"pwb-brand","embeddable":true,"href":"https:\/\/www.moskito.cz\/fr\/wp-json\/wp\/v2\/pwb-brand?post=329911"},{"taxonomy":"product_brand","embeddable":true,"href":"https:\/\/www.moskito.cz\/fr\/wp-json\/wp\/v2\/product_brand?post=329911"},{"taxonomy":"product_cat","embeddable":true,"href":"https:\/\/www.moskito.cz\/fr\/wp-json\/wp\/v2\/product_cat?post=329911"},{"taxonomy":"product_tag","embeddable":true,"href":"https:\/\/www.moskito.cz\/fr\/wp-json\/wp\/v2\/product_tag?post=329911"}],"curies":[{"name":"wp","href":"https:\/\/api.w.org\/{rel}","templated":true}]}}