{"id":330041,"date":"2023-12-13T19:46:20","date_gmt":"2024-04-12T08:49:22","guid":{"rendered":"https:\/\/www.moskito.cz\/produkt\/couteau-pliant-columbia-river-crkt-kinematic-provoke-karambit-4050\/"},"modified":"2025-05-07T11:10:08","modified_gmt":"2025-05-07T10:10:08","slug":"couteau-pliant-columbia-river-crkt-kinematic-provoke-karambit-4050","status":"publish","type":"product","link":"https:\/\/www.moskito.cz\/fr\/produkt\/couteau-pliant-columbia-river-crkt-kinematic-provoke-karambit-4050\/","title":{"rendered":"Couteau pliant Columbia River CRKT Kinematic Provoke Karambit 4050"},"content":{"rendered":"<p>Couteau pliant Columbia River <strong>CRKT<\/strong> Kinematic Provoke Karambit 4050<\/p>\n<p>Servir. D\u00e9fendre. Le couteau Provoke EDC s&rsquo;inspire du design ancien du karambit, mais cache un secret futuriste. Le tout premier couteau dot\u00e9 de la technologie cin\u00e9matique, il reste soigneusement rang\u00e9 pendant le transport et prend vie en cas de probl\u00e8me.<\/p>\n<p>CRKT pense que le designer Joe Caswell est en quelque sorte un scientifique fou. Lorsqu&rsquo;ils ont vu les croquis de ce qui allait devenir le Provoke EDC, con\u00e7u \u00e0 Newbury Park, en Californie, ils ont su qu&rsquo;il \u00e9tait destin\u00e9 \u00e0 devenir l&rsquo;un des designers les plus innovants que le monde du couteau ait jamais connu. Inspir\u00e9e d&rsquo;un karambit traditionnel, la lame \u00e0 pointe de chute D2 est forg\u00e9e \u00e0 partir d&rsquo;acier D2 de qualit\u00e9 sup\u00e9rieure pour une durabilit\u00e9 \u00e9lev\u00e9e et une excellente r\u00e9tention des bords.<\/p>\n<p>Le m\u00e9canisme d&rsquo;ouverture tire le dossier vers le futur, pr\u00eat ou non. La pression du pouce sur la barre sup\u00e9rieure d\u00e9clenche une r\u00e9action en cha\u00eene, provoquant le d\u00e9clenchement de la lame pendant que vous gardez une prise ferme sur la poign\u00e9e. Il est fabriqu\u00e9 en aluminium a\u00e9ronautique 6061 pour une rigidit\u00e9 maximale. Dans le plus pur style Joe, le clip de poche est \u00e9galement une premi\u00e8re mondiale : il affleure presque compl\u00e8tement la poign\u00e9e et s&rsquo;active \u00e9galement d&rsquo;une l\u00e9g\u00e8re pression du pouce.<\/p>\n<p>Provoke EDC est puissant lorsqu\u2019il est mis en service.<\/p>\n<p>Comment fonctionne la cin\u00e9matique<br \/>\nPoussez votre pouce dans la barre transversale sup\u00e9rieure \u2013 pendant que vos autres doigts saisissent fermement la poign\u00e9e \u2013 et la lame prend vie et s\u2019enclenche. Faites glisser le levier discret \u00e0 la base de la boucle du doigt et la lame se r\u00e9tracte dans sa position ferm\u00e9e.<\/p>\n<p>Fonction<br \/>\nLa cin\u00e9matique d\u00e9ploie la lame avec une pression du pouce<br \/>\nLame en acier D2 pour une excellente r\u00e9tention de la lame<br \/>\nLa poign\u00e9e en aluminium allie r\u00e9sistance et poids minimal<br \/>\nBoucle encastr\u00e9e pour un port s\u00e9curis\u00e9<br \/>\nCaract\u00e9ristiques<br \/>\nLongueur de la lame : 6,4 cm<br \/>\nLongueur ferm\u00e9 : 11,65 cm<br \/>\nLongueur totale : 18,12 cm<br \/>\nMat\u00e9riau de la lame : Acier \u00e0 outils D2<br \/>\nStyle de lame&nbsp;:&nbsp;pointe de chute<br \/>\nTraitement de surface de la lame : satin\u00e9<br \/>\nMat\u00e9riau du manche : Aluminium bleu<br \/>\nM\u00e9canisme de verrouillage : cin\u00e9matique<br \/>\nClip de poche&nbsp;: rabattable, \u00e0 porter \u00e0 droite<br \/>\nPoids : 3,4 onces.<br \/>\nConcepteur : Joe Caswell<\/p>\n","protected":false},"excerpt":{"rendered":"<p><strong>CONCEPTEUR&nbsp;: Joe Caswell<\/strong><br \/>\n<strong>Parc Newbury, Californie<\/strong><br \/>\n<strong>Journaliste moto. Soudeur de mod\u00e8les d&rsquo;\u00e9p\u00e9e Viking. Inventeur. Cr\u00e9ateur de couteaux sur mesure. On peut dire sans se tromper que Joe est taill\u00e9 dans un tissu sp\u00e9cial. Et maintenant, il peut ajouter \u00ab perturbateur de l\u2019industrie \u00bb \u00e0 son CV. Avec la sortie du Kinematic, il continue de consolider sa position parmi les plus grands couteaux du monde. Depuis ses modestes d\u00e9buts dans sa forge artisanale dans le garage de son appartement de location, il s&rsquo;est b\u00e2ti un nom en travaillant dur tard dans la nuit, et nous avons h\u00e2te de voir ce que donnera ensuite sa cr\u00e9ativit\u00e9 inspir\u00e9e.<\/strong><\/p>\n","protected":false},"featured_media":330042,"comment_status":"open","ping_status":"closed","template":"","meta":[],"pwb-brand":[3762],"product_brand":[],"product_cat":[3700,3696],"product_tag":[3754],"class_list":{"0":"post-330041","1":"product","2":"type-product","3":"status-publish","4":"has-post-thumbnail","6":"pwb-brand-crkt-fr","7":"product_cat-couteaux-de-fermeture","8":"product_cat-des-couteaux","9":"product_tag-b2b-fr","11":"first","12":"instock","13":"taxable","14":"shipping-taxable","15":"purchasable","16":"product-type-simple"},"brands":[{"id":3762,"name":"CRKT","slug":"crkt-fr"}],"_links":{"self":[{"href":"https:\/\/www.moskito.cz\/fr\/wp-json\/wp\/v2\/product\/330041","targetHints":{"allow":["GET"]}}],"collection":[{"href":"https:\/\/www.moskito.cz\/fr\/wp-json\/wp\/v2\/product"}],"about":[{"href":"https:\/\/www.moskito.cz\/fr\/wp-json\/wp\/v2\/types\/product"}],"replies":[{"embeddable":true,"href":"https:\/\/www.moskito.cz\/fr\/wp-json\/wp\/v2\/comments?post=330041"}],"wp:featuredmedia":[{"embeddable":true,"href":"https:\/\/www.moskito.cz\/fr\/wp-json\/wp\/v2\/media\/330042"}],"wp:attachment":[{"href":"https:\/\/www.moskito.cz\/fr\/wp-json\/wp\/v2\/media?parent=330041"}],"wp:term":[{"taxonomy":"pwb-brand","embeddable":true,"href":"https:\/\/www.moskito.cz\/fr\/wp-json\/wp\/v2\/pwb-brand?post=330041"},{"taxonomy":"product_brand","embeddable":true,"href":"https:\/\/www.moskito.cz\/fr\/wp-json\/wp\/v2\/product_brand?post=330041"},{"taxonomy":"product_cat","embeddable":true,"href":"https:\/\/www.moskito.cz\/fr\/wp-json\/wp\/v2\/product_cat?post=330041"},{"taxonomy":"product_tag","embeddable":true,"href":"https:\/\/www.moskito.cz\/fr\/wp-json\/wp\/v2\/product_tag?post=330041"}],"curies":[{"name":"wp","href":"https:\/\/api.w.org\/{rel}","templated":true}]}}