{"id":330107,"date":"2023-03-21T23:14:50","date_gmt":"2023-03-21T22:14:50","guid":{"rendered":"https:\/\/www.moskito.cz\/produkt\/couteau-de-fermeture-crkt-ritual-7471\/"},"modified":"2025-05-07T11:10:09","modified_gmt":"2025-05-07T10:10:09","slug":"couteau-de-fermeture-crkt-ritual-7471","status":"publish","type":"product","link":"https:\/\/www.moskito.cz\/fr\/produkt\/couteau-de-fermeture-crkt-ritual-7471\/","title":{"rendered":"Couteau de fermeture CRKT RITUAL 7471"},"content":{"rendered":"<p class=\"\" data-start=\"0\" data-end=\"77\">\ud83d\udd2a <strong data-start=\"3\" data-end=\"77\">pliant CRKT Ritual\u2122 7471 \u2013 L&rsquo;\u00e9l\u00e9gance orientale dans un concept moderne<\/strong><\/p>\n<hr class=\"\" data-start=\"79\" data-end=\"82\">\n<p class=\"\" data-start=\"84\" data-end=\"497\">\ud83d\udca1 <strong data-start=\"87\" data-end=\"105\">Description g\u00e9n\u00e9rale :<\/strong><br data-start=\"105\" data-end=\"108\"> Le CRKT Ritual\u2122 est un couteau qui attire le regard au premier coup d&rsquo;\u0153il \u2013 rappelant les poignards traditionnels d&rsquo;Orient, mais avec toutes les caract\u00e9ristiques d&rsquo;un couteau pliant moderne pour un usage quotidien. Sa courbe de lame distinctive et ses poign\u00e9es orn\u00e9es font de ce mod\u00e8le \u00e0 la fois un outil fonctionnel et un objet de collection. Il a \u00e9t\u00e9 con\u00e7u par le c\u00e9l\u00e8bre coutelier <strong data-start=\"423\" data-end=\"437\">Alan Folts<\/strong> , qui incarnait un m\u00e9lange unique d&rsquo;exotisme et de praticit\u00e9.  <\/p>\n<hr class=\"\" data-start=\"499\" data-end=\"502\">\n<p class=\"\" data-start=\"504\" data-end=\"523\">\ud83d\udcd0 <strong data-start=\"507\" data-end=\"523\">Sp\u00e9cifications :<\/strong><\/p>\n<ul data-start=\"524\" data-end=\"947\">\n<li class=\"\" data-start=\"524\" data-end=\"553\">\n<p class=\"\" data-start=\"526\" data-end=\"553\"><strong data-start=\"526\" data-end=\"544\">Longueur totale :<\/strong> 242 mm<\/p>\n<\/li>\n<li class=\"\" data-start=\"554\" data-end=\"582\">\n<p class=\"\" data-start=\"556\" data-end=\"582\"><strong data-start=\"556\" data-end=\"573\">Longueur de la lame :<\/strong> 110 mm<\/p>\n<\/li>\n<li class=\"\" data-start=\"583\" data-end=\"614\">\n<p class=\"\" data-start=\"585\" data-end=\"614\"><strong data-start=\"585\" data-end=\"605\">\u00c9paisseur de la lame :<\/strong> 3,8 mm<\/p>\n<\/li>\n<li class=\"\" data-start=\"615\" data-end=\"638\">\n<p class=\"\" data-start=\"617\" data-end=\"638\"><strong data-start=\"617\" data-end=\"630\">Poids :<\/strong> 170 g<\/p>\n<\/li>\n<li class=\"\" data-start=\"639\" data-end=\"661\">\n<p class=\"\" data-start=\"641\" data-end=\"661\"><strong data-start=\"641\" data-end=\"650\">Acier :<\/strong> 8Cr13MoV<\/p>\n<\/li>\n<li class=\"\" data-start=\"662\" data-end=\"694\">\n<p class=\"\" data-start=\"664\" data-end=\"694\"><strong data-start=\"664\" data-end=\"682\">Duret\u00e9 de l&rsquo;acier :<\/strong> 58-60 HRC<\/p>\n<\/li>\n<li class=\"\" data-start=\"695\" data-end=\"739\">\n<p class=\"\" data-start=\"697\" data-end=\"739\"><strong data-start=\"697\" data-end=\"713\">Forme de la lame :<\/strong> Point de fuite modifi\u00e9<\/p>\n<\/li>\n<li class=\"\" data-start=\"740\" data-end=\"778\">\n<p class=\"\" data-start=\"742\" data-end=\"778\"><strong data-start=\"742\" data-end=\"770\">Finition de la lame :<\/strong> Satin\u00e9e<\/p>\n<\/li>\n<li class=\"\" data-start=\"779\" data-end=\"853\">\n<p class=\"\" data-start=\"781\" data-end=\"853\"><strong data-start=\"781\" data-end=\"793\">Manche :<\/strong> Nylon renforc\u00e9 de fibre de verre (GRN) + renforts en acier inoxydable<\/p>\n<\/li>\n<li class=\"\" data-start=\"854\" data-end=\"923\">\n<p class=\"\" data-start=\"856\" data-end=\"923\"><strong data-start=\"856\" data-end=\"870\">Ouverture :<\/strong> Flipper avec ouverture assist\u00e9e (Spring Assisted)<\/p>\n<\/li>\n<li class=\"\" data-start=\"924\" data-end=\"947\">\n<p class=\"\" data-start=\"926\" data-end=\"947\"><strong data-start=\"926\" data-end=\"936\">Verrouillage :<\/strong> Liner lock<\/p>\n<\/li>\n<\/ul>\n<hr class=\"\" data-start=\"949\" data-end=\"952\">\n<p class=\"\" data-start=\"954\" data-end=\"1180\">\ud83d\udd27 <strong data-start=\"957\" data-end=\"979\">Broyage et entretien :<\/strong><br data-start=\"979\" data-end=\"982\"> L&rsquo;acier 8Cr13MoV est facile \u00e0 entretenir : il peut \u00eatre r\u00e9aff\u00fbt\u00e9 \u00e0 la maison \u00e0 l&rsquo;aide d&rsquo;aff\u00fbteurs ordinaires. Pour conserver un tranchant maximal, nous recommandons un aff\u00fbtage fin r\u00e9gulier et une lubrification occasionnelle du m\u00e9canisme. <\/p>\n<hr class=\"\" data-start=\"1182\" data-end=\"1185\">\n<p class=\"\" data-start=\"1187\" data-end=\"1425\">\ud83e\udde0 <strong data-start=\"1190\" data-end=\"1211\">Utilisation et finalit\u00e9 :<\/strong><br data-start=\"1211\" data-end=\"1214\"> Ce couteau est id\u00e9al pour <strong data-start=\"1239\" data-end=\"1266\">un transport quotidien (EDC)<\/strong> , mais aussi comme <strong data-start=\"1282\" data-end=\"1315\">accessoire \u00e9l\u00e9gant pour les collectionneurs<\/strong> ou les amateurs de designs inhabituels. Gr\u00e2ce \u00e0 l&rsquo;ouverture assist\u00e9e, il convient \u00e9galement \u00e0 une utilisation rapide d&rsquo;une seule main. <\/p>\n<hr class=\"\" data-start=\"1427\" data-end=\"1430\">\n<p class=\"\" data-start=\"1432\" data-end=\"1457\">\u2696\ufe0f <strong data-start=\"1435\" data-end=\"1457\">Avantages et inconv\u00e9nients :<\/strong><\/p>\n<p class=\"\" data-start=\"1459\" data-end=\"1468\">\u2705 Avantages :<\/p>\n<ul data-start=\"1469\" data-end=\"1572\">\n<li class=\"\" data-start=\"1469\" data-end=\"1499\">\n<p class=\"\" data-start=\"1471\" data-end=\"1499\">Design original et exotique<\/p>\n<\/li>\n<li class=\"\" data-start=\"1500\" data-end=\"1521\">\n<p class=\"\" data-start=\"1502\" data-end=\"1521\">Poign\u00e9e ergonomique<\/p>\n<\/li>\n<li class=\"\" data-start=\"1522\" data-end=\"1549\">\n<p class=\"\" data-start=\"1524\" data-end=\"1549\">Ouverture facile et rapide<\/p>\n<\/li>\n<li class=\"\" data-start=\"1550\" data-end=\"1572\">\n<p class=\"\" data-start=\"1552\" data-end=\"1572\">Bon rapport qualit\u00e9\/prix<\/p>\n<\/li>\n<\/ul>\n<p class=\"\" data-start=\"1574\" data-end=\"1585\">\u274c Inconv\u00e9nients :<\/p>\n<ul data-start=\"1586\" data-end=\"1691\">\n<li class=\"\" data-start=\"1586\" data-end=\"1633\">\n<p class=\"\" data-start=\"1588\" data-end=\"1633\">Les tailles plus grandes ne sont pas id\u00e9ales pour toutes les poches<\/p>\n<\/li>\n<li class=\"\" data-start=\"1634\" data-end=\"1691\">\n<p class=\"\" data-start=\"1636\" data-end=\"1691\">La forme sp\u00e9cifique de la lame peut ne pas convenir \u00e0 tous les utilisateurs<\/p>\n<\/li>\n<\/ul>\n<hr class=\"\" data-start=\"1693\" data-end=\"1696\">\n<p class=\"\" data-start=\"1698\" data-end=\"1913\">\ud83d\udd0d <strong data-start=\"1701\" data-end=\"1727\">Comparaison avec les concurrents :<\/strong><br data-start=\"1727\" data-end=\"1730\"> Compar\u00e9 \u00e0 des mod\u00e8les tout aussi extravagants tels que <strong data-start=\"1783\" data-end=\"1806\">le CRKT Ritual Compact<\/strong> ou certains mod\u00e8les de <strong data-start=\"1830\" data-end=\"1839\">B\u00f6ker<\/strong> , le Ritual 7471 offre un excellent rapport qualit\u00e9\/prix et un design nettement plus unique.<\/p>\n<hr class=\"\" data-start=\"1915\" data-end=\"1918\">\n<p class=\"\" data-start=\"1920\" data-end=\"1942\">\ud83c\udf81 <strong data-start=\"1923\" data-end=\"1940\">Contenu du colis :<\/strong><\/p>\n<ul data-start=\"1943\" data-end=\"2013\">\n<li class=\"\" data-start=\"1943\" data-end=\"1967\">\n<p class=\"\" data-start=\"1945\" data-end=\"1967\">Couteau CRKT Ritual 7471<\/p>\n<\/li>\n<li class=\"\" data-start=\"1968\" data-end=\"1996\">\n<p class=\"\" data-start=\"1970\" data-end=\"1996\">Bo\u00eete CRKT originale<\/p>\n<\/li>\n<li class=\"\" data-start=\"1997\" data-end=\"2013\">\n<p class=\"\" data-start=\"1999\" data-end=\"2013\">Instructions d&rsquo;entretien<\/p>\n<\/li>\n<\/ul>\n<hr class=\"\" data-start=\"2015\" data-end=\"2018\">\n<p class=\"\" data-start=\"2020\" data-end=\"2418\">\u2764\ufe0f <strong data-start=\"2023\" data-end=\"2047\">Conclusion :<\/strong><br data-start=\"2047\" data-end=\"2050\"> Le CRKT Ritual 7471 n&rsquo;est pas seulement un couteau. C&rsquo;est une d\u00e9claration. Un outil qui allie histoire, art et fonctionnalit\u00e9 moderne. Transportez-vous dans le monde des traditions anciennes avec une touche de technologie contemporaine. Si vous recherchez un couteau qui sera <strong data-start=\"2259\" data-end=\"2307\">un sujet de conversation et un partenaire fiable<\/strong> , le Ritual est fait pour vous.<br data-start=\"2334\" data-end=\"2337\"> \ud83d\udd12      <strong data-start=\"2340\" data-end=\"2418\">Soyez unique. Soyez pr\u00eat. Obtenez votre rituel CRKT d\u00e8s aujourd&rsquo;hui&nbsp;!  <\/strong><\/p>\n<p>&nbsp;<\/p>\n<p><iframe title=\"CRKT RITUAL\u2122 | Alan Folts Design\" width=\"800\" height=\"450\" src=\"https:\/\/www.youtube.com\/embed\/CkfeRZFGWJ4?feature=oembed\" frameborder=\"0\" allow=\"accelerometer; autoplay; clipboard-write; encrypted-media; gyroscope; picture-in-picture; web-share\" referrerpolicy=\"strict-origin-when-cross-origin\" allowfullscreen><\/iframe><\/p>\n<p>&nbsp;<\/p>\n","protected":false},"excerpt":{"rendered":"<p><strong>Le CRKT Ritual 7471 n&rsquo;est pas seulement un couteau. C&rsquo;est une d\u00e9claration. Un outil qui allie histoire, art et fonctionnalit\u00e9 moderne. Transportez-vous dans le monde des traditions anciennes avec une touche de technologie contemporaine. Si vous recherchez un couteau qui sera un sujet de conversation et un partenaire fiable, le Ritual est fait pour vous.    <\/strong><br data-start=\"2334\" data-end=\"2337\"><strong>\ud83d\udd12 Soyez unique. Soyez pr\u00eat. Obtenez votre rituel CRKT d\u00e8s aujourd&rsquo;hui&nbsp;!  <\/strong><\/p>\n","protected":false},"featured_media":330108,"comment_status":"open","ping_status":"closed","template":"","meta":[],"pwb-brand":[3762],"product_brand":[],"product_cat":[3700,3696],"product_tag":[3754],"class_list":{"0":"post-330107","1":"product","2":"type-product","3":"status-publish","4":"has-post-thumbnail","6":"pwb-brand-crkt-fr","7":"product_cat-couteaux-de-fermeture","8":"product_cat-des-couteaux","9":"product_tag-b2b-fr","11":"first","12":"outofstock","13":"taxable","14":"shipping-taxable","15":"purchasable","16":"product-type-simple"},"brands":[{"id":3762,"name":"CRKT","slug":"crkt-fr"}],"_links":{"self":[{"href":"https:\/\/www.moskito.cz\/fr\/wp-json\/wp\/v2\/product\/330107","targetHints":{"allow":["GET"]}}],"collection":[{"href":"https:\/\/www.moskito.cz\/fr\/wp-json\/wp\/v2\/product"}],"about":[{"href":"https:\/\/www.moskito.cz\/fr\/wp-json\/wp\/v2\/types\/product"}],"replies":[{"embeddable":true,"href":"https:\/\/www.moskito.cz\/fr\/wp-json\/wp\/v2\/comments?post=330107"}],"wp:featuredmedia":[{"embeddable":true,"href":"https:\/\/www.moskito.cz\/fr\/wp-json\/wp\/v2\/media\/330108"}],"wp:attachment":[{"href":"https:\/\/www.moskito.cz\/fr\/wp-json\/wp\/v2\/media?parent=330107"}],"wp:term":[{"taxonomy":"pwb-brand","embeddable":true,"href":"https:\/\/www.moskito.cz\/fr\/wp-json\/wp\/v2\/pwb-brand?post=330107"},{"taxonomy":"product_brand","embeddable":true,"href":"https:\/\/www.moskito.cz\/fr\/wp-json\/wp\/v2\/product_brand?post=330107"},{"taxonomy":"product_cat","embeddable":true,"href":"https:\/\/www.moskito.cz\/fr\/wp-json\/wp\/v2\/product_cat?post=330107"},{"taxonomy":"product_tag","embeddable":true,"href":"https:\/\/www.moskito.cz\/fr\/wp-json\/wp\/v2\/product_tag?post=330107"}],"curies":[{"name":"wp","href":"https:\/\/api.w.org\/{rel}","templated":true}]}}