{"id":330148,"date":"2022-08-22T21:31:33","date_gmt":"2024-04-12T09:14:37","guid":{"rendered":"https:\/\/www.moskito.cz\/produkt\/couteau-fixe-crkt-minimalist-cleaver-2383\/"},"modified":"2025-05-07T11:10:10","modified_gmt":"2025-05-07T10:10:10","slug":"couteau-fixe-crkt-minimalist-cleaver-2383","status":"publish","type":"product","link":"https:\/\/www.moskito.cz\/fr\/produkt\/couteau-fixe-crkt-minimalist-cleaver-2383\/","title":{"rendered":"Couteau Fixe CRKT MINIMALIST CLEAVER 2383"},"content":{"rendered":"<p>Couteau Fixe <strong>CRKT<\/strong> MINIMALIST CLEAVER 23.<\/p>\n<p>Sp\u00e9cialement con\u00e7u pour tout ce qui doit \u00eatre coup\u00e9.<\/p>\n<p>Ce couteau compact dot\u00e9 d&rsquo;une lame solide et de poign\u00e9es solides a retrouv\u00e9 une lame de couperet qui suscite la conversation sur le feu de camp. \u00c9galement \u00e0 l&rsquo;aise dans la cuisine du camping ou dans le garage.<br \/>\nAff\u00fbtage facile&nbsp;: la lame en acier inoxydable \u00e0 haute teneur en carbone maintient bien le tranchant<br \/>\nCaract\u00e9ristiques utiles&nbsp;: Couperet polyvalent pour une excellente coupe<br \/>\nMinimise la r\u00e9flexion&nbsp;: le traitement de surface par projection de perles r\u00e9duit la r\u00e9flexion<br \/>\nSolide et visuel : Le manche en r\u00e9sine allie solidit\u00e9 et attrait visuel<br \/>\nCompatible avec la transmission&nbsp;: coque thermoplastique durable avec option de montage<br \/>\nOutil compact : l\u00e9ger et facile \u00e0 transporter.<\/p>\n<p>CARACT\u00c9RISTIQUES<br \/>\nLongueur de la lame 2,13&Prime; (54,13 mm)<br \/>\nLame lame Plaine<br \/>\nLame en acier 5Cr15MoV<br \/>\nFinition de la surface de la lame Microbillage<br \/>\n\u00c9paisseur de la lame 0,10&nbsp;po (2,59&nbsp;mm)<br \/>\nLongueur totale 5,06&Prime; (128,52 mm)<br \/>\nPoids 1,70 onces (48,19 g)<br \/>\nManche Fibre impr\u00e9gn\u00e9e de r\u00e9sine<br \/>\nStyle Couteau \u00e0 lame fixe avec \u00e9tui<br \/>\nMat\u00e9riau de la coque Thermoplastique<br \/>\nPoids de la coque 0,60 oz. (17,01g)<\/p>\n","protected":false},"excerpt":{"rendered":"<p>Con\u00e7u par Alan Folts \u00e0 Melbourne, en Floride.<\/p>\n","protected":false},"featured_media":330150,"comment_status":"open","ping_status":"closed","template":"","meta":[],"pwb-brand":[3762],"product_brand":[],"product_cat":[3697,3696],"product_tag":[3754],"class_list":{"0":"post-330148","1":"product","2":"type-product","3":"status-publish","4":"has-post-thumbnail","6":"pwb-brand-crkt-fr","7":"product_cat-couteaux-solides","8":"product_cat-des-couteaux","9":"product_tag-b2b-fr","11":"first","12":"instock","13":"taxable","14":"shipping-taxable","15":"purchasable","16":"product-type-simple"},"brands":[{"id":3762,"name":"CRKT","slug":"crkt-fr"}],"_links":{"self":[{"href":"https:\/\/www.moskito.cz\/fr\/wp-json\/wp\/v2\/product\/330148","targetHints":{"allow":["GET"]}}],"collection":[{"href":"https:\/\/www.moskito.cz\/fr\/wp-json\/wp\/v2\/product"}],"about":[{"href":"https:\/\/www.moskito.cz\/fr\/wp-json\/wp\/v2\/types\/product"}],"replies":[{"embeddable":true,"href":"https:\/\/www.moskito.cz\/fr\/wp-json\/wp\/v2\/comments?post=330148"}],"wp:featuredmedia":[{"embeddable":true,"href":"https:\/\/www.moskito.cz\/fr\/wp-json\/wp\/v2\/media\/330150"}],"wp:attachment":[{"href":"https:\/\/www.moskito.cz\/fr\/wp-json\/wp\/v2\/media?parent=330148"}],"wp:term":[{"taxonomy":"pwb-brand","embeddable":true,"href":"https:\/\/www.moskito.cz\/fr\/wp-json\/wp\/v2\/pwb-brand?post=330148"},{"taxonomy":"product_brand","embeddable":true,"href":"https:\/\/www.moskito.cz\/fr\/wp-json\/wp\/v2\/product_brand?post=330148"},{"taxonomy":"product_cat","embeddable":true,"href":"https:\/\/www.moskito.cz\/fr\/wp-json\/wp\/v2\/product_cat?post=330148"},{"taxonomy":"product_tag","embeddable":true,"href":"https:\/\/www.moskito.cz\/fr\/wp-json\/wp\/v2\/product_tag?post=330148"}],"curies":[{"name":"wp","href":"https:\/\/api.w.org\/{rel}","templated":true}]}}