{"id":330337,"date":"2022-09-03T22:29:28","date_gmt":"2024-04-12T09:34:01","guid":{"rendered":"https:\/\/www.moskito.cz\/produkt\/couteau-de-fermeture-crkt-psd-particule-separation-dispositif-noir-7920k\/"},"modified":"2025-05-07T11:10:16","modified_gmt":"2025-05-07T10:10:16","slug":"couteau-de-fermeture-crkt-psd-particule-separation-dispositif-noir-7920k","status":"publish","type":"product","link":"https:\/\/www.moskito.cz\/fr\/produkt\/couteau-de-fermeture-crkt-psd-particule-separation-dispositif-noir-7920k\/","title":{"rendered":"Couteau de fermeture CRKT PSD (PARTICULE. S\u00c9PARATION. DISPOSITIF.) NOIR 7920K"},"content":{"rendered":"<p>Couteau de fermeture <strong>CRKT<\/strong> PSD (PARTICULE. S\u00c9PARATION. DISPOSITIF.) NOIR 7920K.<\/p>\n<p>Particule. D\u00e9partement. Appareil. Coupez-le en punaises : le PSD\u2122 est r\u00e9alis\u00e9 en tranches. La lame de ce couteau pliant \u00e0 transporter au quotidien est con\u00e7ue avec une courbe compl\u00e8te et une double \u00e9mouture haute performance. Et gr\u00e2ce \u00e0 l&rsquo;ouverture assist\u00e9e, il s&rsquo;av\u00e8re fonctionner en un clin d&rsquo;\u0153il.<\/p>\n<p>Lorsque le designer Jim Hammond de Birmingham, en Alabama, a pris la plume, il l&rsquo;a fait avec l&rsquo;intention de cr\u00e9er un couteau \u00e0 la fois puissant, compact et tr\u00e8s esth\u00e9tique. PSD\u2122 fait mouche. La courbure incomparable de la lame permet des coupes et des tranchages profonds, les Veff Serrations\u2122 p\u00e9n\u00e8trent dans la corde et la ligne, tandis que le double meulage rend la pouss\u00e9e plus efficace. La poign\u00e9e \u00e9tonnamment compacte en G10 et en fibre de carbone permet une prise ferme \u00e0 quatre doigts et est finie avec un goujon bleu \u00e9lectrique et un clip de poche.<\/p>\n<p>Construit sur une ouverture assist\u00e9e, il s&rsquo;ouvre \u00e0 une vitesse incroyablement \u00e9lev\u00e9e lorsque vous appliquez une pression minimale sur l&rsquo;aileron \u00e0 profil bas. Le syst\u00e8me de pivotement \u00e0 roulement \u00e0 billes IKBS\u2122 assure une rotation fluide et le verrou de l&rsquo;insert le maintient fermement en place.<\/p>\n<p>PSD\u2122 est con\u00e7u pour la d\u00e9coupe.<\/p>\n<p>Comment fonctionne l&rsquo;ouverture assist\u00e9e<br \/>\nIl est maintenu solidement ferm\u00e9 dans la poche, mais initie le d\u00e9ploiement et pendant la rotation, la lame s&rsquo;ouvre \u00e0 une vitesse impressionnante pour une ouverture simple et puissante d&rsquo;une seule main.<\/p>\n<p>CARACT\u00c9RISTIQUES<br \/>\nLongueur de la lame 3,63 po (92,20 mm)<br \/>\nBord de lame Veff Serrations\u2122<br \/>\nLame en acier 1.4116<br \/>\nFinition de surface de la lame EDP<br \/>\n\u00c9paisseur de la lame 0,13&Prime; (3,25 mm)<br \/>\nLongueur totale 8,19&Prime; (207,98 mm)<br \/>\nLongueur ferm\u00e9e 4,59&Prime; (116,61 mm)<br \/>\nPoids 4,60 onces. (130,41g)<br \/>\nManche en fibre de carbone avec base G10<br \/>\nCouteau pliant assist\u00e9 Style avec Liner Lock<\/p>\n<p><iframe title=\"CRKT P.S.D.\u2122 (PARTICLE. SEPARATION. DEVICE.) BLACKOUT | Jim Hammond Design\" width=\"800\" height=\"450\" src=\"https:\/\/www.youtube.com\/embed\/zoK6dCUWr8A?feature=oembed\" frameborder=\"0\" allow=\"accelerometer; autoplay; clipboard-write; encrypted-media; gyroscope; picture-in-picture; web-share\" referrerpolicy=\"strict-origin-when-cross-origin\" allowfullscreen><\/iframe><\/p>\n<p>&nbsp;<\/p>\n","protected":false},"excerpt":{"rendered":"<p>Con\u00e7u par Jim Hammond \u00e0 Birmingham, Alabama.<\/p>\n","protected":false},"featured_media":330339,"comment_status":"open","ping_status":"closed","template":"","meta":[],"pwb-brand":[3762],"product_brand":[],"product_cat":[3700,3696],"product_tag":[3754],"class_list":{"0":"post-330337","1":"product","2":"type-product","3":"status-publish","4":"has-post-thumbnail","6":"pwb-brand-crkt-fr","7":"product_cat-couteaux-de-fermeture","8":"product_cat-des-couteaux","9":"product_tag-b2b-fr","11":"first","12":"outofstock","13":"taxable","14":"shipping-taxable","15":"purchasable","16":"product-type-simple"},"brands":[{"id":3762,"name":"CRKT","slug":"crkt-fr"}],"_links":{"self":[{"href":"https:\/\/www.moskito.cz\/fr\/wp-json\/wp\/v2\/product\/330337","targetHints":{"allow":["GET"]}}],"collection":[{"href":"https:\/\/www.moskito.cz\/fr\/wp-json\/wp\/v2\/product"}],"about":[{"href":"https:\/\/www.moskito.cz\/fr\/wp-json\/wp\/v2\/types\/product"}],"replies":[{"embeddable":true,"href":"https:\/\/www.moskito.cz\/fr\/wp-json\/wp\/v2\/comments?post=330337"}],"wp:featuredmedia":[{"embeddable":true,"href":"https:\/\/www.moskito.cz\/fr\/wp-json\/wp\/v2\/media\/330339"}],"wp:attachment":[{"href":"https:\/\/www.moskito.cz\/fr\/wp-json\/wp\/v2\/media?parent=330337"}],"wp:term":[{"taxonomy":"pwb-brand","embeddable":true,"href":"https:\/\/www.moskito.cz\/fr\/wp-json\/wp\/v2\/pwb-brand?post=330337"},{"taxonomy":"product_brand","embeddable":true,"href":"https:\/\/www.moskito.cz\/fr\/wp-json\/wp\/v2\/product_brand?post=330337"},{"taxonomy":"product_cat","embeddable":true,"href":"https:\/\/www.moskito.cz\/fr\/wp-json\/wp\/v2\/product_cat?post=330337"},{"taxonomy":"product_tag","embeddable":true,"href":"https:\/\/www.moskito.cz\/fr\/wp-json\/wp\/v2\/product_tag?post=330337"}],"curies":[{"name":"wp","href":"https:\/\/api.w.org\/{rel}","templated":true}]}}