{"id":330441,"date":"2022-11-19T15:46:13","date_gmt":"2024-04-12T09:43:27","guid":{"rendered":"https:\/\/www.moskito.cz\/produkt\/couteau-de-fermeture-crkt-shenanigan-noir-avec-dentelles-veff\/"},"modified":"2025-05-07T11:10:17","modified_gmt":"2025-05-07T10:10:17","slug":"couteau-de-fermeture-crkt-shenanigan-noir-avec-dentelles-veff","status":"publish","type":"product","link":"https:\/\/www.moskito.cz\/fr\/produkt\/couteau-de-fermeture-crkt-shenanigan-noir-avec-dentelles-veff\/","title":{"rendered":"Couteau de fermeture CRKT SHENANIGAN NOIR AVEC DENTELLES VEFF"},"content":{"rendered":"<p>Couteau de fermeture <strong>CRKT<\/strong> SHENANIGAN NOIR AVEC DENTELLES VEFF.<\/p>\n<p>CRKT\u00ae r\u00e9introduit la gamme classique Shenanigan\u2122, des couteaux pliants de tous les jours pour un usage quotidien con\u00e7us par le designer de couteaux de renomm\u00e9e mondiale Ken Onion. Fortement durable, sa lame noire stonewash de 3,35 pouces avec Veff Serrations\u2122 coupe la corde et la ligne. Associ\u00e9e \u00e0 l&rsquo;innovation prim\u00e9e d&rsquo;ouverture assist\u00e9e de Ken et au syst\u00e8me de goupilles \u00e0 roulement \u00e0 billes IKBS\u2122 pour une ouverture ultra douce et rapide \u2013 malgr\u00e9 ce que son nom pourrait sugg\u00e9rer, cette gamme classique est l\u00e0 pour faire le travail.<br \/>\nOuverture assist\u00e9e : Flipper d\u00e9plie rapidement la lame<br \/>\nOuverture en douceur : L&rsquo;axe \u00e0 roulement \u00e0 billes IKBS\u2122 d\u00e9ploie la lame en douceur<br \/>\nProtection accrue : Le stonewash noir est durable et vieillit bien<br \/>\nExtr\u00eamement tranchant : Veff Serrations\u2122 offre d&rsquo;excellentes performances de coupe pour les cordes et les sangles<br \/>\nS\u00fbr et confortable&nbsp;: poign\u00e9e inject\u00e9e avec poign\u00e9e textur\u00e9e<br \/>\nFermeture facile : le verrou d&rsquo;insertion peut \u00eatre facilement ferm\u00e9 d&rsquo;une seule main<br \/>\nProfil bas&nbsp;: le clip de poche assure un transport s\u00e9curis\u00e9.<\/p>\n<p>CARACT\u00c9RISTIQUES<br \/>\nLongueur de la lame 3,35&Prime; (85,12 mm)<br \/>\nBord de lame Veff Serrations\u2122<br \/>\nLame en acier 1.4116<br \/>\nFinition de la lame Stonewash<br \/>\n\u00c9paisseur de la lame 0,12&Prime; (2,95 mm)<br \/>\nLongueur totale 8,19&Prime; (207,98 mm)<br \/>\nLongueur ferm\u00e9e 4,86&Prime; (123,32 mm)<br \/>\nPoids 3,60 onces. (102,06g)<br \/>\nPoign\u00e9e en nylon renforc\u00e9 de verre<br \/>\nCouteau pliant assist\u00e9 Style avec Liner Lock<\/p>\n<p><iframe title=\"CRKT SHENANIGAN\u2122 | Ken Onion Design\" width=\"800\" height=\"450\" src=\"https:\/\/www.youtube.com\/embed\/RE9C8sg12K4?feature=oembed\" frameborder=\"0\" allow=\"accelerometer; autoplay; clipboard-write; encrypted-media; gyroscope; picture-in-picture; web-share\" referrerpolicy=\"strict-origin-when-cross-origin\" allowfullscreen><\/iframe><\/p>\n<p>&nbsp;<\/p>\n<p>&nbsp;<\/p>\n","protected":false},"excerpt":{"rendered":"<p>Con\u00e7u par Ken Onion \u00e0 Kaneohe, Hawa\u00ef.<\/p>\n","protected":false},"featured_media":330442,"comment_status":"open","ping_status":"closed","template":"","meta":[],"pwb-brand":[3762],"product_brand":[],"product_cat":[3700,3696],"product_tag":[3754],"class_list":{"0":"post-330441","1":"product","2":"type-product","3":"status-publish","4":"has-post-thumbnail","6":"pwb-brand-crkt-fr","7":"product_cat-couteaux-de-fermeture","8":"product_cat-des-couteaux","9":"product_tag-b2b-fr","11":"first","12":"instock","13":"taxable","14":"shipping-taxable","15":"purchasable","16":"product-type-simple"},"brands":[{"id":3762,"name":"CRKT","slug":"crkt-fr"}],"_links":{"self":[{"href":"https:\/\/www.moskito.cz\/fr\/wp-json\/wp\/v2\/product\/330441","targetHints":{"allow":["GET"]}}],"collection":[{"href":"https:\/\/www.moskito.cz\/fr\/wp-json\/wp\/v2\/product"}],"about":[{"href":"https:\/\/www.moskito.cz\/fr\/wp-json\/wp\/v2\/types\/product"}],"replies":[{"embeddable":true,"href":"https:\/\/www.moskito.cz\/fr\/wp-json\/wp\/v2\/comments?post=330441"}],"wp:featuredmedia":[{"embeddable":true,"href":"https:\/\/www.moskito.cz\/fr\/wp-json\/wp\/v2\/media\/330442"}],"wp:attachment":[{"href":"https:\/\/www.moskito.cz\/fr\/wp-json\/wp\/v2\/media?parent=330441"}],"wp:term":[{"taxonomy":"pwb-brand","embeddable":true,"href":"https:\/\/www.moskito.cz\/fr\/wp-json\/wp\/v2\/pwb-brand?post=330441"},{"taxonomy":"product_brand","embeddable":true,"href":"https:\/\/www.moskito.cz\/fr\/wp-json\/wp\/v2\/product_brand?post=330441"},{"taxonomy":"product_cat","embeddable":true,"href":"https:\/\/www.moskito.cz\/fr\/wp-json\/wp\/v2\/product_cat?post=330441"},{"taxonomy":"product_tag","embeddable":true,"href":"https:\/\/www.moskito.cz\/fr\/wp-json\/wp\/v2\/product_tag?post=330441"}],"curies":[{"name":"wp","href":"https:\/\/api.w.org\/{rel}","templated":true}]}}