{"id":330565,"date":"2023-12-12T22:25:32","date_gmt":"2024-04-12T11:30:39","guid":{"rendered":"https:\/\/www.moskito.cz\/produkt\/columbia-river-crkt-jim-hammond-abc-toutes-les-bases-couvertes-2606-couteau-pliant\/"},"modified":"2025-05-07T11:10:19","modified_gmt":"2025-05-07T10:10:19","slug":"columbia-river-crkt-jim-hammond-abc-toutes-les-bases-couvertes-2606-couteau-pliant","status":"publish","type":"product","link":"https:\/\/www.moskito.cz\/fr\/produkt\/columbia-river-crkt-jim-hammond-abc-toutes-les-bases-couvertes-2606-couteau-pliant\/","title":{"rendered":"Columbia River CRKT Jim Hammond ABC Toutes les bases couvertes 2606 Couteau pliant"},"content":{"rendered":"<p>Columbia River <strong>CRKT<\/strong> Jim Hammond ABC Toutes les bases couvertes 2606 Couteau pliant<\/p>\n<p>Con\u00e7u pour une r\u00e9ponse rapide. ABC (All. Bases. Covered.) de Jim Hammond revient sous une forme encore plus polyvalente. D\u00e9sormais pliable, il apporte la polyvalence de la lame fixe d&rsquo;origine dans un design plus pratique et compact. Et gr\u00e2ce \u00e0 l&rsquo;ouverture assist\u00e9e et aux roulements IKBS, il est toujours pr\u00eat \u00e0 passer \u00e0 l&rsquo;action \u00e0 tout moment, tandis que la poign\u00e9e G10 offre une forte adh\u00e9rence m\u00eame par mauvais temps.<\/p>\n<p>Comment fonctionne l&rsquo;ouverture assist\u00e9e<\/p>\n<p>Il est maintenu solidement ferm\u00e9 dans la poche, mais lancez le d\u00e9ploiement et la lame s&rsquo;ouvre \u00e0 une vitesse impressionnante pour une ouverture facile et puissante d&rsquo;une seule main dans la section pivotante.<\/p>\n<p>Fonction<br \/>\nLe Flipper \u00e0 ouverture assist\u00e9e d\u00e9plie rapidement la lame<br \/>\nLa goupille \u00e0 roulement \u00e0 billes IKBS fait glisser la lame en douceur<br \/>\nLa poign\u00e9e G10 est solide et l\u00e9g\u00e8re<br \/>\nLe Liner Lock peut \u00eatre facilement ferm\u00e9 d&rsquo;une seule main<br \/>\nClip de poche discret pour un transport s\u00e9curis\u00e9<br \/>\nCaract\u00e9ristiques<br \/>\nLongueur de la lame : 8,47 cm<br \/>\nLongueur totale : 20 cm<br \/>\nMat\u00e9riau de la lame : Acier inoxydable 12C27<br \/>\nStyle de lame : Tanto<br \/>\nMeulage de la lame&nbsp;: creux<br \/>\nFinition de la lame : noir<br \/>\nMat\u00e9riau du manche : G10 noir<br \/>\nM\u00e9canisme de verrouillage : Liner Lock<br \/>\nClip de poche&nbsp;: (pliable, \u00e0 porter \u00e0 droite)<br \/>\nPoids : 3,81 onces.<br \/>\nConcepteur : Jim Hammond<\/p>\n<p><iframe title=\"CRKT A.B.C. I Jim Hammond Design\" width=\"800\" height=\"450\" src=\"https:\/\/www.youtube.com\/embed\/ocKMid9erqM?feature=oembed\" frameborder=\"0\" allow=\"accelerometer; autoplay; clipboard-write; encrypted-media; gyroscope; picture-in-picture; web-share\" referrerpolicy=\"strict-origin-when-cross-origin\" allowfullscreen><\/iframe><\/p>\n<p>&nbsp;<\/p>\n","protected":false},"excerpt":{"rendered":"<p><strong>CONCEPTEUR&nbsp;:&nbsp;Jim Hammond<\/strong><br \/>\n<strong>Birmingham, Alabama<\/strong><br \/>\n<strong>Jim a \u00e9t\u00e9 le premier coupeur \u00e0 travailler avec CRKT\u00ae en 1994, mais avant cela, il avait plus de 17 ans d&rsquo;exp\u00e9rience sous la ceinture orn\u00e9e de lames. Apr\u00e8s avoir obtenu son dipl\u00f4me de Clemson en 1977, il a rapidement gravi les \u00e9chelons, se sp\u00e9cialisant dans les chasseurs tactiques militaires et de collection comme notre s\u00e9rie FE\u2122. Membre de la Knife Makers Guild depuis 1978, ses cr\u00e9ations \u2013 et ses swings de golf \u2013 sont synonymes de perfection, de go\u00fbt et de fonctionnalit\u00e9.<\/strong><\/p>\n","protected":false},"featured_media":330566,"comment_status":"open","ping_status":"closed","template":"","meta":[],"pwb-brand":[3762],"product_brand":[],"product_cat":[3700,3696],"product_tag":[3754],"class_list":{"0":"post-330565","1":"product","2":"type-product","3":"status-publish","4":"has-post-thumbnail","6":"pwb-brand-crkt-fr","7":"product_cat-couteaux-de-fermeture","8":"product_cat-des-couteaux","9":"product_tag-b2b-fr","11":"first","12":"instock","13":"sale","14":"taxable","15":"shipping-taxable","16":"purchasable","17":"product-type-simple"},"brands":[{"id":3762,"name":"CRKT","slug":"crkt-fr"}],"_links":{"self":[{"href":"https:\/\/www.moskito.cz\/fr\/wp-json\/wp\/v2\/product\/330565","targetHints":{"allow":["GET"]}}],"collection":[{"href":"https:\/\/www.moskito.cz\/fr\/wp-json\/wp\/v2\/product"}],"about":[{"href":"https:\/\/www.moskito.cz\/fr\/wp-json\/wp\/v2\/types\/product"}],"replies":[{"embeddable":true,"href":"https:\/\/www.moskito.cz\/fr\/wp-json\/wp\/v2\/comments?post=330565"}],"wp:featuredmedia":[{"embeddable":true,"href":"https:\/\/www.moskito.cz\/fr\/wp-json\/wp\/v2\/media\/330566"}],"wp:attachment":[{"href":"https:\/\/www.moskito.cz\/fr\/wp-json\/wp\/v2\/media?parent=330565"}],"wp:term":[{"taxonomy":"pwb-brand","embeddable":true,"href":"https:\/\/www.moskito.cz\/fr\/wp-json\/wp\/v2\/pwb-brand?post=330565"},{"taxonomy":"product_brand","embeddable":true,"href":"https:\/\/www.moskito.cz\/fr\/wp-json\/wp\/v2\/product_brand?post=330565"},{"taxonomy":"product_cat","embeddable":true,"href":"https:\/\/www.moskito.cz\/fr\/wp-json\/wp\/v2\/product_cat?post=330565"},{"taxonomy":"product_tag","embeddable":true,"href":"https:\/\/www.moskito.cz\/fr\/wp-json\/wp\/v2\/product_tag?post=330565"}],"curies":[{"name":"wp","href":"https:\/\/api.w.org\/{rel}","templated":true}]}}