{"id":330769,"date":"2023-11-28T21:52:05","date_gmt":"2023-11-28T20:52:05","guid":{"rendered":"https:\/\/www.moskito.cz\/produkt\/couteau-de-fermeture-spyderco-clipitool-c208gp\/"},"modified":"2024-04-12T13:15:07","modified_gmt":"2024-04-12T12:15:07","slug":"couteau-de-fermeture-spyderco-clipitool-c208gp","status":"publish","type":"product","link":"https:\/\/www.moskito.cz\/fr\/produkt\/couteau-de-fermeture-spyderco-clipitool-c208gp\/","title":{"rendered":"Couteau de fermeture Spyderco ClipiTool C208GP"},"content":{"rendered":"<p>Couteau de fermeture <strong>Spyderco<\/strong> ClipiTool C208GP<\/p>\n<p>ClipiTool<br \/>\nLe plus ancien couteau de poche multi-lames connu a \u00e9t\u00e9 d\u00e9velopp\u00e9 par les Romains vers 200 apr\u00e8s JC. Il comprenait une cuill\u00e8re pliante, une lame, une pointe, une fourchette, une spatule et un cure-dent et \u00e9tait litt\u00e9ralement en avance de plusieurs si\u00e8cles sur son temps \u00e0 bien des \u00e9gards.<\/p>\n<p>Les couteaux de poche multilames d&rsquo;aujourd&rsquo;hui offrent une polyvalence \u00e9tonnante dans un ensemble compact et extr\u00eamement abordable. Ils vont des mod\u00e8les de base comme le couteau Boy Scout classique aux outils pliants sophistiqu\u00e9s offrant plus de 30 fonctions diff\u00e9rentes. Cependant, malgr\u00e9 leur utilit\u00e9, les conceptions multilames conventionnelles souffrent toutes des m\u00eames limites. Les plus petits sont de v\u00e9ritables couteaux de poche et doivent rivaliser avec les pi\u00e8ces de monnaie, les cl\u00e9s et autres objets qui se trouvent au fond de votre poche. Leurs homologues plus grands et plus performants sont souvent trop grands pour \u00eatre transport\u00e9s confortablement dans une poche et n\u00e9cessitent un \u00e9tui de ceinture. Peut-\u00eatre plus important encore, les diff\u00e9rents outils de ces couteaux s&rsquo;appuient sur des encoches traditionnelles ou des encoches pour les ongles pour s&rsquo;ouvrir. Ensemble, ces d\u00e9fauts rendent souvent l\u2019utilisation de ces outils lente, fastidieuse et casse-ongles.<\/p>\n<p>La famille ClipiTool unique de <strong>Spyderco<\/strong> surmonte ces d\u00e9fis en combinant la fonctionnalit\u00e9 d&rsquo;un couteau de poche multi-lames classique avec les avantages du transport par clip et l&rsquo;al\u00e9sage rond de la marque Spyderco. Le r\u00e9sultat est une classe r\u00e9volutionnaire d&rsquo;outils de transport quotidien qui se glisse confortablement dans le haut de votre poche et est instantan\u00e9ment accessible et facile \u00e0 ouvrir.<\/p>\n<p>Les trois premiers mod\u00e8les ClipiTool de <strong>Spyderco<\/strong> , introduits en 2014, combinaient une lame principale non verrouillable \u00e0 joint coulissant avec des outils secondaires pliables comprenant des ciseaux, une lame dentel\u00e9e ou un ouvre-bouteille et un tournevis \u00e0 t\u00eate plate. Les trous ronds distinctifs de la lame et de l&rsquo;outil secondaire facilitent leur ouverture et proclament fi\u00e8rement leur identit\u00e9 Spyderco. Leurs poign\u00e9es en acier inoxydable au fini satin\u00e9 comportaient \u00e9galement des clips en sablier pour un transport pratique dans la poche sup\u00e9rieure. Ces caract\u00e9ristiques distinctives ont rapidement conquis le concept ClipiTool aupr\u00e8s d&rsquo;un public d&rsquo;utilisateurs finaux d\u00e9vou\u00e9s. Ils ont \u00e9galement inspir\u00e9 des demandes pour d\u2019autres conceptions offrant des outils et des fonctionnalit\u00e9s suppl\u00e9mentaires. En r\u00e9ponse \u00e0 cette demande, Spyderco est fier d&rsquo;annoncer la norme ClipiTool.<\/p>\n<p>Norme ClipiTool<br \/>\nLe ClipiTool Standard \u00e9l\u00e8ve le concept original de la famille ClipiTool \u00e0 un couteau de poche pleine grandeur avec deux outils pliants suppl\u00e9mentaires. L&rsquo;attraction phare de ce mod\u00e8le est la lame en forme de feuille enti\u00e8rement plate en acier inoxydable 8Cr13MoV. Contrairement \u00e0 ses fr\u00e8res \u00e0 joint coulissant plus petits, la lame principale PlainEdge de ce ClipiTool s&rsquo;ouvre en toute s\u00e9curit\u00e9 gr\u00e2ce \u00e0 un m\u00e9canisme de verrouillage d&rsquo;insertion solide. Il est compl\u00e9t\u00e9 par un ouvre-bo\u00eete\/petit tournevis pliable et un ouvre-bo\u00eete\/gros tournevis avec encoche pour d\u00e9nuder les fils. Les deux t\u00eates de tournevis sont creuses pour garantir un ajustement s\u00fbr dans les vis \u00e0 fente. Bien qu&rsquo;ils ne se verrouillent pas, ils sont soutenus par des m\u00e9canismes \u00e0 ressort robustes qui les maintiennent ouverts pendant l&rsquo;utilisation et disposent de \u00ab demi-but\u00e9es \u00bb au point de 90 degr\u00e9s, permettant d&rsquo;utiliser la poign\u00e9e pour un effet de levier suppl\u00e9mentaire. Comme la lame principale, les deux outils sont usin\u00e9s avec pr\u00e9cision \u00e0 partir d&rsquo;acier inoxydable 8Cr13MoV et comportent des index textur\u00e9s et des trous ronds de taille g\u00e9n\u00e9reuse. Caract\u00e9ristique de tous les couteaux Spyderco, l&rsquo;ouverture circulaire identifie fi\u00e8rement le pedigree du couteau et permet une ouverture rapide et facile des trois outils d&rsquo;une seule main.<\/p>\n<p>La poign\u00e9e ClipiTool Standard est construite autour d&rsquo;une construction d&rsquo;inserts en acier inoxydable, d&rsquo;\u00e9cailles G10 noires textur\u00e9es et d&rsquo;inserts arri\u00e8re et de ressorts solides en acier inoxydable. Sa conception \u00e0 visser garantit un alignement pr\u00e9cis de toutes les pi\u00e8ces, et le fermoir en sablier \u00e0 deux positions offre la possibilit\u00e9 de le porter du c\u00f4t\u00e9 droit vers le haut ou vers le bas.<\/p>\n<p>Caract\u00e9ristiques<br \/>\nLongueur de la lame<br \/>\nClipiTool 3 lames : 8,75 cm<br \/>\nOuvre-bo\u00eete : 3,57 cm<br \/>\nOuvre-bouteille : 3,62 cm<br \/>\nLongueur ferm\u00e9 : 11 cm<br \/>\nlongueur totale<br \/>\nClipiTool 3 lames : 19,75 cm<br \/>\nOuvre-bo\u00eete : 14,57 cm<br \/>\nOuvre-bouteille : 14,62 cm<br \/>\nMat\u00e9riau de la lame : acier inoxydable 8Cr13MoV<br \/>\nMeulage de la lame&nbsp;: Enti\u00e8rement plat<br \/>\nBord de la lame&nbsp;:&nbsp;Lisse<br \/>\nMat\u00e9riau du manche : G10<br \/>\nCouleur de la poign\u00e9e: noir<br \/>\nM\u00e9canisme de verrouillage<br \/>\nClipiTool 3 lames&nbsp;: Liner Lock<br \/>\nOuvre-bo\u00eete&nbsp;: Slipjoint<br \/>\nOuvre-bouteille&nbsp;: Slipjoint<br \/>\nClip de poche&nbsp;: rabattable, \u00e0 porter \u00e0 droite<br \/>\nPoids : 4,2 onces.<\/p>\n","protected":false},"excerpt":{"rendered":"<p><strong>Le plus ancien couteau de poche multi-lames connu a \u00e9t\u00e9 d\u00e9velopp\u00e9 par les Romains vers 200 apr\u00e8s JC. Il comprenait une cuill\u00e8re pliante, une lame, une pointe, une fourchette, une spatule et un cure-dent et \u00e9tait litt\u00e9ralement en avance de plusieurs si\u00e8cles sur son temps \u00e0 bien des \u00e9gards.<\/strong><\/p>\n","protected":false},"featured_media":330777,"comment_status":"open","ping_status":"closed","template":"","meta":[],"pwb-brand":[3778],"product_brand":[],"product_cat":[3700,3696],"product_tag":[3754],"class_list":{"0":"post-330769","1":"product","2":"type-product","3":"status-publish","4":"has-post-thumbnail","6":"pwb-brand-spyderco-fr","7":"product_cat-couteaux-de-fermeture","8":"product_cat-des-couteaux","9":"product_tag-b2b-fr","11":"first","12":"instock","13":"taxable","14":"shipping-taxable","15":"purchasable","16":"product-type-simple"},"brands":[{"id":3778,"name":"Spyderco","slug":"spyderco-fr"}],"_links":{"self":[{"href":"https:\/\/www.moskito.cz\/fr\/wp-json\/wp\/v2\/product\/330769","targetHints":{"allow":["GET"]}}],"collection":[{"href":"https:\/\/www.moskito.cz\/fr\/wp-json\/wp\/v2\/product"}],"about":[{"href":"https:\/\/www.moskito.cz\/fr\/wp-json\/wp\/v2\/types\/product"}],"replies":[{"embeddable":true,"href":"https:\/\/www.moskito.cz\/fr\/wp-json\/wp\/v2\/comments?post=330769"}],"wp:featuredmedia":[{"embeddable":true,"href":"https:\/\/www.moskito.cz\/fr\/wp-json\/wp\/v2\/media\/330777"}],"wp:attachment":[{"href":"https:\/\/www.moskito.cz\/fr\/wp-json\/wp\/v2\/media?parent=330769"}],"wp:term":[{"taxonomy":"pwb-brand","embeddable":true,"href":"https:\/\/www.moskito.cz\/fr\/wp-json\/wp\/v2\/pwb-brand?post=330769"},{"taxonomy":"product_brand","embeddable":true,"href":"https:\/\/www.moskito.cz\/fr\/wp-json\/wp\/v2\/product_brand?post=330769"},{"taxonomy":"product_cat","embeddable":true,"href":"https:\/\/www.moskito.cz\/fr\/wp-json\/wp\/v2\/product_cat?post=330769"},{"taxonomy":"product_tag","embeddable":true,"href":"https:\/\/www.moskito.cz\/fr\/wp-json\/wp\/v2\/product_tag?post=330769"}],"curies":[{"name":"wp","href":"https:\/\/api.w.org\/{rel}","templated":true}]}}