{"id":330844,"date":"2023-07-10T21:09:11","date_gmt":"2024-04-12T12:15:38","guid":{"rendered":"https:\/\/www.moskito.cz\/produkt\/couteau-pliant-spyderco-marcin-slysz-techno-2-c158tip2\/"},"modified":"2025-05-07T11:10:26","modified_gmt":"2025-05-07T10:10:26","slug":"couteau-pliant-spyderco-marcin-slysz-techno-2-c158tip2","status":"publish","type":"product","link":"https:\/\/www.moskito.cz\/fr\/produkt\/couteau-pliant-spyderco-marcin-slysz-techno-2-c158tip2\/","title":{"rendered":"Couteau pliant Spyderco Marcin Slysz Techno 2 C158TIP2"},"content":{"rendered":"<p>Couteau pliant <strong>Spyderco<\/strong> Marcin Slysz Techno 2 C158TIP2<\/p>\n<p>En 2012, <strong>Spyderco<\/strong> a lanc\u00e9 sa premi\u00e8re collaboration avec le coutelier polonais Marcin Slysz \u2014 Techno. Son design simple et \u00e9l\u00e9gant et son style de construction robuste ont imm\u00e9diatement attir\u00e9 l&rsquo;attention de la communaut\u00e9 <strong>Spyderco<\/strong> et ont mis en lumi\u00e8re Slysz et ses couteaux personnalis\u00e9s d&rsquo;une fabrication exquise. En peu de temps, le Techno a gagn\u00e9 un public d\u00e9vou\u00e9 et a contribu\u00e9 \u00e0 red\u00e9finir le concept du couteau pliant compact.<\/p>\n<p>Bien que Slysz ait ensuite collabor\u00e9 avec <strong>Spyderco<\/strong> sur deux autres mod\u00e8les, la Techno a continu\u00e9 \u00e0 captiver les utilisateurs finaux du monde entier. \u00c0 mesure que sa popularit\u00e9 continuait de cro\u00eetre, le nombre de demandes re\u00e7ues par Spyderco pour une version mise \u00e0 jour et encore plus raffin\u00e9e augmentait \u00e9galement. Slysz, qui avait d\u00e9j\u00e0 ses propres id\u00e9es pour am\u00e9liorer le design, \u00e9tait plus qu&rsquo;heureux de r\u00e9pondre et a r\u00e9pondu avec Techno 2.<\/p>\n<p>Comme son pr\u00e9d\u00e9cesseur, le Techno 2 offre une puissance et une utilit\u00e9 \u00e9normes dans un bo\u00eetier incroyablement compact. Sa lame d\u00e9lav\u00e9e \u00e0 la pierre est toujours fabriqu\u00e9e en acier inoxydable CTS-XHP de premi\u00e8re qualit\u00e9, mais son \u00e9paisseur a \u00e9t\u00e9 r\u00e9duite de 4,5 mm (0,177 po) \u00e0 une tondeuse de 3,5 mm (0,138 po). Au lieu d&rsquo;une aff\u00fbtage complet, il pr\u00e9sente une aff\u00fbtage sabre \u00e9lev\u00e9 qui maintient une colonne vert\u00e9brale pleine \u00e9paisseur pour plus de r\u00e9sistance tout en offrant une excellente g\u00e9om\u00e9trie de coupe pour des performances de coupe \u00e0 faible friction. Le profil de la lame a \u00e9galement \u00e9t\u00e9 am\u00e9lior\u00e9 pour ressembler presque \u00e0 une forme de pied de mouton au lieu du motif \u00e0 point de chute pr\u00e9c\u00e9dent. Cela offre une meilleure utilit\u00e9 de point et un meilleur effet de levier de coupe par rapport \u00e0 l&rsquo;original. La bordure strat\u00e9giquement plac\u00e9e sur la rampe du pouce offre un achat antid\u00e9rapant pour un contr\u00f4le maximal pendant l&rsquo;utilisation, et l&rsquo;ouverture ronde de marque permet une ouverture rapide d&rsquo;une seule main.<\/p>\n<p>La poign\u00e9e du Techno 2 a \u00e9galement \u00e9t\u00e9 peaufin\u00e9e, tout en conservant toutes les caract\u00e9ristiques cl\u00e9s de l&rsquo;original. Il se compose de deux \u00e9cailles solides fabriqu\u00e9es avec pr\u00e9cision \u00e0 partir de titane massif 6Al4V. Les deux disposent d&rsquo;une belle finition en pierre et sont usin\u00e9s pour accepter un clip m\u00e9tallique profond pour couteau de poche qui pivote facilement pour un transport sur le c\u00f4t\u00e9 gauche ou droit. Au lieu de l&rsquo;entretoise arri\u00e8re G10 de la conception de premi\u00e8re g\u00e9n\u00e9ration, les balances Techno 2 sont reli\u00e9es par des entretoises en titane anodis\u00e9 vert pour r\u00e9duire le poids et cr\u00e9er un style de conception ouvert et facile \u00e0 nettoyer. L&rsquo;\u00e9chelle situ\u00e9e \u00e0 l&rsquo;arri\u00e8re constitue la base du solide m\u00e9canisme Reeve Integral Lock (RIL) du couteau, qui maintient la lame bien ouverte pendant l&rsquo;utilisation, tout en pouvant \u00eatre facilement lib\u00e9r\u00e9e d&rsquo;une seule main. Pour les utilisateurs finaux qui aiment accessoiriser leurs couteaux avec des lani\u00e8res ou des pendentifs,<\/p>\n<p>Le Techno 2, tr\u00e8s sophistiqu\u00e9, est un outil de coupe compact et extr\u00eamement pratique, capable de fonctionner avec une autorit\u00e9 bien au-del\u00e0 de sa taille. Il surpasse clairement son pr\u00e9d\u00e9cesseur tout en continuant de mettre en valeur l&rsquo;approche distinctive de Marcin Slysz en mati\u00e8re de conception de couteaux.<\/p>\n<p>Marcin Slysz<br \/>\nLa fascination de Marcin Slysz pour les couteaux a commenc\u00e9 d\u00e8s son plus jeune \u00e2ge avec son tout premier couteau de poche. Au fur et \u00e0 mesure que son int\u00e9r\u00eat grandissait, certains de ses amis, fervents collectionneurs de couteaux, commenc\u00e8rent \u00e0 lui faire d\u00e9couvrir le monde de la fabrication \u00ab s\u00e9rieuse \u00bb et des couteaux artisanaux. Malheureusement, Slysz a constat\u00e9 que ces couteaux \u00e9taient \u00e9galement propos\u00e9s \u00e0 des prix \u00ab s\u00e9rieux \u00bb, bien sup\u00e9rieurs \u00e0 son budget. Sans se laisser d\u00e9courager, il a d\u00e9cid\u00e9 que s&rsquo;il ne pouvait pas acheter les couteaux qu&rsquo;il voulait, il les fabriquerait lui-m\u00eame.<\/p>\n<p>Slysz a fabriqu\u00e9 son premier couteau en 2006, une lame lourde et solide qu&rsquo;il a fabriqu\u00e9e avec rien de plus qu&rsquo;une lime et beaucoup d&rsquo;huile de coude. M\u00eame s&rsquo;il s&rsquo;agissait d&rsquo;un processus lent et extr\u00eamement ardu, il l&rsquo;appr\u00e9ciait \u00e9norm\u00e9ment et \u00e9tait convaincu d&rsquo;avoir trouv\u00e9 sa vocation dans la vie. Peu de temps apr\u00e8s, il investit dans un broyeur et commence s\u00e9rieusement \u00e0 fabriquer des couteaux. Alors que les lames fixes ont conduit aux couteaux pliants et que ses comp\u00e9tences et ses outils ont continu\u00e9 \u00e0 s&rsquo;am\u00e9liorer, Slysz a finalement d\u00e9cid\u00e9 de quitter son emploi \u00e0 temps plein pour poursuivre une carri\u00e8re dans la coutellerie. Il n&rsquo;a jamais regard\u00e9 en arri\u00e8re.<\/p>\n<p>Aujourd&rsquo;hui consid\u00e9r\u00e9 comme l&rsquo;un des principaux fabricants de couteaux personnalis\u00e9s en Pologne, Slysz se sp\u00e9cialise dans les planches de haute technologie \u00e0 th\u00e8me tactique fabriqu\u00e9es \u00e0 partir de mat\u00e9riaux de pointe. Pour les manches de scie sauteuse, il pr\u00e9f\u00e8re la solidit\u00e9 et la l\u00e9g\u00e8ret\u00e9 du titane et du timask, et pour les lames solides, l&rsquo;aspect et la texture de la toile Micarta sabl\u00e9e. Pour les aciers \u00e0 lames, il travaille principalement en RWL34, mais utilise \u00e9galement le CPM-S30V, le 154CM, le Damasteel et l&rsquo;acier inoxydable Damas forg\u00e9 sur mesure de Chad Nichols. La grande majorit\u00e9 de ses cr\u00e9ations comportent des poign\u00e9es en titane, des verrous int\u00e9gr\u00e9s Reeve (RIL) et des lames en acier inoxydable de qualit\u00e9 sup\u00e9rieure&nbsp;; cependant, il est tout aussi confortable de fabriquer des pochettes pliantes, une grande vari\u00e9t\u00e9 de lames fixes et une vari\u00e9t\u00e9 d&rsquo;outils et de gadgets tactiques sp\u00e9cialis\u00e9s. Il r\u00e9alise m\u00eame sa propre gravure sur les couteaux et sur des bijoux faits \u00e0 la main.<\/p>\n<p>Le savoir-faire impeccable de Slysz et son attention m\u00e9ticuleuse aux d\u00e9tails ont rendu ses couteaux personnalis\u00e9s extr\u00eamement populaires aupr\u00e8s des collectionneurs et des utilisateurs finaux exigeants du monde entier. Ils ont \u00e9galement attir\u00e9 l&rsquo;attention des dirigeants de Spyderco et ont fait de lui un choix naturel pour un projet de collaboration avec Spyderco. La sortie de son dossier Techno en 2012 a cr\u00e9\u00e9 un buzz imm\u00e9diat et a rapidement gagn\u00e9 un public passionn\u00e9 au sein de la communaut\u00e9 Spyderco. Il a \u00e9t\u00e9 suivi par Slysz Bowie en 2014 et SpydieChef en 2016, qui ont tous deux continu\u00e9 \u00e0 accro\u00eetre la popularit\u00e9 de Slysz et la reconnaissance de son travail par la communaut\u00e9 des couteaux.<\/p>\n<p>Caract\u00e9ristiques<br \/>\nLongueur de la lame : 6,37 cm<br \/>\nLongueur ferm\u00e9 : 8,6 cm<br \/>\nLongueur totale : 14,97 cm<br \/>\n\u00c9paisseur de la lame : 0,34 cm<br \/>\nMat\u00e9riau de la lame&nbsp;: CTS-XHP<br \/>\nStyle de lame&nbsp;: Pied de mouton<br \/>\nAff\u00fbtage de la lame : Sabre<br \/>\nTraitement de surface de la lame : Stonewash<br \/>\nBord de la lame&nbsp;:&nbsp;Lisse<br \/>\nMat\u00e9riau du manche : Titane<br \/>\nCouleur du manche : gris<br \/>\nM\u00e9canisme de verrouillage&nbsp;:&nbsp;Frame Lock<br \/>\nClip de poche&nbsp;: rabattable, \u00e0 porter \u00e0 gauche\/\u00e0 droite<br \/>\nNum\u00e9ro de mod\u00e8le: C158TIP2<br \/>\nNom du mod\u00e8le : Techno 2<br \/>\nPoids : 3,4 onces.<\/p>\n","protected":false},"excerpt":{"rendered":"<p><strong>En 2012, Spyderco a lanc\u00e9 sa premi\u00e8re collaboration avec le coutelier polonais Marcin Slysz \u2014 Techno.<\/strong><\/p>\n","protected":false},"featured_media":330847,"comment_status":"open","ping_status":"closed","template":"","meta":[],"pwb-brand":[3778],"product_brand":[],"product_cat":[3700,3696],"product_tag":[3754],"class_list":{"0":"post-330844","1":"product","2":"type-product","3":"status-publish","4":"has-post-thumbnail","6":"pwb-brand-spyderco-fr","7":"product_cat-couteaux-de-fermeture","8":"product_cat-des-couteaux","9":"product_tag-b2b-fr","11":"first","12":"instock","13":"taxable","14":"shipping-taxable","15":"purchasable","16":"product-type-simple"},"brands":[{"id":3778,"name":"Spyderco","slug":"spyderco-fr"}],"_links":{"self":[{"href":"https:\/\/www.moskito.cz\/fr\/wp-json\/wp\/v2\/product\/330844","targetHints":{"allow":["GET"]}}],"collection":[{"href":"https:\/\/www.moskito.cz\/fr\/wp-json\/wp\/v2\/product"}],"about":[{"href":"https:\/\/www.moskito.cz\/fr\/wp-json\/wp\/v2\/types\/product"}],"replies":[{"embeddable":true,"href":"https:\/\/www.moskito.cz\/fr\/wp-json\/wp\/v2\/comments?post=330844"}],"wp:featuredmedia":[{"embeddable":true,"href":"https:\/\/www.moskito.cz\/fr\/wp-json\/wp\/v2\/media\/330847"}],"wp:attachment":[{"href":"https:\/\/www.moskito.cz\/fr\/wp-json\/wp\/v2\/media?parent=330844"}],"wp:term":[{"taxonomy":"pwb-brand","embeddable":true,"href":"https:\/\/www.moskito.cz\/fr\/wp-json\/wp\/v2\/pwb-brand?post=330844"},{"taxonomy":"product_brand","embeddable":true,"href":"https:\/\/www.moskito.cz\/fr\/wp-json\/wp\/v2\/product_brand?post=330844"},{"taxonomy":"product_cat","embeddable":true,"href":"https:\/\/www.moskito.cz\/fr\/wp-json\/wp\/v2\/product_cat?post=330844"},{"taxonomy":"product_tag","embeddable":true,"href":"https:\/\/www.moskito.cz\/fr\/wp-json\/wp\/v2\/product_tag?post=330844"}],"curies":[{"name":"wp","href":"https:\/\/api.w.org\/{rel}","templated":true}]}}