{"id":330913,"date":"2022-08-21T11:43:52","date_gmt":"2022-08-21T10:43:52","guid":{"rendered":"https:\/\/www.moskito.cz\/produkt\/couteau-de-fermeture-crkt-m16-14zlek\/"},"modified":"2025-05-07T11:10:28","modified_gmt":"2025-05-07T10:10:28","slug":"couteau-de-fermeture-crkt-m16-14zlek","status":"publish","type":"product","link":"https:\/\/www.moskito.cz\/fr\/produkt\/couteau-de-fermeture-crkt-m16-14zlek\/","title":{"rendered":"Couteau de fermeture CRKT M16-14ZLEK"},"content":{"rendered":"<div class=\"flex-1 overflow-hidden @container\/thread\">\n<div class=\"h-full\">\n<div class=\"react-scroll-to-bottom--css-vxybp-79elbk h-full\">\n<div class=\"react-scroll-to-bottom--css-vxybp-1n7m0yu\">\n<div class=\"flex flex-col text-sm\">\n<article class=\"w-full scroll-mb-[var(--thread-trailing-height,150px)] text-token-text-primary focus-visible:outline-2 focus-visible:outline-offset-[-4px]\" dir=\"auto\" data-testid=\"conversation-turn-271\" data-scroll-anchor=\"true\">\n<div class=\"m-auto text-base py-[18px] px-3 md:px-4 w-full md:px-5 lg:px-4 xl:px-5\">\n<div class=\"mx-auto flex flex-1 gap-4 text-base md:gap-5 lg:gap-6 md:max-w-3xl\">\n<div class=\"group\/conversation-turn relative flex w-full min-w-0 flex-col agent-turn\">\n<div class=\"flex-col gap-1 md:gap-3\">\n<div class=\"flex max-w-full flex-col flex-grow\">\n<div class=\"min-h-8 text-message flex w-full flex-col items-end gap-2 whitespace-normal break-words text-start [.text-message+&amp;]:mt-5\" dir=\"auto\" data-message-author-role=\"assistant\" data-message-id=\"525b3088-61fc-4e8d-944e-1698c90937bf\" data-message-model-slug=\"gpt-4o-mini\">\n<div class=\"flex w-full flex-col gap-1 empty:hidden first:pt-[3px]\">\n<div class=\"markdown prose w-full break-words dark:prose-invert light\">\n<p><strong>Couteau de fermeture CRKT M16-14ZLEK<\/strong><\/p>\n<p><strong>Le CRKT M16-14ZLEK<\/strong> est un mod\u00e8le exceptionnel de la s\u00e9rie M16 de Kit Carson, con\u00e7u pour les utilisateurs exigeants qui ont besoin d&rsquo;un couteau avec des caract\u00e9ristiques professionnelles et d&rsquo;excellentes propri\u00e9t\u00e9s pour assurer s\u00e9curit\u00e9 et efficacit\u00e9. Ce couteau combine une conception robuste, des mat\u00e9riaux de qualit\u00e9 et une fonctionnalit\u00e9 tactique, ce qui le rend id\u00e9al pour les travailleurs sur le terrain, les sauveteurs, les militaires et le personnel de s\u00e9curit\u00e9. <\/p>\n<h3><strong>Principales caract\u00e9ristiques et sp\u00e9cifications :<\/strong><\/h3>\n<ol>\n<li><strong>Longueur de la lame<\/strong> : 3,75&Prime; (95,25 mm)\n<ul>\n<li>La longueur de la lame est id\u00e9ale pour les t\u00e2ches d&rsquo;urgence et le transport quotidien, offrant une longueur suffisante pour toutes les t\u00e2ches qui n\u00e9cessitent force et pr\u00e9cision.<\/li>\n<\/ul>\n<\/li>\n<li><strong>Tranchant de la lame<\/strong> : <strong>Triple Point Serrations\u2122<\/strong>\n<ul>\n<li>Triple Point\u2122 est une conception de dentelure unique qui offre d&rsquo;excellentes propri\u00e9t\u00e9s de coupe pour une vari\u00e9t\u00e9 de mat\u00e9riaux tels que les cordes, les toiles, les cordons ou la v\u00e9g\u00e9tation, ce qui le rend id\u00e9al pour une utilisation dans des situations exigeantes.<\/li>\n<\/ul>\n<\/li>\n<li><strong>Mat\u00e9riau de la lame<\/strong> : <strong>acier AUS 8<\/strong>\n<ul>\n<li>L&rsquo;acier AUS 8 est durable, a une teneur \u00e9lev\u00e9e en carbone et offre une lame de haute qualit\u00e9 qui conserve son tranchant pendant longtemps tout en \u00e9tant facile \u00e0 aff\u00fbter. Cet acier est id\u00e9al pour une large gamme de t\u00e2ches, du travail avec des mat\u00e9riaux fibreux aux t\u00e2ches plus lourdes. <\/li>\n<\/ul>\n<\/li>\n<li><strong>Traitement de surface de la lame<\/strong> : <strong>Nitrure de titane<\/strong>\n<ul>\n<li>Le traitement de surface au nitrure de titane assure une haute r\u00e9sistance \u00e0 la corrosion et aux rayures. La lame conserve son apparence et sa fonctionnalit\u00e9 pendant longtemps et offre \u00e9galement une meilleure r\u00e9sistance \u00e0 l&rsquo;usure. <\/li>\n<\/ul>\n<\/li>\n<li><strong>\u00c9paisseur de la lame<\/strong> : 0,14&Prime; (3,51 mm)\n<ul>\n<li>L&rsquo;\u00e9paisseur de la lame conf\u00e8re au couteau suffisamment de r\u00e9sistance pour les t\u00e2ches plus lourdes, mais permet \u00e9galement suffisamment de flexibilit\u00e9 pour une coupe pr\u00e9cise.<\/li>\n<\/ul>\n<\/li>\n<li><strong>Longueur totale<\/strong> : 9,25&Prime; (234,95 mm)\n<ul>\n<li>Ce couteau est suffisamment grand pour offrir une prise solide et une stabilit\u00e9 lorsqu&rsquo;il est utilis\u00e9 dans des situations exigeantes, mais toujours suffisamment compact pour un transport quotidien.<\/li>\n<\/ul>\n<\/li>\n<li><strong>Longueur ferm\u00e9e<\/strong> : 5,50&Prime; (139,70 mm)\n<ul>\n<li>Ce couteau est compact et facile \u00e0 transporter. La longueur ferm\u00e9e signifie que le couteau est suffisamment petit pour tenir dans une poche ou sur une ceinture, ce qui le rend facile \u00e0 transporter. <\/li>\n<\/ul>\n<\/li>\n<li><strong>Poids<\/strong> : 6,20 oz (175,77 g)\n<ul>\n<li>Ce mod\u00e8le est robuste mais suffisamment l\u00e9ger pour \u00eatre transport\u00e9 confortablement. Pesant 6,2 onces, il offre suffisamment de r\u00e9sistance pour les t\u00e2ches exigeantes. <\/li>\n<\/ul>\n<\/li>\n<li><strong>Poign\u00e9e<\/strong> : <strong>Nylon renforc\u00e9 de verre<\/strong>\n<ul>\n<li>La poign\u00e9e est fabriqu\u00e9e en nylon renforc\u00e9 de verre durable, ce qui garantit une r\u00e9sistance \u00e9lev\u00e9e et une r\u00e9sistance aux chocs. Ce mat\u00e9riau est \u00e9galement l\u00e9ger et offre une prise en main confortable et s\u00fbre. <\/li>\n<\/ul>\n<\/li>\n<li><strong>Style de couteau<\/strong> : <strong>Couteau pliant avec Liner lock<\/strong>\n<ul>\n<li>Le couteau est \u00e9quip\u00e9 d&rsquo;un m\u00e9canisme de verrouillage de ligne fiable qui garantit que la lame est solidement verrouill\u00e9e lorsqu&rsquo;elle est ouverte et minimise le risque de fermeture involontaire pendant l&rsquo;utilisation.<\/li>\n<\/ul>\n<\/li>\n<\/ol>\n<h3><strong>Caract\u00e9ristiques et avantages sp\u00e9ciaux :<\/strong><\/h3>\n<ol>\n<li><strong>Coupe-ceinture de s\u00e9curit\u00e9 et brise-vitre<\/strong> :\n<ul>\n<li>Ce mod\u00e8le est \u00e9quip\u00e9 d&rsquo;un carbure de tungst\u00e8ne sp\u00e9cial \u00e0 l&rsquo;arri\u00e8re qui permet de briser rapidement les vitres lat\u00e9rales des voitures, ce qui est vital pour les secouristes, les pompiers ou les services d&rsquo;urgence confront\u00e9s \u00e0 des situations d&rsquo;urgence.<\/li>\n<li>Le coupe-ceinture de s\u00e9curit\u00e9 permet de lib\u00e9rer rapidement et en toute s\u00e9curit\u00e9 une personne en cas d&rsquo;accident ou d&rsquo;autre danger.<\/li>\n<\/ul>\n<\/li>\n<li><strong>Insertion de s\u00e9curit\u00e9 automatique<\/strong> :\n<ul>\n<li>Ce mod\u00e8le est \u00e9quip\u00e9 d&rsquo;un insert de s\u00e9curit\u00e9 automatique qui ajoute une couche de protection suppl\u00e9mentaire contre la fermeture accidentelle de la lame. La goupille entre l&rsquo;insert de verrouillage et le cadre rend le verrou plus durable et moins susceptible de se desserrer pendant l&rsquo;utilisation. <\/li>\n<\/ul>\n<\/li>\n<li><strong>Flipper pour une ouverture rapide d&rsquo;une seule main<\/strong> :\n<ul>\n<li>Le Carson Flipper est con\u00e7u pour une ouverture rapide et efficace du couteau d&rsquo;une seule main, ce qui est tr\u00e8s utile dans les situations o\u00f9 la vitesse est essentielle, comme les op\u00e9rations de sauvetage ou tactiques.<\/li>\n<\/ul>\n<\/li>\n<li><strong>Boucle \u00e0 quatre positions<\/strong> :\n<ul>\n<li>Le clip de couteau permet diff\u00e9rents styles de transport, garantissant flexibilit\u00e9 et confort lors du transport du couteau. Il peut \u00eatre attach\u00e9 \u00e0 une ceinture ou une sangle dans quatre positions diff\u00e9rentes : pointe vers le bas, gauche ou droite. <\/li>\n<\/ul>\n<\/li>\n<li><strong>Rev\u00eatement noir tactique<\/strong> :\n<ul>\n<li>La finition noire est durable et ne refl\u00e8te pas la lumi\u00e8re, ce qui est avantageux pour les applications tactiques o\u00f9 la furtivit\u00e9 est importante.<\/li>\n<\/ul>\n<\/li>\n<\/ol>\n<h3><strong>Utiliser:<\/strong><\/h3>\n<ul>\n<li><strong>Sauvetage et situations d&rsquo;urgence<\/strong> : Dot\u00e9 d&rsquo;un coupe-ceinture de s\u00e9curit\u00e9 et d&rsquo;un brise-vitre en carbure, ce couteau est id\u00e9al pour les sauveteurs, les pompiers et toute personne se trouvant dans des situations dangereuses ou de crise o\u00f9 une r\u00e9ponse rapide est requise.<\/li>\n<li><strong>Transport quotidien (EDC)<\/strong> : La conception pliable et les m\u00e9canismes de s\u00e9curit\u00e9 rendent ce couteau id\u00e9al pour le transport quotidien lorsque vous souhaitez avoir un outil fiable \u00e0 port\u00e9e de main pour une vari\u00e9t\u00e9 de t\u00e2ches.<\/li>\n<li><strong>Utilisation tactique et militaire<\/strong> : Excellent pour les utilisations militaires, polici\u00e8res ou tactiques o\u00f9 la fiabilit\u00e9 et l&rsquo;ouverture rapide sont essentielles.<\/li>\n<li><strong>Activit\u00e9s de plein air<\/strong> : Le couteau est \u00e9galement id\u00e9al pour le camping, la randonn\u00e9e et d&rsquo;autres activit\u00e9s de plein air o\u00f9 un outil fiable pour couper ou pr\u00e9parer du mat\u00e9riel est n\u00e9cessaire.<\/li>\n<\/ul>\n<h3><strong>Conclusion:<\/strong><\/h3>\n<p><strong>Le CRKT M16-14ZLEK<\/strong> est un couteau robuste et multifonctionnel con\u00e7u pour un usage professionnel, notamment dans les situations d&rsquo;urgence. Il combine un excellent design, des mat\u00e9riaux de qualit\u00e9 et des caract\u00e9ristiques sp\u00e9ciales qui en font un outil inestimable pour les sauveteurs, les forces militaires et les v\u00eatements de tous les jours. Si vous recherchez un couteau offrant non seulement d&rsquo;excellentes propri\u00e9t\u00e9s de coupe mais \u00e9galement des outils pour les situations d&rsquo;urgence, ce mod\u00e8le est le choix id\u00e9al.  <\/p>\n<\/div>\n<\/div>\n<\/div>\n<\/div>\n<div class=\"mb-2 flex gap-3 empty:hidden -ml-2\">\n<div class=\"items-center justify-start rounded-xl p-1 flex\">\n<div class=\"flex items-center\"><\/div>\n<\/div>\n<\/div>\n<div class=\"pr-2 lg:pr-0\"><\/div>\n<\/div>\n<\/div>\n<\/div>\n<\/div>\n<\/article>\n<\/div>\n<\/div>\n<\/div>\n<\/div>\n<\/div>\n<p><iframe title=\"CRKT M16-14ZLEK Knife Designed by Kit Carson\" width=\"800\" height=\"450\" src=\"https:\/\/www.youtube.com\/embed\/fG33eU9Egpc?feature=oembed\" frameborder=\"0\" allow=\"accelerometer; autoplay; clipboard-write; encrypted-media; gyroscope; picture-in-picture; web-share\" referrerpolicy=\"strict-origin-when-cross-origin\" allowfullscreen><\/iframe><\/p>\n<p>&nbsp;<\/p>\n<p>&nbsp;<\/p>\n<p>&nbsp;<\/p>\n","protected":false},"excerpt":{"rendered":"<div class=\"flex max-w-full flex-col flex-grow\">\n<div class=\"min-h-8 text-message flex w-full flex-col items-end gap-2 whitespace-normal break-words text-start [.text-message+&amp;]:mt-5\" dir=\"auto\" data-message-author-role=\"assistant\" data-message-id=\"525b3088-61fc-4e8d-944e-1698c90937bf\" data-message-model-slug=\"gpt-4o-mini\">\n<div class=\"flex w-full flex-col gap-1 empty:hidden first:pt-[3px]\">\n<div class=\"markdown prose w-full break-words dark:prose-invert light\">\n<p><strong>Le CRKT M16-14ZLEK est un couteau robuste et multifonctionnel con\u00e7u pour un usage professionnel, notamment dans les situations d&rsquo;urgence. Il combine un excellent design, des mat\u00e9riaux de qualit\u00e9 et des caract\u00e9ristiques sp\u00e9ciales qui en font un outil inestimable pour les sauveteurs, les forces militaires et les v\u00eatements de tous les jours. Si vous recherchez un couteau offrant non seulement d&rsquo;excellentes propri\u00e9t\u00e9s de coupe mais \u00e9galement des outils pour les situations d&rsquo;urgence, ce mod\u00e8le est le choix id\u00e9al.  <\/strong><\/p>\n<\/div>\n<\/div>\n<\/div>\n<\/div>\n<div class=\"mb-2 flex gap-3 empty:hidden -ml-2\">\n<div class=\"items-center justify-start rounded-xl p-1 flex\">\n<div class=\"flex items-center\"><\/div>\n<\/div>\n<\/div>\n<div class=\"pr-2 lg:pr-0\"><\/div>\n","protected":false},"featured_media":330914,"comment_status":"open","ping_status":"closed","template":"","meta":[],"pwb-brand":[3762],"product_brand":[],"product_cat":[3700,3696],"product_tag":[3754],"class_list":{"0":"post-330913","1":"product","2":"type-product","3":"status-publish","4":"has-post-thumbnail","6":"pwb-brand-crkt-fr","7":"product_cat-couteaux-de-fermeture","8":"product_cat-des-couteaux","9":"product_tag-b2b-fr","11":"first","12":"instock","13":"taxable","14":"shipping-taxable","15":"purchasable","16":"product-type-simple"},"brands":[{"id":3762,"name":"CRKT","slug":"crkt-fr"}],"_links":{"self":[{"href":"https:\/\/www.moskito.cz\/fr\/wp-json\/wp\/v2\/product\/330913","targetHints":{"allow":["GET"]}}],"collection":[{"href":"https:\/\/www.moskito.cz\/fr\/wp-json\/wp\/v2\/product"}],"about":[{"href":"https:\/\/www.moskito.cz\/fr\/wp-json\/wp\/v2\/types\/product"}],"replies":[{"embeddable":true,"href":"https:\/\/www.moskito.cz\/fr\/wp-json\/wp\/v2\/comments?post=330913"}],"wp:featuredmedia":[{"embeddable":true,"href":"https:\/\/www.moskito.cz\/fr\/wp-json\/wp\/v2\/media\/330914"}],"wp:attachment":[{"href":"https:\/\/www.moskito.cz\/fr\/wp-json\/wp\/v2\/media?parent=330913"}],"wp:term":[{"taxonomy":"pwb-brand","embeddable":true,"href":"https:\/\/www.moskito.cz\/fr\/wp-json\/wp\/v2\/pwb-brand?post=330913"},{"taxonomy":"product_brand","embeddable":true,"href":"https:\/\/www.moskito.cz\/fr\/wp-json\/wp\/v2\/product_brand?post=330913"},{"taxonomy":"product_cat","embeddable":true,"href":"https:\/\/www.moskito.cz\/fr\/wp-json\/wp\/v2\/product_cat?post=330913"},{"taxonomy":"product_tag","embeddable":true,"href":"https:\/\/www.moskito.cz\/fr\/wp-json\/wp\/v2\/product_tag?post=330913"}],"curies":[{"name":"wp","href":"https:\/\/api.w.org\/{rel}","templated":true}]}}