{"id":331059,"date":"2022-08-21T20:54:07","date_gmt":"2024-04-12T12:27:22","guid":{"rendered":"https:\/\/www.moskito.cz\/produkt\/couteau-fixe-crkt-minimalist-bowie-gears-2387g\/"},"modified":"2025-05-07T11:10:32","modified_gmt":"2025-05-07T10:10:32","slug":"couteau-fixe-crkt-minimalist-bowie-gears-2387g","status":"publish","type":"product","link":"https:\/\/www.moskito.cz\/fr\/produkt\/couteau-fixe-crkt-minimalist-bowie-gears-2387g\/","title":{"rendered":"Couteau Fixe CRKT MINIMALIST BOWIE GEARS 2387G"},"content":{"rendered":"<p>Couteau Fixe <strong>CRKT<\/strong> MINIMALIST BOWIE GEARS 2387G.<\/p>\n<p>Sp\u00e9cialement con\u00e7u pour tout ce qui doit \u00eatre coup\u00e9.<\/p>\n<p>Ce couteau compact avec une lame fixe et des poign\u00e9es robustes est nouvellement \u00e9quip\u00e9 d&rsquo;engrenages imprim\u00e9s en 3D qui susciteront toujours des conversations sur le feu de camp. Ils se sentent aussi bien dans les bois que dans le garage.<br \/>\nPoign\u00e9e et \u00e9tui qui brillent dans le noir<br \/>\nConception compacte pour une portabilit\u00e9 facile<br \/>\nLe fourreau fonctionne comme un couteau de cou ou sur une ceinture.<\/p>\n<p>CARACT\u00c9RISTIQUES<br \/>\nLongueur de la lame 2,13&Prime; (53,98 mm)<br \/>\nLame lame Plaine<br \/>\nLame en acier 8Cr13MoV<br \/>\nTraitement de surface de la lame Satin<br \/>\n\u00c9paisseur de la lame 0,11&Prime; (2,74 mm)<br \/>\nLongueur totale 5,13&Prime; (130,18 mm)<br \/>\nPoids 1,60 onces (45,36 g)<br \/>\nPoign\u00e9e en nylon renforc\u00e9 de verre<br \/>\nStyle Couteau \u00e0 lame fixe avec \u00e9tui<br \/>\nMat\u00e9riau de la coque<\/p>\n","protected":false},"excerpt":{"rendered":"<p>Con\u00e7u par Alan Folts \u00e0 Melbourne, en Floride.<\/p>\n","protected":false},"featured_media":331060,"comment_status":"open","ping_status":"closed","template":"","meta":[],"pwb-brand":[3762],"product_brand":[],"product_cat":[3697,3696],"product_tag":[3754],"class_list":{"0":"post-331059","1":"product","2":"type-product","3":"status-publish","4":"has-post-thumbnail","6":"pwb-brand-crkt-fr","7":"product_cat-couteaux-solides","8":"product_cat-des-couteaux","9":"product_tag-b2b-fr","11":"first","12":"outofstock","13":"taxable","14":"shipping-taxable","15":"purchasable","16":"product-type-simple"},"brands":[{"id":3762,"name":"CRKT","slug":"crkt-fr"}],"_links":{"self":[{"href":"https:\/\/www.moskito.cz\/fr\/wp-json\/wp\/v2\/product\/331059","targetHints":{"allow":["GET"]}}],"collection":[{"href":"https:\/\/www.moskito.cz\/fr\/wp-json\/wp\/v2\/product"}],"about":[{"href":"https:\/\/www.moskito.cz\/fr\/wp-json\/wp\/v2\/types\/product"}],"replies":[{"embeddable":true,"href":"https:\/\/www.moskito.cz\/fr\/wp-json\/wp\/v2\/comments?post=331059"}],"wp:featuredmedia":[{"embeddable":true,"href":"https:\/\/www.moskito.cz\/fr\/wp-json\/wp\/v2\/media\/331060"}],"wp:attachment":[{"href":"https:\/\/www.moskito.cz\/fr\/wp-json\/wp\/v2\/media?parent=331059"}],"wp:term":[{"taxonomy":"pwb-brand","embeddable":true,"href":"https:\/\/www.moskito.cz\/fr\/wp-json\/wp\/v2\/pwb-brand?post=331059"},{"taxonomy":"product_brand","embeddable":true,"href":"https:\/\/www.moskito.cz\/fr\/wp-json\/wp\/v2\/product_brand?post=331059"},{"taxonomy":"product_cat","embeddable":true,"href":"https:\/\/www.moskito.cz\/fr\/wp-json\/wp\/v2\/product_cat?post=331059"},{"taxonomy":"product_tag","embeddable":true,"href":"https:\/\/www.moskito.cz\/fr\/wp-json\/wp\/v2\/product_tag?post=331059"}],"curies":[{"name":"wp","href":"https:\/\/api.w.org\/{rel}","templated":true}]}}