{"id":331097,"date":"2019-10-01T14:32:49","date_gmt":"2024-04-12T12:46:32","guid":{"rendered":"https:\/\/www.moskito.cz\/produkt\/hache-crkt-woods-chogan-t-hawk-2730\/"},"modified":"2025-07-11T07:50:05","modified_gmt":"2025-07-11T06:50:05","slug":"hache-crkt-woods-chogan-t-hawk-2730","status":"publish","type":"product","link":"https:\/\/www.moskito.cz\/fr\/produkt\/hache-crkt-woods-chogan-t-hawk-2730\/","title":{"rendered":"Hache CRKT Woods Chogan T-Hawk 2730"},"content":{"rendered":"<p>Hache <strong>CRKT<\/strong> Woods Chogan T-Hawk 2730<\/p>\n<p>Con\u00e7u par Ryan Johnson de RMJ Tactical \u00e0 Chattanooga, Tennessee<br \/>\nFaites un bon feu de bois. Bon sang, construis une jolie cabane.<\/p>\n<p>Avec un manche en hickory, une lame forg\u00e9e \u00e0 chaud et un marteau, cette hache de camping \u00e0 deux mains vous facilite la vie lorsque vous \u00eates hors r\u00e9seau.<\/p>\n<p>Ryan Johnson de RMJ Tactical \u00e0 Chattanooga, Tennessee a con\u00e7u le Woods Chogan\u2122 T-Hawk. Sp\u00e9cialiste de l&rsquo;application de l&rsquo;ing\u00e9nierie moderne \u00e0 des concepts d&rsquo;outils et d&rsquo;armes vieux de plusieurs si\u00e8cles, l&rsquo;entreprise monte encore la barre avec une nouvelle gamme de tomahawks d&rsquo;ext\u00e9rieur qui se balancent aussi grands que la nature sauvage dans laquelle ils se trouvent.<br \/>\nRobustesse forg\u00e9e&nbsp;: l&rsquo;acier au carbone 1055 offre durabilit\u00e9 et r\u00e9tention des bords<br \/>\nDurable&nbsp;: le caryer du Tennessee est un mat\u00e9riau dense qui peut r\u00e9sister \u00e0 une utilisation intensive<br \/>\nOutil polyvalent&nbsp;: fendre facilement du bois ou marteler les piquets de la tente<\/p>\n<p>CARACT\u00c9RISTIQUES<br \/>\nLongueur de la lame 3,50&nbsp;po (88,90&nbsp;mm)<br \/>\nLame de hache avec marteau<br \/>\nLame en acier au carbone 1055<br \/>\nTraitement de surface de la lame Vernis transparent<br \/>\n\u00c9paisseur de la lame 0,52 po (13,21 mm)<br \/>\nLongueur totale 19,00&Prime; (482,60 mm)<br \/>\nPoids 1,99 livre (0,90 kg)<br \/>\nManche en Hickory du Tennessee<br \/>\nStyle Tomahawk<\/p>\n<p><iframe title=\"Chogan &amp; Kangee Woods T-Hawks | Designed by Ryan Johnson of RMJ Tactical\" width=\"800\" height=\"450\" src=\"https:\/\/www.youtube.com\/embed\/QlvDOLxr5S8?feature=oembed\" frameborder=\"0\" allow=\"accelerometer; autoplay; clipboard-write; encrypted-media; gyroscope; picture-in-picture; web-share\" referrerpolicy=\"strict-origin-when-cross-origin\" allowfullscreen><\/iframe><\/p>\n<p>&nbsp;<\/p>\n","protected":false},"excerpt":{"rendered":"<p>Con\u00e7u par Ryan Johnson de RMJ Tactical \u00e0 Chattanooga, Tennessee<\/p>\n","protected":false},"featured_media":166023,"comment_status":"open","ping_status":"closed","template":"","meta":[],"pwb-brand":[3762],"product_brand":[],"product_cat":[3696,3702],"product_tag":[3754],"class_list":{"0":"post-331097","1":"product","2":"type-product","3":"status-publish","4":"has-post-thumbnail","6":"pwb-brand-crkt-fr","7":"product_cat-des-couteaux","8":"product_cat-haches","9":"product_tag-b2b-fr","11":"first","12":"outofstock","13":"taxable","14":"shipping-taxable","15":"purchasable","16":"product-type-simple"},"brands":[{"id":3762,"name":"CRKT","slug":"crkt-fr"}],"_links":{"self":[{"href":"https:\/\/www.moskito.cz\/fr\/wp-json\/wp\/v2\/product\/331097","targetHints":{"allow":["GET"]}}],"collection":[{"href":"https:\/\/www.moskito.cz\/fr\/wp-json\/wp\/v2\/product"}],"about":[{"href":"https:\/\/www.moskito.cz\/fr\/wp-json\/wp\/v2\/types\/product"}],"replies":[{"embeddable":true,"href":"https:\/\/www.moskito.cz\/fr\/wp-json\/wp\/v2\/comments?post=331097"}],"wp:featuredmedia":[{"embeddable":true,"href":"https:\/\/www.moskito.cz\/fr\/wp-json\/wp\/v2\/media\/166023"}],"wp:attachment":[{"href":"https:\/\/www.moskito.cz\/fr\/wp-json\/wp\/v2\/media?parent=331097"}],"wp:term":[{"taxonomy":"pwb-brand","embeddable":true,"href":"https:\/\/www.moskito.cz\/fr\/wp-json\/wp\/v2\/pwb-brand?post=331097"},{"taxonomy":"product_brand","embeddable":true,"href":"https:\/\/www.moskito.cz\/fr\/wp-json\/wp\/v2\/product_brand?post=331097"},{"taxonomy":"product_cat","embeddable":true,"href":"https:\/\/www.moskito.cz\/fr\/wp-json\/wp\/v2\/product_cat?post=331097"},{"taxonomy":"product_tag","embeddable":true,"href":"https:\/\/www.moskito.cz\/fr\/wp-json\/wp\/v2\/product_tag?post=331097"}],"curies":[{"name":"wp","href":"https:\/\/api.w.org\/{rel}","templated":true}]}}