{"id":331156,"date":"2021-07-29T22:11:44","date_gmt":"2024-04-12T13:06:40","guid":{"rendered":"https:\/\/www.moskito.cz\/produkt\/hache-crkt-berserker\/"},"modified":"2025-05-07T11:10:34","modified_gmt":"2025-05-07T10:10:34","slug":"hache-crkt-berserker","status":"publish","type":"product","link":"https:\/\/www.moskito.cz\/fr\/produkt\/hache-crkt-berserker\/","title":{"rendered":"Hache CRKT BERSERKER"},"content":{"rendered":"<p>Hache <strong>CRKT<\/strong> BERSERKER.<\/p>\n<p>Con\u00e7u par Ryan Johnson de RMJ Tactical \u00e0 Chattanooga, Tennessee<br \/>\nUn cri de guerre en forme de hache.<\/p>\n<p>Regardez une hache de style Berserker \u2122 \/ bur-zur-kr \/ Viking et vous savez qu&rsquo;il va y avoir des probl\u00e8mes. Le long tranchant du couteau hache barbu est un compagnon puissant.<br \/>\nForg\u00e9 r\u00e9sistant&nbsp;: l&rsquo;acier au carbone 1055 assure la durabilit\u00e9 et la r\u00e9tention des bords<br \/>\nProtection am\u00e9lior\u00e9e&nbsp;: le rev\u00eatement noir am\u00e9liore la r\u00e9sistance \u00e0 la corrosion<br \/>\nDurable&nbsp;: Tennessee Hickory est un mat\u00e9riau dense qui r\u00e9siste \u00e0 une utilisation intensive<br \/>\nPlus que hacher&nbsp;: la barbe sur la t\u00eate de hache permet de nombreuses t\u00e2ches de coupe utiles<\/p>\n<p>CARACT\u00c9RISTIQUES<br \/>\nLongueur de la lame 4,65 po (118,06 mm)<br \/>\nTranchant de la lame Une hache avec un marteau<br \/>\nAcier de lame Acier au carbone 1055<br \/>\nFinition de la lame Rev\u00eatement au phosphate de mangan\u00e8se<br \/>\n\u00c9paisseur de la lame 1,57&Prime; (39,95 mm)<br \/>\nPoids 0,94 kg<br \/>\nManche en Hickory du Tennessee<br \/>\nStyle hache<\/p>\n<p>CRKT\u00ae (Columbia River Knife and Tool\u00ae) a \u00e9t\u00e9 fond\u00e9e en 1994. D\u00e8s le premier jour, l\u2019innovation et l\u2019int\u00e9grit\u00e9 ont \u00e9t\u00e9 privil\u00e9gi\u00e9es. Il s&rsquo;engage \u00e0 fabriquer des couteaux et des outils qui inspirent et durent. Il travaille avec les meilleurs designers du monde et travaille sur un principe simple : la meilleure chose qu&rsquo;il puisse donner \u00e0 ses clients est la confiance entre ses mains.<\/p>\n","protected":false},"excerpt":{"rendered":"<p>Hache Berserker CRKT .<\/p>\n","protected":false},"featured_media":331157,"comment_status":"open","ping_status":"closed","template":"","meta":[],"pwb-brand":[3762],"product_brand":[],"product_cat":[3702],"product_tag":[3754],"class_list":{"0":"post-331156","1":"product","2":"type-product","3":"status-publish","4":"has-post-thumbnail","6":"pwb-brand-crkt-fr","7":"product_cat-haches","8":"product_tag-b2b-fr","10":"first","11":"instock","12":"taxable","13":"shipping-taxable","14":"purchasable","15":"product-type-simple"},"brands":[{"id":3762,"name":"CRKT","slug":"crkt-fr"}],"_links":{"self":[{"href":"https:\/\/www.moskito.cz\/fr\/wp-json\/wp\/v2\/product\/331156","targetHints":{"allow":["GET"]}}],"collection":[{"href":"https:\/\/www.moskito.cz\/fr\/wp-json\/wp\/v2\/product"}],"about":[{"href":"https:\/\/www.moskito.cz\/fr\/wp-json\/wp\/v2\/types\/product"}],"replies":[{"embeddable":true,"href":"https:\/\/www.moskito.cz\/fr\/wp-json\/wp\/v2\/comments?post=331156"}],"wp:featuredmedia":[{"embeddable":true,"href":"https:\/\/www.moskito.cz\/fr\/wp-json\/wp\/v2\/media\/331157"}],"wp:attachment":[{"href":"https:\/\/www.moskito.cz\/fr\/wp-json\/wp\/v2\/media?parent=331156"}],"wp:term":[{"taxonomy":"pwb-brand","embeddable":true,"href":"https:\/\/www.moskito.cz\/fr\/wp-json\/wp\/v2\/pwb-brand?post=331156"},{"taxonomy":"product_brand","embeddable":true,"href":"https:\/\/www.moskito.cz\/fr\/wp-json\/wp\/v2\/product_brand?post=331156"},{"taxonomy":"product_cat","embeddable":true,"href":"https:\/\/www.moskito.cz\/fr\/wp-json\/wp\/v2\/product_cat?post=331156"},{"taxonomy":"product_tag","embeddable":true,"href":"https:\/\/www.moskito.cz\/fr\/wp-json\/wp\/v2\/product_tag?post=331156"}],"curies":[{"name":"wp","href":"https:\/\/api.w.org\/{rel}","templated":true}]}}