{"id":331220,"date":"2023-09-28T09:05:04","date_gmt":"2024-04-12T13:12:20","guid":{"rendered":"https:\/\/www.moskito.cz\/produkt\/hache-crkt-odr-2753\/"},"modified":"2025-05-07T11:10:36","modified_gmt":"2025-05-07T10:10:36","slug":"hache-crkt-odr-2753","status":"publish","type":"product","link":"https:\/\/www.moskito.cz\/fr\/produkt\/hache-crkt-odr-2753\/","title":{"rendered":"Hache CRKT Odr 2753"},"content":{"rendered":"<p>Hache <strong>CRKT<\/strong> Odr 2753<\/p>\n<p>Un outil multifonction dans une hache, envoy\u00e9 par les dieux.<\/p>\n<p>Avec sa t\u00eate polyvalente, dot\u00e9e d&rsquo;une lame de hache standard d&rsquo;un c\u00f4t\u00e9 et d&rsquo;une pointe de l&rsquo;autre, l&rsquo;Odr\u2122 coupe comme une hache et brise le sol comme une pioche. C&rsquo;est un outil polyvalent \u00e0 garder \u00e0 port\u00e9e de main au camp ou \u00e0 la maison, parfait pour fendre du bois ou percer un sol rocheux.<\/p>\n<p>Robustesse forg\u00e9e&nbsp;: l&rsquo;acier au carbone 1055 offre durabilit\u00e9 et r\u00e9tention des bords<br \/>\nProtection am\u00e9lior\u00e9e&nbsp;: le rev\u00eatement noir am\u00e9liore la r\u00e9sistance \u00e0 la corrosion<br \/>\nOutil polyvalent&nbsp;: fendez facilement le bois ou utilisez la pointe pour les t\u00e2ches de p\u00e9n\u00e9tration<br \/>\nDurable&nbsp;: le caryer du Tennessee est un mat\u00e9riau dense qui peut r\u00e9sister \u00e0 une utilisation intensive<br \/>\nTrait\u00e9 au feu&nbsp;: le manche en hickory du Tennessee est cuit pour ajouter une texture sombre<\/p>\n<p>Type d&rsquo;acier&nbsp;: Acier au carbone<br \/>\nMat\u00e9riau de la lame : 1055<br \/>\nMat\u00e9riau du manche : Bois<br \/>\n\u00c9tui : sans \u00e9tui<br \/>\nLongueur totale : 53,3 cm<br \/>\nPoids : 710g<br \/>\nFinition de la lame : noir<\/p>\n<p>&nbsp;<\/p>\n<p>&nbsp;<\/p>\n","protected":false},"excerpt":{"rendered":"<p><strong>DesignerElmer RoushBrasstown, Caroline du Nord.<\/strong><\/p>\n<p><strong>Elmer passait son temps sur le champ de bataille. Mais ce qui le passionne vraiment ces jours-ci, c&rsquo;est de combattre l&rsquo;acier chaud avec un marteau comme un forgeron. Il aime forger \u00e0 la main des outils fonctionnels et apporte plus de 40 ans d&rsquo;exp\u00e9rience au programme Forged By War\u2122. Sa sp\u00e9cialit\u00e9, ce sont les haches et les r\u00e9pliques historiques comme les haches vikings. Bien que ses cr\u00e9ations semblent modernes, elles sont en r\u00e9alit\u00e9 bas\u00e9es sur des outils et des instruments datant de plusieurs milliers d\u2019ann\u00e9es.<\/strong><\/p>\n<p>&nbsp;<\/p>\n","protected":false},"featured_media":331221,"comment_status":"open","ping_status":"closed","template":"","meta":[],"pwb-brand":[3762],"product_brand":[],"product_cat":[3702],"product_tag":[3754],"class_list":{"0":"post-331220","1":"product","2":"type-product","3":"status-publish","4":"has-post-thumbnail","6":"pwb-brand-crkt-fr","7":"product_cat-haches","8":"product_tag-b2b-fr","10":"first","11":"instock","12":"taxable","13":"shipping-taxable","14":"purchasable","15":"product-type-simple"},"brands":[{"id":3762,"name":"CRKT","slug":"crkt-fr"}],"_links":{"self":[{"href":"https:\/\/www.moskito.cz\/fr\/wp-json\/wp\/v2\/product\/331220","targetHints":{"allow":["GET"]}}],"collection":[{"href":"https:\/\/www.moskito.cz\/fr\/wp-json\/wp\/v2\/product"}],"about":[{"href":"https:\/\/www.moskito.cz\/fr\/wp-json\/wp\/v2\/types\/product"}],"replies":[{"embeddable":true,"href":"https:\/\/www.moskito.cz\/fr\/wp-json\/wp\/v2\/comments?post=331220"}],"wp:featuredmedia":[{"embeddable":true,"href":"https:\/\/www.moskito.cz\/fr\/wp-json\/wp\/v2\/media\/331221"}],"wp:attachment":[{"href":"https:\/\/www.moskito.cz\/fr\/wp-json\/wp\/v2\/media?parent=331220"}],"wp:term":[{"taxonomy":"pwb-brand","embeddable":true,"href":"https:\/\/www.moskito.cz\/fr\/wp-json\/wp\/v2\/pwb-brand?post=331220"},{"taxonomy":"product_brand","embeddable":true,"href":"https:\/\/www.moskito.cz\/fr\/wp-json\/wp\/v2\/product_brand?post=331220"},{"taxonomy":"product_cat","embeddable":true,"href":"https:\/\/www.moskito.cz\/fr\/wp-json\/wp\/v2\/product_cat?post=331220"},{"taxonomy":"product_tag","embeddable":true,"href":"https:\/\/www.moskito.cz\/fr\/wp-json\/wp\/v2\/product_tag?post=331220"}],"curies":[{"name":"wp","href":"https:\/\/api.w.org\/{rel}","templated":true}]}}