{"id":331254,"date":"2022-09-17T13:30:02","date_gmt":"2024-04-12T13:28:23","guid":{"rendered":"https:\/\/www.moskito.cz\/produkt\/couteau-fixe-crkt-sting-2020\/"},"modified":"2025-05-07T11:10:37","modified_gmt":"2025-05-07T10:10:37","slug":"couteau-fixe-crkt-sting-2020","status":"publish","type":"product","link":"https:\/\/www.moskito.cz\/fr\/produkt\/couteau-fixe-crkt-sting-2020\/","title":{"rendered":"Couteau Fixe CRKT STING 2020"},"content":{"rendered":"<p>Couteau Fixe <strong>CRKT<\/strong> STING 2020.<\/p>\n<p>Cette lame a \u00e9t\u00e9 con\u00e7ue pour la marche.<\/p>\n<p>Le couteau tactique \u00e0 lame fixe avec deux lames et une pi\u00e8ce solide en acier forg\u00e9 \u00e0 chaud conna\u00eet sa place \u2013 clips\u00e9 sur votre botte.<\/p>\n<p>Cr\u00e9\u00e9 par AG Russell de Rogers, AR, le Sting\u2122 d\u00e9montre l&rsquo;attention port\u00e9e aux d\u00e9tails de l&rsquo;un des inventeurs de l&rsquo;industrie moderne du couteau. Apr\u00e8s tout, malgr\u00e9 toutes ses r\u00e9compenses et ses r\u00e9alisations, il est avant tout un coutelier sur mesure.<\/p>\n<p>La lame de fer de lance pratiquement indestructible commence sa vie comme une \u00e9bauche ordinaire en acier au carbone 1055, similaire \u00e0 l&rsquo;alliage utilis\u00e9 dans les \u00e9p\u00e9es de samoura\u00ef traditionnelles. Il est ensuite forg\u00e9 \u00e0 chaud et meul\u00e9 avec pr\u00e9cision pour lui donner la forme finale. Les doubles lames vous offrent une double protection et une double position. Nous appliquons ensuite un rev\u00eatement en poudre noir non r\u00e9fl\u00e9chissant pour r\u00e9sister \u00e0 la corrosion dans des environnements tactiques aussi exigeants que le v\u00f4tre.<\/p>\n<p>Saisissez la poign\u00e9e et sentez sa forme parfaite pour s&rsquo;adapter \u00e0 votre main nue ou gant\u00e9e. Notez sa hauteur, son \u00e9quilibre et ses but\u00e9es de pouce pour la prise en main. Il y a m\u00eame un grand trou pour le cordon afin que vous puissiez l&rsquo;utiliser avec un cordon au poignet ou le porter comme un couteau de cou. En mati\u00e8re de d\u00e9fense, cette lame est synonyme d&rsquo;affaires.<\/p>\n<p>Le CRKT\u00ae Sting\u2122 est livr\u00e9 avec un \u00e9tui matelass\u00e9 en nylon personnalis\u00e9 avec un insert en nylon renforc\u00e9 de verre et une option de sangle pour une fixation polyvalente du mat\u00e9riel ou un clip pour attacher \u00e0 une ceinture, un sac \u00e0 dos ou une botte. O\u00f9 qu\u2019il se trouve sur votre appareil, il n\u2019y restera pas longtemps.<\/p>\n<p>Attachez-le et emportez-le dans n&rsquo;importe quelle situation. Il est pr\u00eat \u00e0 combattre n\u2019importe quel environnement.<\/p>\n<p>CARACT\u00c9RISTIQUES<br \/>\nLongueur de la lame 3,32&nbsp;po (84,40&nbsp;mm)<br \/>\nLame lame Plaine<br \/>\nLame en acier au carbone 1055<br \/>\nTraitement de surface de la lame Peinture en a\u00e9rosol<br \/>\n\u00c9paisseur de la lame 0,16 po (4,01 mm)<br \/>\nLongueur totale 6,94&Prime; (176,23 mm)<br \/>\nPoids 4,80 onces. (136,08g)<br \/>\nManche en acier au carbone 1055<br \/>\nStyle Couteau \u00e0 lame fixe avec \u00e9tui<br \/>\nMat\u00e9riau de la coque Nylon renforc\u00e9 de verre<br \/>\nPoids de la coque 2,60 oz. (73,71g)<\/p>\n<p><iframe title=\"Sting Knife | by A.G. Russell\" width=\"800\" height=\"450\" src=\"https:\/\/www.youtube.com\/embed\/D5Ih6atIPBo?feature=oembed\" frameborder=\"0\" allow=\"accelerometer; autoplay; clipboard-write; encrypted-media; gyroscope; picture-in-picture; web-share\" referrerpolicy=\"strict-origin-when-cross-origin\" allowfullscreen><\/iframe><\/p>\n<p>&nbsp;<\/p>\n","protected":false},"excerpt":{"rendered":"<p>Con\u00e7u par AG Russell \u00e0 Rogers, Arkansas.<\/p>\n","protected":false},"featured_media":331281,"comment_status":"open","ping_status":"closed","template":"","meta":[],"pwb-brand":[3762],"product_brand":[],"product_cat":[3697,3696],"product_tag":[3754],"class_list":{"0":"post-331254","1":"product","2":"type-product","3":"status-publish","4":"has-post-thumbnail","6":"pwb-brand-crkt-fr","7":"product_cat-couteaux-solides","8":"product_cat-des-couteaux","9":"product_tag-b2b-fr","11":"first","12":"outofstock","13":"taxable","14":"shipping-taxable","15":"purchasable","16":"product-type-simple"},"brands":[{"id":3762,"name":"CRKT","slug":"crkt-fr"}],"_links":{"self":[{"href":"https:\/\/www.moskito.cz\/fr\/wp-json\/wp\/v2\/product\/331254","targetHints":{"allow":["GET"]}}],"collection":[{"href":"https:\/\/www.moskito.cz\/fr\/wp-json\/wp\/v2\/product"}],"about":[{"href":"https:\/\/www.moskito.cz\/fr\/wp-json\/wp\/v2\/types\/product"}],"replies":[{"embeddable":true,"href":"https:\/\/www.moskito.cz\/fr\/wp-json\/wp\/v2\/comments?post=331254"}],"wp:featuredmedia":[{"embeddable":true,"href":"https:\/\/www.moskito.cz\/fr\/wp-json\/wp\/v2\/media\/331281"}],"wp:attachment":[{"href":"https:\/\/www.moskito.cz\/fr\/wp-json\/wp\/v2\/media?parent=331254"}],"wp:term":[{"taxonomy":"pwb-brand","embeddable":true,"href":"https:\/\/www.moskito.cz\/fr\/wp-json\/wp\/v2\/pwb-brand?post=331254"},{"taxonomy":"product_brand","embeddable":true,"href":"https:\/\/www.moskito.cz\/fr\/wp-json\/wp\/v2\/product_brand?post=331254"},{"taxonomy":"product_cat","embeddable":true,"href":"https:\/\/www.moskito.cz\/fr\/wp-json\/wp\/v2\/product_cat?post=331254"},{"taxonomy":"product_tag","embeddable":true,"href":"https:\/\/www.moskito.cz\/fr\/wp-json\/wp\/v2\/product_tag?post=331254"}],"curies":[{"name":"wp","href":"https:\/\/api.w.org\/{rel}","templated":true}]}}