{"id":331328,"date":"2022-09-17T14:10:35","date_gmt":"2024-04-12T13:37:32","guid":{"rendered":"https:\/\/www.moskito.cz\/produkt\/couteau-fixe-crkt-clever-girl-2709\/"},"modified":"2025-05-07T11:10:38","modified_gmt":"2025-05-07T10:10:38","slug":"couteau-fixe-crkt-clever-girl-2709","status":"publish","type":"product","link":"https:\/\/www.moskito.cz\/fr\/produkt\/couteau-fixe-crkt-clever-girl-2709\/","title":{"rendered":"Couteau Fixe CRKT CLEVER GIRL 2709"},"content":{"rendered":"<p>Couteau fixe <strong>CRKT<\/strong> CLEVER GIRL 2709.<\/p>\n<p>Forg\u00e9s pour \u00eatre \u00e0 leur meilleur lorsque les choses tournent mal. Lorsque vous \u00eates dans une situation de combat sombre, vous ne voulez pas d&rsquo;un environnement CQB agr\u00e9able. Vous voulez quelque chose que vous pouvez dessiner rapidement et utiliser instinctivement. Entrez dans le couteau tactique \u00e0 lame fixe \u00e0 lame sur\u00e9lev\u00e9e Clever Girl\u2122.<\/p>\n<p>Dans le cadre du programme Forged By War\u00ae, Austin McGlaun de Columbus, en G\u00e9orgie, a con\u00e7u la Clever Girl\u2122. Cela correspond \u00e0 sa philosophie selon laquelle un couteau est plus qu&rsquo;un outil. Il s\u2019agit d\u2019un moyen de dissuasion psychologique tr\u00e8s diff\u00e9rent d\u2019une arme \u00e0 feu. Cela indiquera tr\u00e8s rapidement \u00e0 l\u2019attaquant que vous \u00eates s\u00e9rieux. Clever Girl\u2122 a \u00e9t\u00e9 cr\u00e9\u00e9e pour que vous puissiez la saisir, l&rsquo;utiliser en cas de besoin, puis rentrer chez vous dans votre famille.<\/p>\n<p>Avec une lame noire recouverte de poudre, c&rsquo;est un couteau qui est avant tout fonctionnel. Il est l\u00e0 pour vous prot\u00e9ger et ramener le soldat chez lui \u00e0 la fin de sa patrouille, que ce soit sur le terrain, en mission ou dans des environnements tr\u00e8s stressants. Saisissez simplement la poign\u00e9e solide du G10, qui offre une adh\u00e9rence exceptionnelle, et retirez-le du bo\u00eetier. Ensuite, laissez votre corps fonctionner en pilote automatique.<\/p>\n<p>Vous ne voulez pas qu&rsquo;une jolie fille vous surveille lorsque vous vous battez pour votre vie. Vous voulez Clever Girl\u2122.<\/p>\n<p>\u00c0 propos de Forg\u00e9 par la guerre\u00ae<\/p>\n<p>En 2013, Ryan Johnson de RMJ Tactical, un concepteur de tomahawks tactiques militaires d&rsquo;\u00e9lite, a approch\u00e9 CRKT\u00ae pour lui annoncer qu&rsquo;il avait travaill\u00e9 avec plusieurs anciens combattants revenus de la guerre avec divers degr\u00e9s de stress post-traumatique (PTS). .<\/p>\n<p>Pour les aider \u00e0 surmonter leurs d\u00e9fis, ils ont con\u00e7u et forg\u00e9 l\u2019acier pour en faire leurs propres outils. Forts de leur exp\u00e9rience acquise dans les situations de combat, ils ont cr\u00e9\u00e9 les outils dont ils souhaitaient disposer sur le champ de bataille.<\/p>\n<p>CRKT\u00ae se soucie profond\u00e9ment de nos anciens combattants de retour et nous avons trouv\u00e9 un moyen de redonner \u00e0 la communaut\u00e9 qui les a cr\u00e9\u00e9s. En 2016, nous avons lanc\u00e9 le programme Forged By War\u00ae.<\/p>\n<p>Il s&rsquo;agit d&rsquo;outils pr\u00eats \u00e0 l&#8217;emploi, con\u00e7us par des v\u00e9t\u00e9rans, dont une partie des b\u00e9n\u00e9fices est revers\u00e9e \u00e0 l&rsquo;organisme de bienfaisance de leur choix.<\/p>\n<p>CARACT\u00c9RISTIQUES<br \/>\nLongueur de la lame 4,60 po (116,84 mm)<br \/>\nLame lame Plaine<br \/>\nLame en acier SK-5<br \/>\nTraitement de surface de la lame avec rev\u00eatement en poudre<br \/>\n\u00c9paisseur de la lame 0,16 po (4,01 mm)<br \/>\nLongueur totale 10,13&Prime; (257,18 mm)<br \/>\nPoids 6,30 onces (178,60 g)<br \/>\nPoign\u00e9e G10<br \/>\nStyle Couteau \u00e0 lame fixe avec \u00e9tui<br \/>\nMat\u00e9riau de la coque Thermoplastique<br \/>\nPoids de la coquille 1,60 oz (45,36 g)<\/p>\n<p><iframe title=\"Forged By War:  Clever Girl Knife by Austin McGlaun\" width=\"800\" height=\"450\" src=\"https:\/\/www.youtube.com\/embed\/mquAgNleDpc?feature=oembed\" frameborder=\"0\" allow=\"accelerometer; autoplay; clipboard-write; encrypted-media; gyroscope; picture-in-picture; web-share\" referrerpolicy=\"strict-origin-when-cross-origin\" allowfullscreen><\/iframe><\/p>\n<p>&nbsp;<\/p>\n","protected":false},"excerpt":{"rendered":"<p>Con\u00e7u par Austin McGlaun \u00e0 Columbus, en G\u00e9orgie.<\/p>\n","protected":false},"featured_media":331329,"comment_status":"open","ping_status":"closed","template":"","meta":[],"pwb-brand":[3762],"product_brand":[],"product_cat":[3697,3696],"product_tag":[3754],"class_list":{"0":"post-331328","1":"product","2":"type-product","3":"status-publish","4":"has-post-thumbnail","6":"pwb-brand-crkt-fr","7":"product_cat-couteaux-solides","8":"product_cat-des-couteaux","9":"product_tag-b2b-fr","11":"first","12":"instock","13":"taxable","14":"shipping-taxable","15":"purchasable","16":"product-type-simple"},"brands":[{"id":3762,"name":"CRKT","slug":"crkt-fr"}],"_links":{"self":[{"href":"https:\/\/www.moskito.cz\/fr\/wp-json\/wp\/v2\/product\/331328","targetHints":{"allow":["GET"]}}],"collection":[{"href":"https:\/\/www.moskito.cz\/fr\/wp-json\/wp\/v2\/product"}],"about":[{"href":"https:\/\/www.moskito.cz\/fr\/wp-json\/wp\/v2\/types\/product"}],"replies":[{"embeddable":true,"href":"https:\/\/www.moskito.cz\/fr\/wp-json\/wp\/v2\/comments?post=331328"}],"wp:featuredmedia":[{"embeddable":true,"href":"https:\/\/www.moskito.cz\/fr\/wp-json\/wp\/v2\/media\/331329"}],"wp:attachment":[{"href":"https:\/\/www.moskito.cz\/fr\/wp-json\/wp\/v2\/media?parent=331328"}],"wp:term":[{"taxonomy":"pwb-brand","embeddable":true,"href":"https:\/\/www.moskito.cz\/fr\/wp-json\/wp\/v2\/pwb-brand?post=331328"},{"taxonomy":"product_brand","embeddable":true,"href":"https:\/\/www.moskito.cz\/fr\/wp-json\/wp\/v2\/product_brand?post=331328"},{"taxonomy":"product_cat","embeddable":true,"href":"https:\/\/www.moskito.cz\/fr\/wp-json\/wp\/v2\/product_cat?post=331328"},{"taxonomy":"product_tag","embeddable":true,"href":"https:\/\/www.moskito.cz\/fr\/wp-json\/wp\/v2\/product_tag?post=331328"}],"curies":[{"name":"wp","href":"https:\/\/api.w.org\/{rel}","templated":true}]}}