{"id":331379,"date":"2023-12-15T20:58:39","date_gmt":"2024-04-12T13:39:53","guid":{"rendered":"https:\/\/www.moskito.cz\/produkt\/couteau-fixe-columbia-river-crkt-bugsy-stonewashed-3600\/"},"modified":"2025-05-07T11:10:39","modified_gmt":"2025-05-07T10:10:39","slug":"couteau-fixe-columbia-river-crkt-bugsy-stonewashed-3600","status":"publish","type":"product","link":"https:\/\/www.moskito.cz\/fr\/produkt\/couteau-fixe-columbia-river-crkt-bugsy-stonewashed-3600\/","title":{"rendered":"Couteau fixe Columbia River CRKT Bugsy Stonewashed 3600"},"content":{"rendered":"<p>Couteau fixe Columbia River <strong>CRKT<\/strong> Bugsy Stonewashed 3600<\/p>\n<p>N\u00e9 dans la jungle et fabriqu\u00e9 aux \u00c9tats-Unis, le Fixed Blade <strong>Bugsy<\/strong> est le premier couteau CRKT du coutelier sur mesure et survivant Kaila Cumings. Avec la portabilit\u00e9 et le confort comme principaux objectifs de conception, la poign\u00e9e est aussi compacte que possible sans sacrifier l&rsquo;ergonomie, et le cordon inclus offre une adh\u00e9rence suppl\u00e9mentaire. Bugsy doit son nom en partie \u00e0 la premi\u00e8re apparition de Kaila dans \u00ab\u00a0Naked and Afraid\u00a0\u00bb de Discovery, qui l&rsquo;a laiss\u00e9e couverte de la t\u00eate aux pieds par des piq\u00fbres d&rsquo;insectes dans la jungle colombienne. Mais il y a aussi un lien plus joyeux avec ce nom : c&rsquo;est le surnom de sa fille.<\/p>\n<p>Bugsy est une lame fixe compacte haut de gamme disponible en deux versions pour r\u00e9pondre aux diff\u00e9rents besoins des amateurs de plein air. Choisissez soit une lame stonewash \u00e0 bord lisse, un manche en Micarta, avec un \u00e9tui en cuir ; ou une lame noire recouverte de Cerakote avec des dentelures Veff, une poign\u00e9e G10 noire assortie et un \u00e9tui Kydex.<\/p>\n<p>Les deux mod\u00e8les sont fabriqu\u00e9s aux \u00c9tats-Unis \u00e0 partir d\u2019acier au carbone 1095 pour plus de r\u00e9sistance et de r\u00e9tention des bords. La lame de pr\u00e8s de 4 pouces porte un gros ventre, ce qui la rend adapt\u00e9e \u00e0 la chasse, les dentelures Veff \u00e9changeant une certaine longueur de lame contre une capacit\u00e9 de coupe de corde. Avec les principaux objectifs de conception de portabilit\u00e9 et de confort, la poign\u00e9e est aussi compacte que possible sans sacrifier l&rsquo;ergonomie, et le cordon inclus offre une adh\u00e9rence suppl\u00e9mentaire.<\/p>\n<p>Ayant grandi dans la campagne du New Hampshire, Kaila est tomb\u00e9e amoureuse du plein air alors que son p\u00e8re l&#8217;emmenait \u00e0 la chasse, \u00e0 la p\u00eache et au camping, ce qui lui a permis d&rsquo;acqu\u00e9rir des comp\u00e9tences de survie d\u00e8s son plus jeune \u00e2ge. Cela a finalement conduit \u00e0 une carri\u00e8re de coutelier et de survivant professionnel, apparaissant trois fois dans \u00ab\u00a0Naked and Afraid\u00a0\u00bb de Discovery, une \u00e9mission dans laquelle les candidats se d\u00e9brouillent seuls dans des endroits \u00e9loign\u00e9s pendant 21 jours et nuits.<\/p>\n<p>Fabriqu\u00e9 aux \u00c9tats-Unis<br \/>\nL&rsquo;acier au carbone 1095 offre durabilit\u00e9 et r\u00e9tention des bords<br \/>\nLa poign\u00e9e Micarta allie solidit\u00e9 et attrait visuel<br \/>\nLe porte-cl\u00e9s dispose d&rsquo;une poign\u00e9e allong\u00e9e pour un meilleur contr\u00f4le<br \/>\n\u00c9tui en cuir pleine fleur durable de haute qualit\u00e9 avec passant de ceinture<\/p>\n<p>Caract\u00e9ristiques<br \/>\nLongueur de la lame : 9,6 cm<br \/>\nLongueur du manche : 9,28 cm<br \/>\nLongueur totale : 18,89 cm<br \/>\nMat\u00e9riau de la lame : acier \u00e0 haute teneur en carbone 1095<br \/>\n\u00c9paisseur de la lame : 0,38 cm<br \/>\nStyle de lame&nbsp;:&nbsp;pointe de chute<br \/>\nTraitement de surface de la lame : Stonewash<br \/>\nMat\u00e9riau du manche : Micarta marron<br \/>\nMat\u00e9riau du bo\u00eetier : Cuir<br \/>\nPoids : 4,30 onces. (121,90g)<br \/>\nPoids avec \u00e9tui : 7,10 oz. (201,28g)<br \/>\nCr\u00e9ateur : Kaila Cummings<br \/>\nFabriqu\u00e9 aux \u00c9tats-Unis par TOPS Knives<\/p>\n<p><iframe title=\"CRKT BUGSY\u2122 I Kaila Cumings Design\" width=\"800\" height=\"450\" src=\"https:\/\/www.youtube.com\/embed\/ObJ9Jpv211A?feature=oembed\" frameborder=\"0\" allow=\"accelerometer; autoplay; clipboard-write; encrypted-media; gyroscope; picture-in-picture; web-share\" referrerpolicy=\"strict-origin-when-cross-origin\" allowfullscreen><\/iframe><\/p>\n<p>&nbsp;<\/p>\n","protected":false},"excerpt":{"rendered":"<p><strong>CONCEPTEUR&nbsp;: Kaila Cumings<\/strong><br \/>\n<strong>Brattleboro, Vermont<\/strong><br \/>\n<strong>Aventuri\u00e8re de toujours, Kaila Cumings a grandi en campant et en chassant dans les bois de la campagne du New Hampshire. Kaila est une coutelleuse sur mesure qui travaille \u00e0 la main dans la forge et l&rsquo;enclume, se laisse guider par le m\u00e9tal et vit selon la devise qu&rsquo;il n&rsquo;y a pas de lames cass\u00e9es, seulement des couteaux plus petits.<\/strong><\/p>\n","protected":false},"featured_media":331380,"comment_status":"open","ping_status":"closed","template":"","meta":[],"pwb-brand":[3762],"product_brand":[],"product_cat":[3697,3696],"product_tag":[3754],"class_list":{"0":"post-331379","1":"product","2":"type-product","3":"status-publish","4":"has-post-thumbnail","6":"pwb-brand-crkt-fr","7":"product_cat-couteaux-solides","8":"product_cat-des-couteaux","9":"product_tag-b2b-fr","11":"first","12":"instock","13":"taxable","14":"shipping-taxable","15":"purchasable","16":"product-type-simple"},"brands":[{"id":3762,"name":"CRKT","slug":"crkt-fr"}],"_links":{"self":[{"href":"https:\/\/www.moskito.cz\/fr\/wp-json\/wp\/v2\/product\/331379","targetHints":{"allow":["GET"]}}],"collection":[{"href":"https:\/\/www.moskito.cz\/fr\/wp-json\/wp\/v2\/product"}],"about":[{"href":"https:\/\/www.moskito.cz\/fr\/wp-json\/wp\/v2\/types\/product"}],"replies":[{"embeddable":true,"href":"https:\/\/www.moskito.cz\/fr\/wp-json\/wp\/v2\/comments?post=331379"}],"wp:featuredmedia":[{"embeddable":true,"href":"https:\/\/www.moskito.cz\/fr\/wp-json\/wp\/v2\/media\/331380"}],"wp:attachment":[{"href":"https:\/\/www.moskito.cz\/fr\/wp-json\/wp\/v2\/media?parent=331379"}],"wp:term":[{"taxonomy":"pwb-brand","embeddable":true,"href":"https:\/\/www.moskito.cz\/fr\/wp-json\/wp\/v2\/pwb-brand?post=331379"},{"taxonomy":"product_brand","embeddable":true,"href":"https:\/\/www.moskito.cz\/fr\/wp-json\/wp\/v2\/product_brand?post=331379"},{"taxonomy":"product_cat","embeddable":true,"href":"https:\/\/www.moskito.cz\/fr\/wp-json\/wp\/v2\/product_cat?post=331379"},{"taxonomy":"product_tag","embeddable":true,"href":"https:\/\/www.moskito.cz\/fr\/wp-json\/wp\/v2\/product_tag?post=331379"}],"curies":[{"name":"wp","href":"https:\/\/api.w.org\/{rel}","templated":true}]}}