{"id":331448,"date":"2022-09-17T12:48:20","date_gmt":"2024-04-12T13:44:39","guid":{"rendered":"https:\/\/www.moskito.cz\/produkt\/couteau-fixe-crkt-catchall-2866\/"},"modified":"2025-05-07T11:10:40","modified_gmt":"2025-05-07T10:10:40","slug":"couteau-fixe-crkt-catchall-2866","status":"publish","type":"product","link":"https:\/\/www.moskito.cz\/fr\/produkt\/couteau-fixe-crkt-catchall-2866\/","title":{"rendered":"Couteau Fixe CRKT CATCHALL 2866"},"content":{"rendered":"<p>Couteau fixe <strong>CRKT<\/strong> CATCHALL 2866.<\/p>\n<p>Il s\u2019agit du pire sc\u00e9nario possible.<\/p>\n<p>Con\u00e7u par le coutelier Russ Kommer, le Catchall\u2122 doit son nom \u00e0 sa capacit\u00e9 \u00e0 fonctionner dans diverses situations. Dot\u00e9 d&rsquo;une lame fixe et d&rsquo;une lame en forme de pied de mouton, cet outil multifonction n&rsquo;est pas seulement un couteau de cuisine pratique, c&rsquo;est un incontournable polyvalent pour l&rsquo;ext\u00e9rieur.<br \/>\nAff\u00fbtage facile : la lame en acier inoxydable \u00e0 haute teneur en carbone s&rsquo;aff\u00fbte bien<br \/>\nUtilit\u00e9 utile : La forme de la lame en pied de mouton permet de couper<br \/>\nLook \u00e9l\u00e9gant : la lame satin\u00e9e a un look moderne<br \/>\nSolide et l\u00e9ger : la poign\u00e9e en nylon renforc\u00e9 de verre est durable et l\u00e9g\u00e8re<br \/>\nSecure Grip&nbsp;: poign\u00e9e profil\u00e9e pour un contr\u00f4le exceptionnel<br \/>\nCompatible avec la transmission : bo\u00eetier thermoplastique durable avec options de montage.<\/p>\n<p>CARACT\u00c9RISTIQUES<br \/>\nLongueur de la lame 5,51 po (140,03 mm)<br \/>\nLame lame Plaine<br \/>\nLame en acier 8Cr13MoV<br \/>\nTraitement de surface de la lame Satin, brosse<br \/>\n\u00c9paisseur de la lame 0,13&Prime; (3,35 mm)<br \/>\nLongueur totale 10,25&Prime; (260,35 mm)<br \/>\nPoids 7,50 onces (212,62 g)<br \/>\nManche en nylon renforc\u00e9 de verre avec rev\u00eatement en caoutchouc<br \/>\nStyle Couteau \u00e0 lame fixe avec \u00e9tui<br \/>\nMat\u00e9riau de la coque Thermoplastique<br \/>\nPoids de la coquille 2,40 oz (68,04 g)<\/p>\n<p><iframe title=\"CRKT CATCHALL\u2122 | Russ Kommer Design\" width=\"800\" height=\"450\" src=\"https:\/\/www.youtube.com\/embed\/ZGcwQnY1Quo?feature=oembed\" frameborder=\"0\" allow=\"accelerometer; autoplay; clipboard-write; encrypted-media; gyroscope; picture-in-picture; web-share\" referrerpolicy=\"strict-origin-when-cross-origin\" allowfullscreen><\/iframe><\/p>\n<p>&nbsp;<\/p>\n","protected":false},"excerpt":{"rendered":"<p>Con\u00e7u par Russ Kommer \u00e0 Fargo, Dakota du Nord.<\/p>\n","protected":false},"featured_media":331460,"comment_status":"open","ping_status":"closed","template":"","meta":[],"pwb-brand":[3762],"product_brand":[],"product_cat":[3697,3696],"product_tag":[3754],"class_list":{"0":"post-331448","1":"product","2":"type-product","3":"status-publish","4":"has-post-thumbnail","6":"pwb-brand-crkt-fr","7":"product_cat-couteaux-solides","8":"product_cat-des-couteaux","9":"product_tag-b2b-fr","11":"first","12":"instock","13":"sale","14":"taxable","15":"shipping-taxable","16":"purchasable","17":"product-type-simple"},"brands":[{"id":3762,"name":"CRKT","slug":"crkt-fr"}],"_links":{"self":[{"href":"https:\/\/www.moskito.cz\/fr\/wp-json\/wp\/v2\/product\/331448","targetHints":{"allow":["GET"]}}],"collection":[{"href":"https:\/\/www.moskito.cz\/fr\/wp-json\/wp\/v2\/product"}],"about":[{"href":"https:\/\/www.moskito.cz\/fr\/wp-json\/wp\/v2\/types\/product"}],"replies":[{"embeddable":true,"href":"https:\/\/www.moskito.cz\/fr\/wp-json\/wp\/v2\/comments?post=331448"}],"wp:featuredmedia":[{"embeddable":true,"href":"https:\/\/www.moskito.cz\/fr\/wp-json\/wp\/v2\/media\/331460"}],"wp:attachment":[{"href":"https:\/\/www.moskito.cz\/fr\/wp-json\/wp\/v2\/media?parent=331448"}],"wp:term":[{"taxonomy":"pwb-brand","embeddable":true,"href":"https:\/\/www.moskito.cz\/fr\/wp-json\/wp\/v2\/pwb-brand?post=331448"},{"taxonomy":"product_brand","embeddable":true,"href":"https:\/\/www.moskito.cz\/fr\/wp-json\/wp\/v2\/product_brand?post=331448"},{"taxonomy":"product_cat","embeddable":true,"href":"https:\/\/www.moskito.cz\/fr\/wp-json\/wp\/v2\/product_cat?post=331448"},{"taxonomy":"product_tag","embeddable":true,"href":"https:\/\/www.moskito.cz\/fr\/wp-json\/wp\/v2\/product_tag?post=331448"}],"curies":[{"name":"wp","href":"https:\/\/api.w.org\/{rel}","templated":true}]}}