{"id":331507,"date":"2022-09-14T20:11:21","date_gmt":"2024-04-12T13:44:44","guid":{"rendered":"https:\/\/www.moskito.cz\/produkt\/couteau-fixe-crkt-biwa-2382\/"},"modified":"2024-04-12T14:44:44","modified_gmt":"2024-04-12T13:44:44","slug":"couteau-fixe-crkt-biwa-2382","status":"publish","type":"product","link":"https:\/\/www.moskito.cz\/fr\/produkt\/couteau-fixe-crkt-biwa-2382\/","title":{"rendered":"Couteau Fixe CRKT BIWA 2382"},"content":{"rendered":"<p>Couteau fixe <strong>CRKT<\/strong> BIWA 2382.<\/p>\n<p>Construction en plumes pour tout ce qui se retrouve au menu du camp. Lorsque le moindre poids suppl\u00e9mentaire compte, le couteau de chasse et de p\u00eache l\u00e9ger \u00e0 lame fixe Biwa\u2122 \/bee-wah\/ est le choix id\u00e9al. Pesant seulement 1,6 once, elle se rentre aussi furtivement que quelques autres mouches s\u00e8ches, mais se balance lorsqu&rsquo;une truite de montagne touche votre ligne.<\/p>\n<p>Le designer Alan Folts, bas\u00e9 \u00e0 Melbourne, en Floride, a cr\u00e9\u00e9 le couteau personnalis\u00e9 qui allait devenir le Biwa\u2122 apr\u00e8s avoir surmont\u00e9 la pression de ses amis chasseurs minimalistes pour cr\u00e9er un couteau de chasse pesant le moins possible. Biwa\u2122, du nom d&rsquo;une esp\u00e8ce de truite japonaise, fait mouche.<\/p>\n<p>Le long c\u00f4ne distal de la lame \u00e0 finition satin\u00e9e est un outil puissant pour couper, fermer et bien plus encore. Lorsque vous rencontrez la rainure sur le manche du G10, elle est con\u00e7ue de telle mani\u00e8re que vous saurez o\u00f9 se trouve la lame m\u00eame si le couteau entier s&rsquo;enfonce hors de vue. La gaine solide moul\u00e9e par injection se fixe facilement \u00e0 un sac ou se transforme rapidement en couteau de cou.<\/p>\n<p>Cr\u00e9atures sauvages, m\u00e9fiez-vous.<\/p>\n<p>CARACT\u00c9RISTIQUES<br \/>\nLongueur de la lame 3,02&Prime; (76,66 mm)<br \/>\nLame lame Plaine<br \/>\nLame en acier 8Cr13MoV<br \/>\nTraitement de surface de la lame Satin<br \/>\n\u00c9paisseur de la lame 0,11 po (2,82 mm)<br \/>\nLongueur totale 6,63&Prime; (168,28 mm)<br \/>\nPoids 1,60 onces (45,36 g)<br \/>\nManche Fibre impr\u00e9gn\u00e9e de r\u00e9sine<br \/>\nStyle Couteau \u00e0 lame fixe avec \u00e9tui<br \/>\nMat\u00e9riau de la coque Thermoplastique<br \/>\nPoids de la coquille 1,10 oz (31,18 g)<\/p>\n<p><iframe title=\"CRKT BIWA\u2122 | Alan Folts Design\" width=\"800\" height=\"450\" src=\"https:\/\/www.youtube.com\/embed\/svqloJHdQ4E?feature=oembed\" frameborder=\"0\" allow=\"accelerometer; autoplay; clipboard-write; encrypted-media; gyroscope; picture-in-picture; web-share\" referrerpolicy=\"strict-origin-when-cross-origin\" allowfullscreen><\/iframe><\/p>\n<p>&nbsp;<\/p>\n","protected":false},"excerpt":{"rendered":"<p>Con\u00e7u par Alan Folts \u00e0 Melbourne, en Floride.<\/p>\n","protected":false},"featured_media":331508,"comment_status":"open","ping_status":"closed","template":"","meta":[],"pwb-brand":[3762],"product_brand":[],"product_cat":[3697,3696],"product_tag":[3754],"class_list":{"0":"post-331507","1":"product","2":"type-product","3":"status-publish","4":"has-post-thumbnail","6":"pwb-brand-crkt-fr","7":"product_cat-couteaux-solides","8":"product_cat-des-couteaux","9":"product_tag-b2b-fr","11":"first","12":"instock","13":"sale","14":"taxable","15":"shipping-taxable","16":"purchasable","17":"product-type-simple"},"brands":[{"id":3762,"name":"CRKT","slug":"crkt-fr"}],"_links":{"self":[{"href":"https:\/\/www.moskito.cz\/fr\/wp-json\/wp\/v2\/product\/331507","targetHints":{"allow":["GET"]}}],"collection":[{"href":"https:\/\/www.moskito.cz\/fr\/wp-json\/wp\/v2\/product"}],"about":[{"href":"https:\/\/www.moskito.cz\/fr\/wp-json\/wp\/v2\/types\/product"}],"replies":[{"embeddable":true,"href":"https:\/\/www.moskito.cz\/fr\/wp-json\/wp\/v2\/comments?post=331507"}],"wp:featuredmedia":[{"embeddable":true,"href":"https:\/\/www.moskito.cz\/fr\/wp-json\/wp\/v2\/media\/331508"}],"wp:attachment":[{"href":"https:\/\/www.moskito.cz\/fr\/wp-json\/wp\/v2\/media?parent=331507"}],"wp:term":[{"taxonomy":"pwb-brand","embeddable":true,"href":"https:\/\/www.moskito.cz\/fr\/wp-json\/wp\/v2\/pwb-brand?post=331507"},{"taxonomy":"product_brand","embeddable":true,"href":"https:\/\/www.moskito.cz\/fr\/wp-json\/wp\/v2\/product_brand?post=331507"},{"taxonomy":"product_cat","embeddable":true,"href":"https:\/\/www.moskito.cz\/fr\/wp-json\/wp\/v2\/product_cat?post=331507"},{"taxonomy":"product_tag","embeddable":true,"href":"https:\/\/www.moskito.cz\/fr\/wp-json\/wp\/v2\/product_tag?post=331507"}],"curies":[{"name":"wp","href":"https:\/\/api.w.org\/{rel}","templated":true}]}}