{"id":331528,"date":"2022-09-14T17:27:14","date_gmt":"2024-04-12T13:49:28","guid":{"rendered":"https:\/\/www.moskito.cz\/produkt\/couteau-fixe-crkt-spec-petit-poche-tous-les-jours-couperet-2398\/"},"modified":"2025-05-07T11:10:41","modified_gmt":"2025-05-07T10:10:41","slug":"couteau-fixe-crkt-spec-petit-poche-tous-les-jours-couperet-2398","status":"publish","type":"product","link":"https:\/\/www.moskito.cz\/fr\/produkt\/couteau-fixe-crkt-spec-petit-poche-tous-les-jours-couperet-2398\/","title":{"rendered":"Couteau fixe CRKT SPEC (PETIT. POCHE. TOUS LES JOURS. COUPERET.) 2398"},"content":{"rendered":"<p>Couteau fixe <strong>CRKT<\/strong> SPEC (PETIT. POCHE. TOUS LES JOURS. COUPERET.) 2398.<\/p>\n<p>Puissant concurrent de coupe.<\/p>\n<p>Hacher, trancher ou couper en d\u00e9s, le SPEC\u2122 (LITTLE POCKET. EVERY DAY. CLEAVER.) prend soin de vos besoins de coupe en d\u00e9placement. Con\u00e7u par le coutelier Alan Folts, ce couteau portable est un incontournable recherch\u00e9 pour les cuisines de camping, le travail du bois et diverses t\u00e2ches de garage. Inspir\u00e9 du puissant couperet de boucher con\u00e7u pour couper des b\u00fbches, ce couteau redessin\u00e9 ne se laisse pas retenir par sa taille portable.<\/p>\n<p>CARACT\u00c9RISTIQUES<br \/>\nLongueur de la lame 2,44&Prime; (61,87 mm)<br \/>\nLame lame Plaine<br \/>\nLame en acier 8Cr13MoV<br \/>\nFinition de la surface de la lame Microbillage<br \/>\n\u00c9paisseur de la lame 0,10 po (2,64 mm)<br \/>\nLongueur totale 5,63&Prime; (142,88 mm)<br \/>\nPoids 2,10 onces (59,53 g)<br \/>\nPoign\u00e9e G10<br \/>\nStyle Couteau \u00e0 lame fixe avec \u00e9tui<br \/>\nMat\u00e9riau de la coque Thermoplastique<br \/>\nPoids de la coquille 1,10 oz (31,18 g)<\/p>\n","protected":false},"excerpt":{"rendered":"<p>Con\u00e7u par Alan Folts \u00e0 Melbourne, en Floride.<\/p>\n","protected":false},"featured_media":331529,"comment_status":"open","ping_status":"closed","template":"","meta":[],"pwb-brand":[3762],"product_brand":[],"product_cat":[3697,3696],"product_tag":[3754],"class_list":{"0":"post-331528","1":"product","2":"type-product","3":"status-publish","4":"has-post-thumbnail","6":"pwb-brand-crkt-fr","7":"product_cat-couteaux-solides","8":"product_cat-des-couteaux","9":"product_tag-b2b-fr","11":"first","12":"instock","13":"taxable","14":"shipping-taxable","15":"purchasable","16":"product-type-simple"},"brands":[{"id":3762,"name":"CRKT","slug":"crkt-fr"}],"_links":{"self":[{"href":"https:\/\/www.moskito.cz\/fr\/wp-json\/wp\/v2\/product\/331528","targetHints":{"allow":["GET"]}}],"collection":[{"href":"https:\/\/www.moskito.cz\/fr\/wp-json\/wp\/v2\/product"}],"about":[{"href":"https:\/\/www.moskito.cz\/fr\/wp-json\/wp\/v2\/types\/product"}],"replies":[{"embeddable":true,"href":"https:\/\/www.moskito.cz\/fr\/wp-json\/wp\/v2\/comments?post=331528"}],"wp:featuredmedia":[{"embeddable":true,"href":"https:\/\/www.moskito.cz\/fr\/wp-json\/wp\/v2\/media\/331529"}],"wp:attachment":[{"href":"https:\/\/www.moskito.cz\/fr\/wp-json\/wp\/v2\/media?parent=331528"}],"wp:term":[{"taxonomy":"pwb-brand","embeddable":true,"href":"https:\/\/www.moskito.cz\/fr\/wp-json\/wp\/v2\/pwb-brand?post=331528"},{"taxonomy":"product_brand","embeddable":true,"href":"https:\/\/www.moskito.cz\/fr\/wp-json\/wp\/v2\/product_brand?post=331528"},{"taxonomy":"product_cat","embeddable":true,"href":"https:\/\/www.moskito.cz\/fr\/wp-json\/wp\/v2\/product_cat?post=331528"},{"taxonomy":"product_tag","embeddable":true,"href":"https:\/\/www.moskito.cz\/fr\/wp-json\/wp\/v2\/product_tag?post=331528"}],"curies":[{"name":"wp","href":"https:\/\/api.w.org\/{rel}","templated":true}]}}