{"id":331654,"date":"2022-09-14T19:42:17","date_gmt":"2024-04-12T13:53:42","guid":{"rendered":"https:\/\/www.moskito.cz\/produkt\/couteau-fixe-crkt-tailbone-2415\/"},"modified":"2025-05-07T11:10:43","modified_gmt":"2025-05-07T10:10:43","slug":"couteau-fixe-crkt-tailbone-2415","status":"publish","type":"product","link":"https:\/\/www.moskito.cz\/fr\/produkt\/couteau-fixe-crkt-tailbone-2415\/","title":{"rendered":"Couteau Fixe CRKT TAILBONE 2415"},"content":{"rendered":"<p>Couteau fixe <strong>CRKT<\/strong> TAILBONE 2415.<\/p>\n<p>Cela peut ressembler \u00e0 une lame solide, mais il y a plus que \u00e7a. \u00c0 premi\u00e8re vue, le couteau d&rsquo;ext\u00e9rieur \u00e0 lame fixe Tailbone\u2122 ressemble \u00e0 un couteau de cou ordinaire avec un manche envelopp\u00e9 de paracorde. Mais il prend vie dans la main. La poign\u00e9e cha\u00eene de la machine bouge pour une excellente ergonomie, mais reste parfaitement fix\u00e9e lors de la coupe ou du tranchage. C\u2019est hautement utilisable et compl\u00e8tement inattendu.<\/p>\n<p>Dans notre monde, le biomim\u00e9tisme \u2013 des conceptions inspir\u00e9es du monde naturel \u2013 est omnipr\u00e9sent. TJ Schwarz de Boise, Idaho a emprunt\u00e9 ce concept lorsqu&rsquo;il a con\u00e7u un manche de couteau \u00e0 lame fixe bas\u00e9 sur le chevron. TJ ne recule jamais devant une nouvelle id\u00e9e audacieuse. TJ a cr\u00e9\u00e9 le Tailbone\u2122 avec une simple lame \u00e0 pointe d\u00e9lav\u00e9e et un manche qui fait sortir les conventions de l&rsquo;eau. La poign\u00e9e flexible se d\u00e9place verticalement et s&rsquo;adapte \u00e0 votre poign\u00e9e ou \u00e0 votre poitrine lorsqu&rsquo;elle est port\u00e9e comme couteau de cou sans permettre aucun jeu horizontal. Il est envelopp\u00e9 de paracorde pour une meilleure adh\u00e9rence avec une grande ouverture pour les doigts et un passepoil pour le contr\u00f4le. La gaine solide moul\u00e9e par injection se fixe facilement \u00e0 un sac ou se transforme rapidement en couteau de cou.<\/p>\n<p>Tailbone\u2122 est tout ce que vous attendiez et tout ce que M\u00e8re Nature n&rsquo;\u00e9tait pas.<\/p>\n<p>CARACT\u00c9RISTIQUES<br \/>\nLongueur de la lame 2,13&Prime; (53,98 mm)<br \/>\nLame lame Plaine<br \/>\nLame en acier 8Cr13MoV<br \/>\nFinition de la lame Stonewash<br \/>\n\u00c9paisseur de la lame 0,15&Prime; (3,91 mm)<br \/>\nLongueur totale 6,31&Prime; (160,35 mm)<br \/>\nPoids 2,00 onces (56,70 g)<br \/>\nPoign\u00e9e en acier au carbone envelopp\u00e9e d&rsquo;un cordon<br \/>\nStyle Couteau \u00e0 lame fixe avec \u00e9tui<br \/>\nMat\u00e9riau de la coque Thermoplastique<br \/>\nPoids de la coquille 1,00 oz (28,35 g)<\/p>\n<p><iframe title=\"CRKT TAILBONE\u2122 | T.J. Schwarz Design\" width=\"800\" height=\"450\" src=\"https:\/\/www.youtube.com\/embed\/_nRDhu-pd_w?feature=oembed\" frameborder=\"0\" allow=\"accelerometer; autoplay; clipboard-write; encrypted-media; gyroscope; picture-in-picture; web-share\" referrerpolicy=\"strict-origin-when-cross-origin\" allowfullscreen><\/iframe><\/p>\n<p>&nbsp;<\/p>\n","protected":false},"excerpt":{"rendered":"<p>Con\u00e7u par TJ Schwarz \u00e0 Boise, Idaho.<\/p>\n","protected":false},"featured_media":331655,"comment_status":"open","ping_status":"closed","template":"","meta":[],"pwb-brand":[3762],"product_brand":[],"product_cat":[3697,3696],"product_tag":[3754],"class_list":{"0":"post-331654","1":"product","2":"type-product","3":"status-publish","4":"has-post-thumbnail","6":"pwb-brand-crkt-fr","7":"product_cat-couteaux-solides","8":"product_cat-des-couteaux","9":"product_tag-b2b-fr","11":"first","12":"instock","13":"sale","14":"taxable","15":"shipping-taxable","16":"purchasable","17":"product-type-simple"},"brands":[{"id":3762,"name":"CRKT","slug":"crkt-fr"}],"_links":{"self":[{"href":"https:\/\/www.moskito.cz\/fr\/wp-json\/wp\/v2\/product\/331654","targetHints":{"allow":["GET"]}}],"collection":[{"href":"https:\/\/www.moskito.cz\/fr\/wp-json\/wp\/v2\/product"}],"about":[{"href":"https:\/\/www.moskito.cz\/fr\/wp-json\/wp\/v2\/types\/product"}],"replies":[{"embeddable":true,"href":"https:\/\/www.moskito.cz\/fr\/wp-json\/wp\/v2\/comments?post=331654"}],"wp:featuredmedia":[{"embeddable":true,"href":"https:\/\/www.moskito.cz\/fr\/wp-json\/wp\/v2\/media\/331655"}],"wp:attachment":[{"href":"https:\/\/www.moskito.cz\/fr\/wp-json\/wp\/v2\/media?parent=331654"}],"wp:term":[{"taxonomy":"pwb-brand","embeddable":true,"href":"https:\/\/www.moskito.cz\/fr\/wp-json\/wp\/v2\/pwb-brand?post=331654"},{"taxonomy":"product_brand","embeddable":true,"href":"https:\/\/www.moskito.cz\/fr\/wp-json\/wp\/v2\/product_brand?post=331654"},{"taxonomy":"product_cat","embeddable":true,"href":"https:\/\/www.moskito.cz\/fr\/wp-json\/wp\/v2\/product_cat?post=331654"},{"taxonomy":"product_tag","embeddable":true,"href":"https:\/\/www.moskito.cz\/fr\/wp-json\/wp\/v2\/product_tag?post=331654"}],"curies":[{"name":"wp","href":"https:\/\/api.w.org\/{rel}","templated":true}]}}