{"id":331691,"date":"2022-09-13T20:26:20","date_gmt":"2024-04-12T13:55:18","guid":{"rendered":"https:\/\/www.moskito.cz\/produkt\/couteau-fixe-crkt-obake-2367\/"},"modified":"2025-05-07T11:10:44","modified_gmt":"2025-05-07T10:10:44","slug":"couteau-fixe-crkt-obake-2367","status":"publish","type":"product","link":"https:\/\/www.moskito.cz\/fr\/produkt\/couteau-fixe-crkt-obake-2367\/","title":{"rendered":"Couteau Fixe CRKT OBAKE 2367"},"content":{"rendered":"<p>Couteau fixe <strong>CRKT<\/strong> OBAKE 2367.<\/p>\n<p>Cela dit quelque chose sur vous. Va t&rsquo;en.<\/p>\n<p>Dot\u00e9 d&rsquo;une lame grav\u00e9e de mani\u00e8re unique et d&rsquo;un manche en peau de raie enroul\u00e9 autour d&rsquo;un cordon, ce couteau de tous les jours d&rsquo;inspiration tactique est la v\u00e9ritable quintessence du cool.<\/p>\n<p>Con\u00e7u par Lucas Burnley de Bend, OR, l&rsquo;Obake\u2122 est une combinaison raffin\u00e9e de style de couteau classique construit avec des mat\u00e9riaux et des techniques modernes. C&rsquo;est un autre exemple de la conviction de Burnley selon laquelle les couteaux sont une expression personnelle de l&rsquo;ind\u00e9pendance. Et celui-ci fait une d\u00e9claration lorsque vous le mettez en action.<\/p>\n<p>Un retour au design japonais classique Kwaiken, il pr\u00e9sente une lame solide avec une finition unique en nitrure de titane gris grav\u00e9e \u00e0 l&rsquo;acide pour donner \u00e0 chaque couteau un look unique. C&rsquo;est comme s&rsquo;il fabriquait une lame exclusivement pour que vous puissiez la jeter lorsque le besoin d&rsquo;utilit\u00e9 se fait sentir.<\/p>\n<p>La poign\u00e9e est dot\u00e9e d&rsquo;un cordon en nylon de style Katana envelopp\u00e9 de faux cuir noir pour une prise en main exceptionnelle et s\u00fbre par tous les temps. Lorsque des temp\u00eates ou des probl\u00e8mes arrivent, vous serez pr\u00eat.<\/p>\n<p>Le fourreau Obake\u2122 est fabriqu\u00e9 en nylon renforc\u00e9 de fibre de verre pour une r\u00e9tention constante m\u00eame dans les environnements humides. La lani\u00e8re en paracorde sur l&rsquo;\u00e9tui est con\u00e7ue pour s&rsquo;attacher \u00e0 la boucle de ceinture et maintenir l&rsquo;\u00e9tui en place lorsque le couteau est d\u00e9ploy\u00e9. Une perle en forme de t\u00eate de mort ajoute un accent pas si subtil \u00e0 la lani\u00e8re en paracorde.<\/p>\n<p>Obake\u2122 ne cherche pas de travail, mais il est pr\u00eat \u00e0 se pr\u00e9senter comme un patron quand vient le temps de faire le travail.<\/p>\n<p>CARACT\u00c9RISTIQUES<br \/>\nLongueur de la lame 3,55&nbsp;po (90,27&nbsp;mm)<br \/>\nLame lame Plaine<br \/>\nLame en acier 8Cr13MoV<br \/>\nTraitement de surface de la lame Nitrure de titane, gravure \u00e0 l&rsquo;acide<br \/>\n\u00c9paisseur de la lame 0,13 po (3,18 mm)<br \/>\nLongueur totale 7,56&Prime; (192,10 mm)<br \/>\nPoids 2,40 onces (68,04 g)<br \/>\nPoign\u00e9e en acier inoxydable envelopp\u00e9e de c\u00e2ble<br \/>\nStyle Couteau \u00e0 lame fixe avec \u00e9tui<br \/>\nCordon fourreau Cordon noir&nbsp;; perle de cr\u00e2ne en m\u00e9tal &#8211; alliage de zinc moul\u00e9, chromage galvanique<br \/>\nMat\u00e9riau de la coque Thermoplastique<br \/>\nPoids de la coquille 1,10 oz (31,18 g)<\/p>\n<p><iframe title=\"CRKT Obake Knife Overview | by Lucas Burnley\" width=\"800\" height=\"450\" src=\"https:\/\/www.youtube.com\/embed\/NpIHiL2JFnc?feature=oembed\" frameborder=\"0\" allow=\"accelerometer; autoplay; clipboard-write; encrypted-media; gyroscope; picture-in-picture; web-share\" referrerpolicy=\"strict-origin-when-cross-origin\" allowfullscreen><\/iframe><\/p>\n<p>&nbsp;<\/p>\n","protected":false},"excerpt":{"rendered":"<p>Con\u00e7u par Lucas Burnley \u00e0 Bend, Oregon.<\/p>\n","protected":false},"featured_media":331701,"comment_status":"open","ping_status":"closed","template":"","meta":[],"pwb-brand":[3762],"product_brand":[],"product_cat":[3697,3696],"product_tag":[3754],"class_list":{"0":"post-331691","1":"product","2":"type-product","3":"status-publish","4":"has-post-thumbnail","6":"pwb-brand-crkt-fr","7":"product_cat-couteaux-solides","8":"product_cat-des-couteaux","9":"product_tag-b2b-fr","11":"first","12":"outofstock","13":"taxable","14":"shipping-taxable","15":"purchasable","16":"product-type-simple"},"brands":[{"id":3762,"name":"CRKT","slug":"crkt-fr"}],"_links":{"self":[{"href":"https:\/\/www.moskito.cz\/fr\/wp-json\/wp\/v2\/product\/331691","targetHints":{"allow":["GET"]}}],"collection":[{"href":"https:\/\/www.moskito.cz\/fr\/wp-json\/wp\/v2\/product"}],"about":[{"href":"https:\/\/www.moskito.cz\/fr\/wp-json\/wp\/v2\/types\/product"}],"replies":[{"embeddable":true,"href":"https:\/\/www.moskito.cz\/fr\/wp-json\/wp\/v2\/comments?post=331691"}],"wp:featuredmedia":[{"embeddable":true,"href":"https:\/\/www.moskito.cz\/fr\/wp-json\/wp\/v2\/media\/331701"}],"wp:attachment":[{"href":"https:\/\/www.moskito.cz\/fr\/wp-json\/wp\/v2\/media?parent=331691"}],"wp:term":[{"taxonomy":"pwb-brand","embeddable":true,"href":"https:\/\/www.moskito.cz\/fr\/wp-json\/wp\/v2\/pwb-brand?post=331691"},{"taxonomy":"product_brand","embeddable":true,"href":"https:\/\/www.moskito.cz\/fr\/wp-json\/wp\/v2\/product_brand?post=331691"},{"taxonomy":"product_cat","embeddable":true,"href":"https:\/\/www.moskito.cz\/fr\/wp-json\/wp\/v2\/product_cat?post=331691"},{"taxonomy":"product_tag","embeddable":true,"href":"https:\/\/www.moskito.cz\/fr\/wp-json\/wp\/v2\/product_tag?post=331691"}],"curies":[{"name":"wp","href":"https:\/\/api.w.org\/{rel}","templated":true}]}}