{"id":331850,"date":"2024-04-12T15:22:10","date_gmt":"2024-04-12T14:23:45","guid":{"rendered":"https:\/\/www.moskito.cz\/produkt\/couteau-de-fermeture-crkt-ceo-flipper-7097rx\/"},"modified":"2025-05-07T11:10:47","modified_gmt":"2025-05-07T10:10:47","slug":"couteau-de-fermeture-crkt-ceo-flipper-7097rx","status":"publish","type":"product","link":"https:\/\/www.moskito.cz\/fr\/produkt\/couteau-de-fermeture-crkt-ceo-flipper-7097rx\/","title":{"rendered":"Couteau de fermeture CRKT CEO Flipper 7097RX"},"content":{"rendered":"<p data-pm-slice=\"1 1 []\">\ud83d\udd2a <strong>pliant CRKT CEO Flipper 7097RX<\/strong><\/p>\n<p>Le couteau pliant \u00e9l\u00e9gant et pratique CRKT CEO Flipper 7097RX apporte le design \u00e9prouv\u00e9 de la populaire s\u00e9rie CEO dans une finition rouge \u00e9l\u00e9gante. Ce couteau a \u00e9t\u00e9 con\u00e7u pour un transport quotidien et combine un look minimaliste avec une fonctionnalit\u00e9 maximale. <\/p>\n<p>\ud83e\uddf7 <strong>Sp\u00e9cifications :<\/strong><\/p>\n<ul data-spread=\"false\">\n<li>Longueur totale : 190 mm<\/li>\n<li>Longueur de la lame : 79 mm<\/li>\n<li>\u00c9paisseur de la lame : 2,5 mm<\/li>\n<li>Poids : 60 g<\/li>\n<li>Mat\u00e9riau de la lame : 8Cr13MoV<\/li>\n<li>Duret\u00e9 de la lame : 58\u201360 HRC<\/li>\n<li>Finition de surface : Satin\u00e9e<\/li>\n<li>Forme de la lame : Drop Point<\/li>\n<li>Mat\u00e9riau du manche : Nylon renforc\u00e9 de verre (GRN)<\/li>\n<li>Couleur du manche : Rouge<\/li>\n<li>Ouverture : Flipper avec m\u00e9canisme \u00e0 roulement<\/li>\n<li>Verrouillage : Liner lock<\/li>\n<li>Clip de poche : Oui, r\u00e9versible (c\u00f4t\u00e9 droit\/gauche)<\/li>\n<\/ul>\n<p>\u2699\ufe0f <strong>Avantages :<\/strong><\/p>\n<ul data-spread=\"false\">\n<li>Compact et l\u00e9ger \u2013 id\u00e9al pour un transport quotidien (EDC)<\/li>\n<li>Superbe design \u2013 look \u00e9l\u00e9gant dans un environnement d&rsquo;entreprise ou urbain<\/li>\n<li>Le syst\u00e8me de flipper et de roulement permet une ouverture douce et rapide d&rsquo;une seule main<\/li>\n<li>Lame \u00e0 pointe tombante avec finition satin\u00e9e \u2013 excellentes performances de coupe et entretien facile<\/li>\n<li>Verrouillage robuste pour une utilisation en toute s\u00e9curit\u00e9<\/li>\n<\/ul>\n<p>\ud83e\uddfc <strong>Aff\u00fbtage et entretien :<\/strong> La lame en acier 8Cr13MoV peut \u00eatre facilement aff\u00fbt\u00e9e avec des syst\u00e8mes d&rsquo;aff\u00fbtage courants &#8211; nous recommandons des pierres \u00e0 eau ou des tiges en c\u00e9ramique. Pour que le m\u00e9canisme fonctionne correctement, nettoyez r\u00e9guli\u00e8rement le joint et ajoutez de temps en temps une goutte d&rsquo;huile. <\/p>\n<p>\ud83c\udfaf <strong>Utilisation et fonction :<\/strong> Le couteau est un choix id\u00e9al pour les professionnels qui souhaitent un outil discret mais \u00e9l\u00e9gant pour les t\u00e2ches quotidiennes. Il est parfait pour les environnements urbains, le bureau et les voyages. <\/p>\n<p>\ud83d\udce6 <strong>Contenu du colis :<\/strong><\/p>\n<ul data-spread=\"false\">\n<li>Flipper 7097RX, PDG de CRKT<\/li>\n<li>Bo\u00eete en papier \u00e9l\u00e9gante<\/li>\n<\/ul>\n<p>Conclusion <strong>:<\/strong> Vous souhaitez un couteau qui correspond \u00e0 votre style, l\u00e9ger comme une plume, mais capable de relever les d\u00e9fis du quotidien ? Le CRKT CEO Flipper 7097RX est exactement le partenaire qui ne vous g\u00eanera jamais, mais qui sera toujours \u00e0 port\u00e9e de main. Ajoutez \u00e0 votre collection une pi\u00e8ce \u00e9l\u00e9gante, pratique et \u00e0 ne surtout pas manquer. N&rsquo;h\u00e9sitez pas, le stock est limit\u00e9 !   <\/p>\n<p>&nbsp;<\/p>\n<p>&nbsp;<\/p>\n<p>&nbsp;<\/p>\n","protected":false},"excerpt":{"rendered":"<p><strong>Vous souhaitez un couteau qui correspond \u00e0 votre style, l\u00e9ger comme une plume, mais capable de relever les d\u00e9fis du quotidien ? Le CRKT CEO Flipper 7097RX est exactement le partenaire qui ne vous g\u00eanera jamais, mais qui sera toujours \u00e0 port\u00e9e de main. Ajoutez \u00e0 votre collection une pi\u00e8ce \u00e9l\u00e9gante, pratique et \u00e0 ne surtout pas manquer. N&rsquo;h\u00e9sitez pas, le stock est limit\u00e9 !   <\/strong><\/p>\n<p>&nbsp;<\/p>\n<p>&nbsp;<\/p>\n","protected":false},"featured_media":331792,"comment_status":"open","ping_status":"closed","template":"","meta":[],"pwb-brand":[3762],"product_brand":[],"product_cat":[3700,3696],"product_tag":[3754],"class_list":{"0":"post-331850","1":"product","2":"type-product","3":"status-publish","4":"has-post-thumbnail","6":"pwb-brand-crkt-fr","7":"product_cat-couteaux-de-fermeture","8":"product_cat-des-couteaux","9":"product_tag-b2b-fr","11":"first","12":"outofstock","13":"taxable","14":"shipping-taxable","15":"purchasable","16":"product-type-simple"},"brands":[{"id":3762,"name":"CRKT","slug":"crkt-fr"}],"_links":{"self":[{"href":"https:\/\/www.moskito.cz\/fr\/wp-json\/wp\/v2\/product\/331850","targetHints":{"allow":["GET"]}}],"collection":[{"href":"https:\/\/www.moskito.cz\/fr\/wp-json\/wp\/v2\/product"}],"about":[{"href":"https:\/\/www.moskito.cz\/fr\/wp-json\/wp\/v2\/types\/product"}],"replies":[{"embeddable":true,"href":"https:\/\/www.moskito.cz\/fr\/wp-json\/wp\/v2\/comments?post=331850"}],"wp:featuredmedia":[{"embeddable":true,"href":"https:\/\/www.moskito.cz\/fr\/wp-json\/wp\/v2\/media\/331792"}],"wp:attachment":[{"href":"https:\/\/www.moskito.cz\/fr\/wp-json\/wp\/v2\/media?parent=331850"}],"wp:term":[{"taxonomy":"pwb-brand","embeddable":true,"href":"https:\/\/www.moskito.cz\/fr\/wp-json\/wp\/v2\/pwb-brand?post=331850"},{"taxonomy":"product_brand","embeddable":true,"href":"https:\/\/www.moskito.cz\/fr\/wp-json\/wp\/v2\/product_brand?post=331850"},{"taxonomy":"product_cat","embeddable":true,"href":"https:\/\/www.moskito.cz\/fr\/wp-json\/wp\/v2\/product_cat?post=331850"},{"taxonomy":"product_tag","embeddable":true,"href":"https:\/\/www.moskito.cz\/fr\/wp-json\/wp\/v2\/product_tag?post=331850"}],"curies":[{"name":"wp","href":"https:\/\/api.w.org\/{rel}","templated":true}]}}