{"id":331986,"date":"2024-04-13T19:07:23","date_gmt":"2024-04-13T18:10:38","guid":{"rendered":"https:\/\/www.moskito.cz\/produkt\/couteau-de-fermeture-crkt-psd-ii-7910\/"},"modified":"2025-05-07T11:10:51","modified_gmt":"2025-05-07T10:10:51","slug":"couteau-de-fermeture-crkt-psd-ii-7910","status":"publish","type":"product","link":"https:\/\/www.moskito.cz\/fr\/produkt\/couteau-de-fermeture-crkt-psd-ii-7910\/","title":{"rendered":"Couteau de fermeture CRKT PSD II 7910"},"content":{"rendered":"<p>Couteau de fermeture <strong>CRKT<\/strong> PSD II 7910.<\/p>\n<p>Rapide, puissant, portable. Le PSD original de Jim Hammond doit son nom (Particule. S\u00e9paration. Dispositif.) \u00e0 sa capacit\u00e9 \u00e0 couper presque tout, n&rsquo;importe o\u00f9. Le PSD II apporte la m\u00eame capacit\u00e9 \u00e0 un couteau pliant plus petit et plus portable qui rase plus d&rsquo;un pouce sur la longueur totale. Vous trouverez toujours la lame r\u00e9sistante \u00e0 la corrosion et enti\u00e8rement r\u00e9versible et l&rsquo;ouverture assist\u00e9e avec roulements IKBS pour une utilisation rapide et facile d&rsquo;une seule main, mais maintenant dans un design am\u00e9lior\u00e9 pour un transport quotidien.<\/p>\n<p>Comment fonctionne l&rsquo;ouverture assist\u00e9e<\/p>\n<p>Il est maintenu solidement ferm\u00e9 dans la poche, mais lancez le d\u00e9ploiement et la lame s&rsquo;ouvre \u00e0 une vitesse impressionnante pour une ouverture facile et puissante d&rsquo;une seule main dans la section pivotante.<\/p>\n<p>Lame en acier AUS 10<br \/>\nBord de lame uni<br \/>\nFinition de surface de la lame EDP<br \/>\nLongueur de la lame : 7,69 cm<br \/>\nLongueur totale : 17,78 cm<br \/>\nLongueur ferm\u00e9 : 10,15 cm<br \/>\nPoids 3,60 onces. (102,06g)<br \/>\nMat\u00e9riau du manche G10<br \/>\nCouteau pliant \u00e9l\u00e9gant avec support Liner Lock<\/p>\n<p><iframe title=\"CRKT P.S.D.\u2122 II  I Jim Hammond Design\" width=\"800\" height=\"450\" src=\"https:\/\/www.youtube.com\/embed\/WqtSo-oNagU?feature=oembed\" frameborder=\"0\" allow=\"accelerometer; autoplay; clipboard-write; encrypted-media; gyroscope; picture-in-picture; web-share\" referrerpolicy=\"strict-origin-when-cross-origin\" allowfullscreen><\/iframe><\/p>\n<p>&nbsp;<\/p>\n","protected":false},"excerpt":{"rendered":"<p>DESIGNER<br \/>\nJim Hammond<br \/>\nBirmingham, Alabama<br \/>\nJim a \u00e9t\u00e9 le premier coupeur \u00e0 travailler avec CRKT\u00ae en 1994, mais avant cela, il avait plus de 17 ans d&rsquo;exp\u00e9rience sous la ceinture orn\u00e9e de lames. Apr\u00e8s avoir obtenu son dipl\u00f4me de Clemson en 1977, il a rapidement gravi les \u00e9chelons, se sp\u00e9cialisant dans les chasseurs tactiques militaires et de collection comme notre s\u00e9rie FE\u2122. Membre de la Knife Makers Guild depuis 1978, ses cr\u00e9ations \u2013 et ses swings de golf \u2013 sont synonymes de perfection, de go\u00fbt et de fonctionnalit\u00e9.<\/p>\n","protected":false},"featured_media":331933,"comment_status":"open","ping_status":"closed","template":"","meta":[],"pwb-brand":[3762],"product_brand":[],"product_cat":[3700,3696],"product_tag":[3754],"class_list":{"0":"post-331986","1":"product","2":"type-product","3":"status-publish","4":"has-post-thumbnail","6":"pwb-brand-crkt-fr","7":"product_cat-couteaux-de-fermeture","8":"product_cat-des-couteaux","9":"product_tag-b2b-fr","11":"first","12":"instock","13":"sale","14":"taxable","15":"shipping-taxable","16":"purchasable","17":"product-type-simple"},"brands":[{"id":3762,"name":"CRKT","slug":"crkt-fr"}],"_links":{"self":[{"href":"https:\/\/www.moskito.cz\/fr\/wp-json\/wp\/v2\/product\/331986","targetHints":{"allow":["GET"]}}],"collection":[{"href":"https:\/\/www.moskito.cz\/fr\/wp-json\/wp\/v2\/product"}],"about":[{"href":"https:\/\/www.moskito.cz\/fr\/wp-json\/wp\/v2\/types\/product"}],"replies":[{"embeddable":true,"href":"https:\/\/www.moskito.cz\/fr\/wp-json\/wp\/v2\/comments?post=331986"}],"wp:featuredmedia":[{"embeddable":true,"href":"https:\/\/www.moskito.cz\/fr\/wp-json\/wp\/v2\/media\/331933"}],"wp:attachment":[{"href":"https:\/\/www.moskito.cz\/fr\/wp-json\/wp\/v2\/media?parent=331986"}],"wp:term":[{"taxonomy":"pwb-brand","embeddable":true,"href":"https:\/\/www.moskito.cz\/fr\/wp-json\/wp\/v2\/pwb-brand?post=331986"},{"taxonomy":"product_brand","embeddable":true,"href":"https:\/\/www.moskito.cz\/fr\/wp-json\/wp\/v2\/product_brand?post=331986"},{"taxonomy":"product_cat","embeddable":true,"href":"https:\/\/www.moskito.cz\/fr\/wp-json\/wp\/v2\/product_cat?post=331986"},{"taxonomy":"product_tag","embeddable":true,"href":"https:\/\/www.moskito.cz\/fr\/wp-json\/wp\/v2\/product_tag?post=331986"}],"curies":[{"name":"wp","href":"https:\/\/api.w.org\/{rel}","templated":true}]}}