{"id":332281,"date":"2024-04-13T20:37:45","date_gmt":"2024-04-13T19:39:37","guid":{"rendered":"https:\/\/www.moskito.cz\/produkt\/couteau-pliant-crkt-carson-m4-02m\/"},"modified":"2025-05-07T11:10:56","modified_gmt":"2025-05-07T10:10:56","slug":"couteau-pliant-crkt-carson-m4-02m","status":"publish","type":"product","link":"https:\/\/www.moskito.cz\/fr\/produkt\/couteau-pliant-crkt-carson-m4-02m\/","title":{"rendered":"Couteau pliant CRKT Carson M4-02M"},"content":{"rendered":"<p>Couteau pliant <strong>CRKT<\/strong> Carson M4-02M.<\/p>\n<p>Kit Carson, coutelier personnalis\u00e9 et membre de la guilde des couteaux, est largement connu pour son design M16\u00ae, que nous proposons dans de nombreux mod\u00e8les de production CRKT. Mais depuis 1990, le mod\u00e8le personnalis\u00e9 le plus vendu de Kit est son M4 classique. Kit dit de sa mani\u00e8re modeste habituelle : \u00ab\u00a0Je suppose qu&rsquo;on pourrait dire que c&rsquo;est ma coutume phare. C&rsquo;est simple, avec une fonction de suivi de forme. Pas de gadgets qui semblent astucieux mais qui ne valent pas la peine d&rsquo;\u00eatre jet\u00e9s dans votre main. Cr\u00e9\u00e9 par Je suis nombreux des variantes, des objets de collection exotiques aux tactiques de travail, dans peut-\u00eatre 20 versions, mais j&rsquo;appelle de plus en plus \u00e0 la production de M4. \u00bb<\/p>\n<p>Cette ann\u00e9e, CRKT propose le design M4 dans une taille plus petite de kit de transport quotidien (EDC). Le M4-02M est livr\u00e9 avec des \u00e9cailles en fibres infus\u00e9es de r\u00e9sine blanche et des appuie-t\u00eates G10 noirs. C&rsquo;est un look tr\u00e8s \u00e9l\u00e9gant.<\/p>\n<p>Pendant que nous le concevions, nous avons d\u00e9cid\u00e9 d&rsquo;ajouter une valeur suppl\u00e9mentaire en proposant une ouverture brevet\u00e9e compatible OutBurst et un m\u00e9canisme de verrouillage classique. Cr\u00e9e une lame fixe virtuelle lorsqu&rsquo;elle est activ\u00e9e apr\u00e8s l&rsquo;ouverture et le verrouillage de la lame.<\/p>\n<p>Le m\u00e9canisme OutBurst ouvre instantan\u00e9ment compl\u00e8tement la lame apr\u00e8s avoir ouvert la lame d&rsquo;environ 30 degr\u00e9s. Les mod\u00e8les M4 sont dot\u00e9s de deux goupilles pour une ouverture ambidextre d&rsquo;une seule main et de roulements en bronze et en t\u00e9flon sur le pivot de lame r\u00e9glable pour une action fluide et rapide. La lame de 3,25\u00a0\u00bb est une pointe de meulage tr\u00e8s creuse en acier inoxydable 8Cr13MoV de qualit\u00e9 sup\u00e9rieure avec une surface microbill\u00e9e avec un bord tranchant comme un rasoir. La construction robuste InterFrame est fid\u00e8le \u00e0 la conception du kit, avec deux inserts en acier inoxydable, un verrouillage et une entretoise arri\u00e8re en acier inoxydable. Tous les mod\u00e8les M4 ont des clips de poche\/engrenage en hauteur.<\/p>\n<p>Vous avez donc ici un couteau EDC convivial qui tient naturellement dans la main pour toutes sortes de coupes et de sculptures. Comme le Kit, il est un peu modeste, mais c&rsquo;est un couteau sur lequel vous reviendrez ann\u00e9e apr\u00e8s ann\u00e9e.<\/p>\n<p>Caract\u00e9ristiques:<br \/>\nLongueur de la lame : 8,25 cm<br \/>\nLongueur du manche : 9,52 cm<br \/>\nLongueur totale : 17,78 cm<br \/>\nMat\u00e9riau de la lame : acier inoxydable 8Cr13MoV<br \/>\nStyle de lame&nbsp;:&nbsp;pointe de chute<br \/>\nTraitement de surface de la lame : satin\u00e9<br \/>\nMat\u00e9riau du manche&nbsp;: fibre impr\u00e9gn\u00e9e de r\u00e9sine blanche avec coussinets G10 noirs<br \/>\nM\u00e9canisme de verrouillage : Liner Lock<br \/>\nClip de poche&nbsp;: rabattable, \u00e0 porter \u00e0 droite<br \/>\nPoids : 3,30 onces. (93,55g)<br \/>\nCr\u00e9ateur&nbsp;:&nbsp;Kit Carson<br \/>\nOuverture assist\u00e9e par explosion<\/p>\n<p><iframe title=\"CRKT M4\u2122-02M | Kit Carson Design\" width=\"800\" height=\"450\" src=\"https:\/\/www.youtube.com\/embed\/Xs4asshwLgY?feature=oembed\" frameborder=\"0\" allow=\"accelerometer; autoplay; clipboard-write; encrypted-media; gyroscope; picture-in-picture; web-share\" referrerpolicy=\"strict-origin-when-cross-origin\" allowfullscreen><\/iframe><\/p>\n<p>&nbsp;<\/p>\n","protected":false},"excerpt":{"rendered":"<p>Vous avez ici un couteau EDC convivial qui tient naturellement dans la main pour toutes sortes de coupes et de sculptures. Comme le Kit, il est un peu modeste, mais c&rsquo;est un couteau sur lequel vous reviendrez ann\u00e9e apr\u00e8s ann\u00e9e.<\/p>\n","protected":false},"featured_media":332233,"comment_status":"open","ping_status":"closed","template":"","meta":[],"pwb-brand":[3762],"product_brand":[],"product_cat":[3700,3696],"product_tag":[3754],"class_list":{"0":"post-332281","1":"product","2":"type-product","3":"status-publish","4":"has-post-thumbnail","6":"pwb-brand-crkt-fr","7":"product_cat-couteaux-de-fermeture","8":"product_cat-des-couteaux","9":"product_tag-b2b-fr","11":"first","12":"outofstock","13":"taxable","14":"shipping-taxable","15":"purchasable","16":"product-type-simple"},"brands":[{"id":3762,"name":"CRKT","slug":"crkt-fr"}],"_links":{"self":[{"href":"https:\/\/www.moskito.cz\/fr\/wp-json\/wp\/v2\/product\/332281","targetHints":{"allow":["GET"]}}],"collection":[{"href":"https:\/\/www.moskito.cz\/fr\/wp-json\/wp\/v2\/product"}],"about":[{"href":"https:\/\/www.moskito.cz\/fr\/wp-json\/wp\/v2\/types\/product"}],"replies":[{"embeddable":true,"href":"https:\/\/www.moskito.cz\/fr\/wp-json\/wp\/v2\/comments?post=332281"}],"wp:featuredmedia":[{"embeddable":true,"href":"https:\/\/www.moskito.cz\/fr\/wp-json\/wp\/v2\/media\/332233"}],"wp:attachment":[{"href":"https:\/\/www.moskito.cz\/fr\/wp-json\/wp\/v2\/media?parent=332281"}],"wp:term":[{"taxonomy":"pwb-brand","embeddable":true,"href":"https:\/\/www.moskito.cz\/fr\/wp-json\/wp\/v2\/pwb-brand?post=332281"},{"taxonomy":"product_brand","embeddable":true,"href":"https:\/\/www.moskito.cz\/fr\/wp-json\/wp\/v2\/product_brand?post=332281"},{"taxonomy":"product_cat","embeddable":true,"href":"https:\/\/www.moskito.cz\/fr\/wp-json\/wp\/v2\/product_cat?post=332281"},{"taxonomy":"product_tag","embeddable":true,"href":"https:\/\/www.moskito.cz\/fr\/wp-json\/wp\/v2\/product_tag?post=332281"}],"curies":[{"name":"wp","href":"https:\/\/api.w.org\/{rel}","templated":true}]}}