{"id":332338,"date":"2024-04-13T20:54:49","date_gmt":"2024-04-13T19:56:19","guid":{"rendered":"https:\/\/www.moskito.cz\/produkt\/couteau-de-fermeture-crkt-6450d2\/"},"modified":"2025-05-07T11:10:57","modified_gmt":"2025-05-07T10:10:57","slug":"couteau-de-fermeture-crkt-6450d2","status":"publish","type":"product","link":"https:\/\/www.moskito.cz\/fr\/produkt\/couteau-de-fermeture-crkt-6450d2\/","title":{"rendered":"Couteau de fermeture CRKT 6450D2"},"content":{"rendered":"<p>Couteau de fermeture <strong>CRKT<\/strong> 6450D2.<\/p>\n<p>Ne d\u00e9viez jamais de votre cap.<\/p>\n<p>Comme le Drifter original pr\u00e9f\u00e9r\u00e9 des fans, ce couteau est un accessoire de tous les jours qui prendra votre travail et ne vous laissera pas tomber. D\u00e9sormais dot\u00e9 d&rsquo;une lame en acier D2, il pr\u00e9sente une adh\u00e9rence am\u00e9lior\u00e9e pour r\u00e9sister \u00e0 une usure \u00e0 long terme. Ajoutez \u00e0 cela un manche G10 r\u00e9sistant aux intemp\u00e9ries, une commande \u00e0 une main facile \u00e0 utiliser et un verrouillage d&rsquo;insertion solide, et vous obtenez un couteau bien arrondi, pr\u00eat pour une grande vari\u00e9t\u00e9 de t\u00e2ches.<\/p>\n<p>Caract\u00e9ristiques:<br \/>\nLongueur de la lame : 7,30 cm<br \/>\nLongueur ferm\u00e9 : 9,29 cm<br \/>\nLongueur totale : 16,51 cm<br \/>\nMat\u00e9riau de la lame : Acier \u00e0 outils D2<br \/>\nStyle de lame&nbsp;:&nbsp;pointe de chute<br \/>\nMeulage de la lame&nbsp;: creux<br \/>\nTraitement de surface de la lame : Stonewash<br \/>\nMat\u00e9riau du manche : G10 noir<br \/>\nM\u00e9canisme de verrouillage : Liner Lock<br \/>\nClip de poche&nbsp;: pointe vers le bas, usure \u00e0 droite<br \/>\nPoids : 2,40 onces. (68,04g)<\/p>\n<p><iframe title=\"CRKT Drifter Liner Lock\" width=\"800\" height=\"450\" src=\"https:\/\/www.youtube.com\/embed\/AYyOnaCyLQc?feature=oembed\" frameborder=\"0\" allow=\"accelerometer; autoplay; clipboard-write; encrypted-media; gyroscope; picture-in-picture; web-share\" referrerpolicy=\"strict-origin-when-cross-origin\" allowfullscreen><\/iframe><\/p>\n<p>&nbsp;<\/p>\n","protected":false},"excerpt":{"rendered":"<p>Comme le Drifter original pr\u00e9f\u00e9r\u00e9 des fans, ce couteau est un accessoire de tous les jours qui prendra votre travail et ne vous laissera pas tomber.<\/p>\n","protected":false},"featured_media":332290,"comment_status":"open","ping_status":"closed","template":"","meta":[],"pwb-brand":[3762],"product_brand":[],"product_cat":[3700,3696],"product_tag":[3754],"class_list":{"0":"post-332338","1":"product","2":"type-product","3":"status-publish","4":"has-post-thumbnail","6":"pwb-brand-crkt-fr","7":"product_cat-couteaux-de-fermeture","8":"product_cat-des-couteaux","9":"product_tag-b2b-fr","11":"first","12":"instock","13":"taxable","14":"shipping-taxable","15":"purchasable","16":"product-type-simple"},"brands":[{"id":3762,"name":"CRKT","slug":"crkt-fr"}],"_links":{"self":[{"href":"https:\/\/www.moskito.cz\/fr\/wp-json\/wp\/v2\/product\/332338","targetHints":{"allow":["GET"]}}],"collection":[{"href":"https:\/\/www.moskito.cz\/fr\/wp-json\/wp\/v2\/product"}],"about":[{"href":"https:\/\/www.moskito.cz\/fr\/wp-json\/wp\/v2\/types\/product"}],"replies":[{"embeddable":true,"href":"https:\/\/www.moskito.cz\/fr\/wp-json\/wp\/v2\/comments?post=332338"}],"wp:featuredmedia":[{"embeddable":true,"href":"https:\/\/www.moskito.cz\/fr\/wp-json\/wp\/v2\/media\/332290"}],"wp:attachment":[{"href":"https:\/\/www.moskito.cz\/fr\/wp-json\/wp\/v2\/media?parent=332338"}],"wp:term":[{"taxonomy":"pwb-brand","embeddable":true,"href":"https:\/\/www.moskito.cz\/fr\/wp-json\/wp\/v2\/pwb-brand?post=332338"},{"taxonomy":"product_brand","embeddable":true,"href":"https:\/\/www.moskito.cz\/fr\/wp-json\/wp\/v2\/product_brand?post=332338"},{"taxonomy":"product_cat","embeddable":true,"href":"https:\/\/www.moskito.cz\/fr\/wp-json\/wp\/v2\/product_cat?post=332338"},{"taxonomy":"product_tag","embeddable":true,"href":"https:\/\/www.moskito.cz\/fr\/wp-json\/wp\/v2\/product_tag?post=332338"}],"curies":[{"name":"wp","href":"https:\/\/api.w.org\/{rel}","templated":true}]}}