{"id":332402,"date":"2024-04-13T21:15:15","date_gmt":"2024-04-13T20:17:24","guid":{"rendered":"https:\/\/www.moskito.cz\/produkt\/couteau-de-fermeture-crkt-homefront-compact-k245bkp\/"},"modified":"2025-05-07T11:11:00","modified_gmt":"2025-05-07T10:11:00","slug":"couteau-de-fermeture-crkt-homefront-compact-k245bkp","status":"publish","type":"product","link":"https:\/\/www.moskito.cz\/fr\/produkt\/couteau-de-fermeture-crkt-homefront-compact-k245bkp\/","title":{"rendered":"Couteau de fermeture CRKT Homefront Compact K245BKP"},"content":{"rendered":"<p>Couteau de fermeture <strong>CRKT<\/strong> Homefront Compact K245BKP.<\/p>\n<p>Le look d&rsquo;un couteau classique de la Seconde Guerre mondiale avec la coupe et la finition d&rsquo;un favori des temps modernes.<\/p>\n<p>Version haut de gamme de l&rsquo;impressionnant original, le Homefront Compact de Ken Onion est un couteau pliant distingu\u00e9 dot\u00e9 d&rsquo;un liner lock. Il est dot\u00e9 d&rsquo;une lame \u00e0 point de chute plus courte en acier inoxydable CPM-S35VN de qualit\u00e9 sup\u00e9rieure et pr\u00e9sente des d\u00e9tails tels qu&rsquo;une ouverture d&rsquo;aileron traditionnelle sans assistance et un trou pour lani\u00e8re pour une personnalisation facile du pendentif. La lame noire avec rev\u00eatement DLC contrastant avec la poign\u00e9e l\u00e9g\u00e8re G10 donne \u00e0 ce sac de tous les jours un look accrocheur.<\/p>\n<p>Caract\u00e9ristiques:<br \/>\nLongueur de la lame : 7,34 cm<br \/>\nLongueur ferm\u00e9 : 9,76 cm<br \/>\nLongueur totale : 17,11 cm<br \/>\nMat\u00e9riau de la lame : acier inoxydable CPM-S35VN<br \/>\nStyle de lame&nbsp;:&nbsp;pointe de chute<br \/>\nFinition de la lame&nbsp;: DLC noir<br \/>\nMat\u00e9riau du manche : G10 avec supports en aluminium<br \/>\nM\u00e9canisme de verrouillage : Liner Lock<br \/>\nClip de poche&nbsp;: acier inoxydable (d\u00e9pliable, \u00e0 porter \u00e0 droite)<br \/>\nConcepteur&nbsp;: Ken Onion<br \/>\nPoids : 3,00 onces. (85,05g)<\/p>\n<p><iframe title=\"CRKT Homefront\u2122 Compact | Ken Onion Design\" width=\"800\" height=\"450\" src=\"https:\/\/www.youtube.com\/embed\/vnoEItMchdk?feature=oembed\" frameborder=\"0\" allow=\"accelerometer; autoplay; clipboard-write; encrypted-media; gyroscope; picture-in-picture; web-share\" referrerpolicy=\"strict-origin-when-cross-origin\" allowfullscreen><\/iframe><\/p>\n<p>&nbsp;<\/p>\n","protected":false},"excerpt":{"rendered":"<p>DESIGNER<br \/>\nKen Oignon<br \/>\nKaneohe, Hawa\u00ef<br \/>\nKen est la vraie affaire. Ken, le plus jeune intronis\u00e9 au Temple de la renomm\u00e9e du magazine Blade en 2008, est reconnu comme l&rsquo;un des cr\u00e9ateurs de couteaux les plus innovants et les plus performants de tous les temps. En 1996, il a cr\u00e9\u00e9 le premier m\u00e9canisme d&rsquo;ouverture assist\u00e9e \u00e0 succ\u00e8s commercial et a d\u00e9voil\u00e9 20 ans plus tard sa technologie prim\u00e9e Field Strip. Aujourd&rsquo;hui, cette innovation qui change le monde \u00e9tablit une nouvelle norme avec la technologie Field Strip Gen II, une renaissance qui doit \u00eatre \u00e0 la hauteur de son nom.<\/p>\n<p>Transports gratuits.<\/p>\n","protected":false},"featured_media":332348,"comment_status":"open","ping_status":"closed","template":"","meta":[],"pwb-brand":[3762],"product_brand":[],"product_cat":[3700,3696],"product_tag":[3754],"class_list":{"0":"post-332402","1":"product","2":"type-product","3":"status-publish","4":"has-post-thumbnail","6":"pwb-brand-crkt-fr","7":"product_cat-couteaux-de-fermeture","8":"product_cat-des-couteaux","9":"product_tag-b2b-fr","11":"first","12":"instock","13":"sale","14":"taxable","15":"shipping-taxable","16":"purchasable","17":"product-type-simple"},"brands":[{"id":3762,"name":"CRKT","slug":"crkt-fr"}],"_links":{"self":[{"href":"https:\/\/www.moskito.cz\/fr\/wp-json\/wp\/v2\/product\/332402","targetHints":{"allow":["GET"]}}],"collection":[{"href":"https:\/\/www.moskito.cz\/fr\/wp-json\/wp\/v2\/product"}],"about":[{"href":"https:\/\/www.moskito.cz\/fr\/wp-json\/wp\/v2\/types\/product"}],"replies":[{"embeddable":true,"href":"https:\/\/www.moskito.cz\/fr\/wp-json\/wp\/v2\/comments?post=332402"}],"wp:featuredmedia":[{"embeddable":true,"href":"https:\/\/www.moskito.cz\/fr\/wp-json\/wp\/v2\/media\/332348"}],"wp:attachment":[{"href":"https:\/\/www.moskito.cz\/fr\/wp-json\/wp\/v2\/media?parent=332402"}],"wp:term":[{"taxonomy":"pwb-brand","embeddable":true,"href":"https:\/\/www.moskito.cz\/fr\/wp-json\/wp\/v2\/pwb-brand?post=332402"},{"taxonomy":"product_brand","embeddable":true,"href":"https:\/\/www.moskito.cz\/fr\/wp-json\/wp\/v2\/product_brand?post=332402"},{"taxonomy":"product_cat","embeddable":true,"href":"https:\/\/www.moskito.cz\/fr\/wp-json\/wp\/v2\/product_cat?post=332402"},{"taxonomy":"product_tag","embeddable":true,"href":"https:\/\/www.moskito.cz\/fr\/wp-json\/wp\/v2\/product_tag?post=332402"}],"curies":[{"name":"wp","href":"https:\/\/api.w.org\/{rel}","templated":true}]}}