{"id":332754,"date":"2024-04-14T20:35:06","date_gmt":"2024-04-14T19:41:28","guid":{"rendered":"https:\/\/www.moskito.cz\/produkt\/couteau-de-fermeture-crkt-orca-7930\/"},"modified":"2025-05-07T11:11:11","modified_gmt":"2025-05-07T10:11:11","slug":"couteau-de-fermeture-crkt-orca-7930","status":"publish","type":"product","link":"https:\/\/www.moskito.cz\/fr\/produkt\/couteau-de-fermeture-crkt-orca-7930\/","title":{"rendered":"Couteau de fermeture CRKT Orca 7930"},"content":{"rendered":"<p>Couteau de fermeture <strong>CRKT<\/strong> Orca 7930<\/p>\n<div class=\"flex-1 overflow-hidden @container\/thread\">\n<div class=\"h-full\">\n<div class=\"react-scroll-to-bottom--css-quzxw-79elbk h-full\">\n<div class=\"react-scroll-to-bottom--css-quzxw-1n7m0yu\">\n<div class=\"flex flex-col text-sm md:pb-9\">\n<article class=\"w-full scroll-mb-[var(--thread-trailing-height,150px)] text-token-text-primary focus-visible:outline-2 focus-visible:outline-offset-[-4px]\" dir=\"auto\" data-testid=\"conversation-turn-173\" data-scroll-anchor=\"true\">\n<div class=\"m-auto text-base py-[18px] px-3 md:px-4 w-full md:px-5 lg:px-4 xl:px-5\">\n<div class=\"mx-auto flex flex-1 gap-4 text-base md:gap-5 lg:gap-6 md:max-w-3xl\">\n<div class=\"group\/conversation-turn relative flex w-full min-w-0 flex-col agent-turn\">\n<div class=\"flex-col gap-1 md:gap-3\">\n<div class=\"flex max-w-full flex-col flex-grow\">\n<div class=\"min-h-8 text-message flex w-full flex-col items-end gap-2 whitespace-normal break-words text-start [.text-message+&amp;]:mt-5\" dir=\"auto\" data-message-author-role=\"assistant\" data-message-id=\"4fbf0619-a580-43af-9370-fc51dbba6d4c\" data-message-model-slug=\"gpt-4o-mini\">\n<div class=\"flex w-full flex-col gap-1 empty:hidden first:pt-[3px]\">\n<div class=\"markdown prose w-full break-words dark:prose-invert light\">\n<p><strong>Le couteau pliant CRKT Orca 7930<\/strong> est <strong>un couteau compact, puissant et discret<\/strong> qui combine <strong>de superbes \u00e9l\u00e9ments de design<\/strong> avec des fonctionnalit\u00e9s pratiques. Con\u00e7u par Jim Hammond, <strong>l&rsquo;Orca<\/strong> s&rsquo;inspire de son animal marin pr\u00e9f\u00e9r\u00e9 &#8211; <strong>l&rsquo;\u00e9paulard<\/strong> &#8211; ce qui est clairement \u00e9vident dans la conception du couteau. Ce couteau se distingue non seulement par son apparence, mais aussi par sa fonctionnalit\u00e9, qui comprend <strong>une ouverture assist\u00e9e<\/strong> et <strong>une haute r\u00e9sistance des mat\u00e9riaux<\/strong> .  <\/p>\n<h3>Propri\u00e9t\u00e9s cl\u00e9s&nbsp;:<\/h3>\n<ul>\n<li><strong>Ouverture assist\u00e9e :<\/strong> Le couteau est \u00e9quip\u00e9 d&rsquo; <strong>une ouverture assist\u00e9e<\/strong> , ce qui signifie que la lame s&rsquo;ouvre rapidement et facilement d&rsquo;une seule main. <strong>Le pivot IKBS<\/strong> (IKBS \u2013 Ikoma Korth Bearing System) assure une ouverture en douceur m\u00eame avec un mouvement minimal.<\/li>\n<li><strong>Lame en acier \u00e0 outils D2 :<\/strong> l&rsquo;acier <strong>D2<\/strong> est un acier de haute qualit\u00e9 avec d&rsquo;excellentes propri\u00e9t\u00e9s de r\u00e9tention des bords, ce qui signifie que la lame reste tranchante pendant longtemps, m\u00eame en cas d&rsquo;utilisation intensive.<\/li>\n<li><strong>Conception compacte :<\/strong> avec <strong>une longueur de lame de 4,53 cm<\/strong> et <strong>une longueur totale de 11,84 cm,<\/strong> ce couteau est tr\u00e8s compact et facile \u00e0 transporter, ce qui le rend id\u00e9al pour un transport quotidien dans votre poche.<\/li>\n<li><strong>Poign\u00e9e ergonomique :<\/strong> La poign\u00e9e est fabriqu\u00e9e en <strong>nylon renforc\u00e9 de verre noir<\/strong> , ce qui garantit <strong>une r\u00e9sistance et une durabilit\u00e9 \u00e9lev\u00e9es<\/strong> , tout en \u00e9tant <strong>l\u00e9g\u00e8rement textur\u00e9e<\/strong> , ce qui offre une bonne prise en main.<\/li>\n<li><strong>Verrouillage s\u00e9curis\u00e9 :<\/strong> ce mod\u00e8le est dot\u00e9 <strong>du Liner Lock<\/strong> , un m\u00e9canisme de verrouillage qui garantit que la lame reste fermement en place lorsqu&rsquo;elle est ouverte et emp\u00eache toute fermeture accidentelle pendant l&rsquo;utilisation.<\/li>\n<li><strong>Clip de poche pratique :<\/strong> Le clip de poche permet un <strong>transport \u00e0 droite<\/strong> et un transport facile du couteau dans une poche ou \u00e0 la ceinture.<\/li>\n<\/ul>\n<h3>Caract\u00e9ristiques:<\/h3>\n<ul>\n<li><strong>Longueur de la lame :<\/strong> 4,53 cm<\/li>\n<li><strong>Longueur du manche :<\/strong> 7,55 cm<\/li>\n<li><strong>Longueur totale :<\/strong> 11,84 cm<\/li>\n<li><strong>Mat\u00e9riau de la lame :<\/strong> <strong>D2<\/strong> (acier \u00e0 outils)<\/li>\n<li><strong>Style de lame :<\/strong> <strong>Drop Point<\/strong><\/li>\n<li><strong>Traitement de surface de la lame :<\/strong> Satin\u00e9<\/li>\n<li><strong>Mat\u00e9riau du manche :<\/strong> Nylon noir renforc\u00e9 de verre<\/li>\n<li><strong>M\u00e9canisme de verrouillage :<\/strong> <strong>Liner Lock<\/strong><\/li>\n<li><strong>Clip de poche :<\/strong> rabattable, transport \u00e0 droite<\/li>\n<li><strong>Poids :<\/strong> 2,60 oz. (73,71g)<\/li>\n<li><strong>Concepteur :<\/strong> <strong>Jim Hammond<\/strong><\/li>\n<li><strong>Assistance pivot IKBS<\/strong> (pour une ouverture rapide et en douceur)<\/li>\n<\/ul>\n<h3>Utilisation appropri\u00e9e :<\/h3>\n<ul>\n<li><strong>Transport quotidien (EDC) :<\/strong> Sa petite taille le rend id\u00e9al pour un transport quotidien. Il peut \u00eatre tr\u00e8s utile pour <strong>ouvrir des enveloppes<\/strong> , <strong>r\u00e9soudre de petites t\u00e2ches<\/strong> ou <strong>effectuer des d\u00e9coupes mineures<\/strong> . <\/li>\n<li><strong>Utilisation au bureau :<\/strong> sa conception discr\u00e8te en forme de stylo en fait un excellent choix pour <strong>les environnements de bureau<\/strong> o\u00f9 vous ne voulez pas que le couteau soit trop visible.<\/li>\n<li><strong>Activit\u00e9s de plein air :<\/strong> Gr\u00e2ce \u00e0 sa taille compacte, il convient aux <strong>activit\u00e9s de plein air l\u00e9g\u00e8res<\/strong> o\u00f9 vous devez avoir un couteau petit mais puissant \u00e0 port\u00e9e de main.<\/li>\n<li><strong>Expression personnelle et objets de collection :<\/strong> c&rsquo;est \u00e9galement <strong>un couteau \u00e9l\u00e9gant<\/strong> pour les collectionneurs qui appr\u00e9cieront son design unique inspir\u00e9 des \u00e9paulards.<\/li>\n<\/ul>\n<h3>Design inspir\u00e9 de la nature :<\/h3>\n<p>Outre la fonctionnalit\u00e9, <strong>le design de l&rsquo;Orca<\/strong> s&rsquo;inspire de <strong>l&rsquo;\u00e9paulard<\/strong> (Orcinus orca), ce qui est \u00e9vident dans la courbure du manche et l&rsquo;apparence g\u00e9n\u00e9rale du couteau, qui rappelle les nageoires dorsales et pectorales de ce majestueux mammif\u00e8re marin. Ce couteau n&rsquo;est pas seulement un outil, mais aussi <strong>une pi\u00e8ce de design<\/strong> que vous pouvez emporter fi\u00e8rement avec vous partout. <\/p>\n<p><strong>Le CRKT Orca 7930<\/strong> est le choix id\u00e9al pour tous ceux qui recherchent <strong>un couteau compact mais puissant<\/strong> avec un excellent design et <strong>une ouverture assist\u00e9e<\/strong> qui trouvera facilement sa place dans leur \u00e9quipement quotidien.<\/p>\n<\/div>\n<\/div>\n<\/div>\n<\/div>\n<div class=\"mb-2 flex gap-3 empty:hidden -ml-2\">\n<div class=\"items-center justify-start rounded-xl p-1 flex\">\n<div class=\"flex items-center\"><\/div>\n<\/div>\n<\/div>\n<div class=\"pr-2 lg:pr-0\"><\/div>\n<div class=\"mt-3 w-full empty:hidden\">\n<div class=\"text-center\"><\/div>\n<\/div>\n<\/div>\n<div class=\"absolute\">\n<div class=\"flex items-center justify-center\"><\/div>\n<\/div>\n<\/div>\n<\/div>\n<\/div>\n<\/article>\n<\/div>\n<\/div>\n<\/div>\n<\/div>\n<\/div>\n<div class=\"md:pt-0 dark:border-white\/20 md:border-transparent md:dark:border-transparent w-full\">\n<div>\n<div class=\"m-auto text-base px-3 md:px-4 w-full md:px-5 lg:px-4 xl:px-5\">\n<div class=\"mx-auto flex flex-1 gap-4 text-base md:gap-5 lg:gap-6 md:max-w-3xl\">\n<div class=\"flex justify-center\"><\/div>\n<\/div>\n<\/div>\n<\/div>\n<\/div>\n<p>&nbsp;<\/p>\n<p><iframe title=\"CRKT Orca Assisted | Jim Hammond Design\" width=\"800\" height=\"450\" src=\"https:\/\/www.youtube.com\/embed\/WVN8A4kcy_A?feature=oembed\" frameborder=\"0\" allow=\"accelerometer; autoplay; clipboard-write; encrypted-media; gyroscope; picture-in-picture; web-share\" referrerpolicy=\"strict-origin-when-cross-origin\" allowfullscreen><\/iframe><\/p>\n<p>&nbsp;<\/p>\n","protected":false},"excerpt":{"rendered":"<div class=\"flex max-w-full flex-col flex-grow\">\n<div class=\"min-h-8 text-message flex w-full flex-col items-end gap-2 whitespace-normal break-words text-start [.text-message+&amp;]:mt-5\" dir=\"auto\" data-message-author-role=\"assistant\" data-message-id=\"4fbf0619-a580-43af-9370-fc51dbba6d4c\" data-message-model-slug=\"gpt-4o-mini\">\n<div class=\"flex w-full flex-col gap-1 empty:hidden first:pt-[3px]\">\n<div class=\"markdown prose w-full break-words dark:prose-invert light\">\n<p><strong>Le CRKT Orca 7930 est le choix id\u00e9al pour tous ceux qui recherchent un couteau compact mais puissant avec un excellent design et une ouverture assist\u00e9e qui trouvera facilement sa place dans leur \u00e9quipement quotidien.<\/strong><\/p>\n<\/div>\n<\/div>\n<\/div>\n<\/div>\n<div class=\"mb-2 flex gap-3 empty:hidden -ml-2\">\n<div class=\"items-center justify-start rounded-xl p-1 flex\">\n<div class=\"flex items-center\"><\/div>\n<\/div>\n<\/div>\n","protected":false},"featured_media":332706,"comment_status":"open","ping_status":"closed","template":"","meta":[],"pwb-brand":[3762],"product_brand":[],"product_cat":[3700,3696],"product_tag":[3754],"class_list":{"0":"post-332754","1":"product","2":"type-product","3":"status-publish","4":"has-post-thumbnail","6":"pwb-brand-crkt-fr","7":"product_cat-couteaux-de-fermeture","8":"product_cat-des-couteaux","9":"product_tag-b2b-fr","11":"first","12":"instock","13":"sale","14":"taxable","15":"shipping-taxable","16":"purchasable","17":"product-type-simple"},"brands":[{"id":3762,"name":"CRKT","slug":"crkt-fr"}],"_links":{"self":[{"href":"https:\/\/www.moskito.cz\/fr\/wp-json\/wp\/v2\/product\/332754","targetHints":{"allow":["GET"]}}],"collection":[{"href":"https:\/\/www.moskito.cz\/fr\/wp-json\/wp\/v2\/product"}],"about":[{"href":"https:\/\/www.moskito.cz\/fr\/wp-json\/wp\/v2\/types\/product"}],"replies":[{"embeddable":true,"href":"https:\/\/www.moskito.cz\/fr\/wp-json\/wp\/v2\/comments?post=332754"}],"wp:featuredmedia":[{"embeddable":true,"href":"https:\/\/www.moskito.cz\/fr\/wp-json\/wp\/v2\/media\/332706"}],"wp:attachment":[{"href":"https:\/\/www.moskito.cz\/fr\/wp-json\/wp\/v2\/media?parent=332754"}],"wp:term":[{"taxonomy":"pwb-brand","embeddable":true,"href":"https:\/\/www.moskito.cz\/fr\/wp-json\/wp\/v2\/pwb-brand?post=332754"},{"taxonomy":"product_brand","embeddable":true,"href":"https:\/\/www.moskito.cz\/fr\/wp-json\/wp\/v2\/product_brand?post=332754"},{"taxonomy":"product_cat","embeddable":true,"href":"https:\/\/www.moskito.cz\/fr\/wp-json\/wp\/v2\/product_cat?post=332754"},{"taxonomy":"product_tag","embeddable":true,"href":"https:\/\/www.moskito.cz\/fr\/wp-json\/wp\/v2\/product_tag?post=332754"}],"curies":[{"name":"wp","href":"https:\/\/api.w.org\/{rel}","templated":true}]}}