{"id":332826,"date":"2022-06-30T20:26:19","date_gmt":"2024-04-15T09:33:32","guid":{"rendered":"https:\/\/www.moskito.cz\/produkt\/couteau-de-fermeture-extrema-ratio-bf2-ct-noir\/"},"modified":"2025-05-07T11:11:13","modified_gmt":"2025-05-07T10:11:13","slug":"couteau-de-fermeture-extrema-ratio-bf2-ct-noir","status":"publish","type":"product","link":"https:\/\/www.moskito.cz\/fr\/produkt\/couteau-de-fermeture-extrema-ratio-bf2-ct-noir\/","title":{"rendered":"Couteau de fermeture Extrema Ratio BF2 CT NOIR"},"content":{"rendered":"<p>Couteau de fermeture <strong>Extrema Ratio<\/strong> BF2 CT NOIR<\/p>\n<p>Le BF2 est un mod\u00e8le \u00ab pleine grandeur \u00bb verrouillable particuli\u00e8rement adapt\u00e9 \u00e0 un usage professionnel par les op\u00e9rateurs militaires et policiers sur le terrain. La prise en main est ferme et confortable ; le fermoir, double face et enveloppant, devient un support utile et confortable pour le pouce en \u00ab\u00a0prise invers\u00e9e\u00a0\u00bb. Le manche est solide avec les surfaces r\u00e9duites caract\u00e9ristiques pour l&rsquo;engagement avec les \u00ab\u00a0goupilles\u00a0\u00bb d&rsquo;ouverture sans d\u00e9passer du profil du couteau ferm\u00e9. La lame, disponible en version drop ou tanto, pr\u00e9sente un bord plat et, comme le BF1, une pointe particuli\u00e8rement solide et durable. Le m\u00e9canisme de verrouillage de la lame est le LINER-LOCK test\u00e9, assist\u00e9 d&rsquo;un m\u00e9canisme de s\u00e9curit\u00e9 pour un fonctionnement manuel prot\u00e9g\u00e9 par un couvercle. Disponible en BF2 CT NOIR, BF2 CT NOIR BRUT, BF2 CT DESERT WARFARE, BF2 CT STONE WASHED, BF2 CD NOIR, BF2 CD NOIR BRUT<\/p>\n<p>POIDS G&nbsp;: 142<br \/>\nPOIDS OZ&nbsp;: 5<br \/>\nLONGUEUR DE LA LAME (MM): 87<br \/>\nLONGUEUR DE LA LAME (PO): 3,4<br \/>\nLONGUEUR TOTALE (MM): 213<br \/>\nLONGUEUR TOTALE (PO): 8,4<br \/>\n\u00c9PAISSEUR DE LA LAME (MM): 3<br \/>\n\u00c9PAISSEUR DE LA LAME (PO): 0,12<br \/>\nMAT\u00c9RIAU DE LA LAME&nbsp;: ACIER B\u00d6HLER N690 (58HRC)<br \/>\nTRAITEMENT DE SURFACE DU COUTEAU&nbsp;: BRUSTAGE MIL-C-13924<br \/>\nFL\u00c8CHE \u00c0 LAME&nbsp;: FIL PLAT<br \/>\nMAT\u00c9RIAU DE LA POIGN\u00c9E&nbsp;: ALUMINIUM ANODIS\u00c9 ANTICORRODAL<\/p>\n","protected":false},"excerpt":{"rendered":"<p>Bas\u00e9e \u00e0 Prato, en Italie , Extrema Ratio con\u00e7oit et fabrique des couteaux de combat, militaires, de cuisine, de chasse et tactiques de haute performance depuis 1997 et jouit d&rsquo;une r\u00e9putation de qualit\u00e9 sup\u00e9rieure sans \u00e9gal dans l&rsquo;industrie des couteaux militaires et tactiques. Transports gratuits.<\/p>\n","protected":false},"featured_media":332827,"comment_status":"open","ping_status":"closed","template":"","meta":[],"pwb-brand":[3767],"product_brand":[],"product_cat":[3700,3696],"product_tag":[3754],"class_list":{"0":"post-332826","1":"product","2":"type-product","3":"status-publish","4":"has-post-thumbnail","6":"pwb-brand-rapport-extreme","7":"product_cat-couteaux-de-fermeture","8":"product_cat-des-couteaux","9":"product_tag-b2b-fr","11":"first","12":"instock","13":"taxable","14":"shipping-taxable","15":"purchasable","16":"product-type-simple"},"brands":[{"id":3767,"name":"Rapport extr\u00eame","slug":"rapport-extreme"}],"_links":{"self":[{"href":"https:\/\/www.moskito.cz\/fr\/wp-json\/wp\/v2\/product\/332826","targetHints":{"allow":["GET"]}}],"collection":[{"href":"https:\/\/www.moskito.cz\/fr\/wp-json\/wp\/v2\/product"}],"about":[{"href":"https:\/\/www.moskito.cz\/fr\/wp-json\/wp\/v2\/types\/product"}],"replies":[{"embeddable":true,"href":"https:\/\/www.moskito.cz\/fr\/wp-json\/wp\/v2\/comments?post=332826"}],"wp:featuredmedia":[{"embeddable":true,"href":"https:\/\/www.moskito.cz\/fr\/wp-json\/wp\/v2\/media\/332827"}],"wp:attachment":[{"href":"https:\/\/www.moskito.cz\/fr\/wp-json\/wp\/v2\/media?parent=332826"}],"wp:term":[{"taxonomy":"pwb-brand","embeddable":true,"href":"https:\/\/www.moskito.cz\/fr\/wp-json\/wp\/v2\/pwb-brand?post=332826"},{"taxonomy":"product_brand","embeddable":true,"href":"https:\/\/www.moskito.cz\/fr\/wp-json\/wp\/v2\/product_brand?post=332826"},{"taxonomy":"product_cat","embeddable":true,"href":"https:\/\/www.moskito.cz\/fr\/wp-json\/wp\/v2\/product_cat?post=332826"},{"taxonomy":"product_tag","embeddable":true,"href":"https:\/\/www.moskito.cz\/fr\/wp-json\/wp\/v2\/product_tag?post=332826"}],"curies":[{"name":"wp","href":"https:\/\/api.w.org\/{rel}","templated":true}]}}